{"id":14066,"date":"2025-03-18T10:09:37","date_gmt":"2025-03-18T09:09:37","guid":{"rendered":"https:\/\/pmp-germany.de\/pmp-niemcy\/produkty\/pmp-individual\/"},"modified":"2025-05-13T17:41:43","modified_gmt":"2025-05-13T15:41:43","slug":"pmp-individual","status":"publish","type":"page","link":"https:\/\/pmp-germany.de\/pl\/pmp-niemcy\/produkty\/pmp-individual\/","title":{"rendered":"PMP Individual"},"content":{"rendered":"\t\t<div data-elementor-type=\"wp-page\" data-elementor-id=\"14066\" class=\"elementor elementor-14066 elementor-1106\" data-elementor-post-type=\"page\">\n\t\t\t\t<div class=\"elementor-element elementor-element-06ede57 e-con-full elementor-hidden-mobile e-flex e-con e-parent\" data-id=\"06ede57\" data-element_type=\"container\" data-settings=\"{&quot;background_background&quot;:&quot;classic&quot;,&quot;sticky&quot;:&quot;top&quot;,&quot;sticky_on&quot;:[&quot;desktop&quot;,&quot;tablet&quot;,&quot;mobile&quot;],&quot;sticky_offset&quot;:0,&quot;sticky_effects_offset&quot;:0,&quot;sticky_anchor_link_offset&quot;:0}\">\n\t\t<div class=\"elementor-element elementor-element-2da0181 e-con-full e-flex e-con e-child\" data-id=\"2da0181\" data-element_type=\"container\">\n\t\t\t\t<div class=\"elementor-element elementor-element-351bf23 elementor-widget elementor-widget-image\" data-id=\"351bf23\" data-element_type=\"widget\" data-widget_type=\"image.default\">\n\t\t\t\t<div class=\"elementor-widget-container\">\n\t\t\t\t\t\t\t\t\t\t\t\t\t\t\t\t<a href=\"\/pmp-germany\">\n\t\t\t\t\t\t\t<img decoding=\"async\" width=\"622\" height=\"162\" src=\"https:\/\/pmp-germany.de\/wp-content\/uploads\/2025\/02\/Bildschirmfoto-2025-02-14-um-13.52.32.png\" class=\"attachment-large size-large wp-image-7684\" alt=\"\" srcset=\"https:\/\/pmp-germany.de\/wp-content\/uploads\/2025\/02\/Bildschirmfoto-2025-02-14-um-13.52.32.png 622w, https:\/\/pmp-germany.de\/wp-content\/uploads\/2025\/02\/Bildschirmfoto-2025-02-14-um-13.52.32-300x78.png 300w\" sizes=\"(max-width: 622px) 100vw, 622px\" \/>\t\t\t\t\t\t\t\t<\/a>\n\t\t\t\t\t\t\t\t\t\t\t\t\t\t\t<\/div>\n\t\t\t\t<\/div>\n\t\t\t\t<\/div>\n\t\t<div class=\"elementor-element elementor-element-3fc8fc4 e-con-full e-flex e-con e-child\" data-id=\"3fc8fc4\" data-element_type=\"container\">\n\t\t\t\t<div class=\"elementor-element elementor-element-a353915 elementor-nav-menu__align-end ipx-nav-text elementor-nav-menu--dropdown-none elementor-widget elementor-widget-nav-menu\" data-id=\"a353915\" data-element_type=\"widget\" data-settings=\"{&quot;layout&quot;:&quot;horizontal&quot;,&quot;submenu_icon&quot;:{&quot;value&quot;:&quot;&lt;i class=\\&quot;fas fa-caret-down\\&quot;&gt;&lt;\\\/i&gt;&quot;,&quot;library&quot;:&quot;fa-solid&quot;}}\" data-widget_type=\"nav-menu.default\">\n\t\t\t\t<div class=\"elementor-widget-container\">\n\t\t\t\t\t\t\t\t<nav aria-label=\"Men\u00fc\" class=\"elementor-nav-menu--main elementor-nav-menu__container elementor-nav-menu--layout-horizontal e--pointer-none\">\n\t\t\t\t<ul id=\"menu-1-a353915\" class=\"elementor-nav-menu\"><li class=\"menu-item menu-item-type-post_type menu-item-object-page menu-item-14608\"><a href=\"https:\/\/pmp-germany.de\/pl\/pmp-niemcy\/produkty\/centa\/\" class=\"elementor-item\">CENTA<\/a><\/li>\n<li class=\"menu-item menu-item-type-post_type menu-item-object-page menu-item-14609\"><a href=\"https:\/\/pmp-germany.de\/pl\/pmp-niemcy\/produkty\/pmp-individual\/\" class=\"elementor-item\">PMP Individual<\/a><\/li>\n<li class=\"menu-item menu-item-type-post_type menu-item-object-page menu-item-14610\"><a href=\"https:\/\/pmp-germany.de\/pl\/pmp-niemcy\/produkty\/flender\/\" class=\"elementor-item\">FLENDER<\/a><\/li>\n<li class=\"menu-item menu-item-type-post_type menu-item-object-page menu-item-14611\"><a href=\"https:\/\/pmp-germany.de\/pl\/pmp-niemcy\/produkty\/reich\/\" class=\"elementor-item\">REICH<\/a><\/li>\n<li class=\"menu-item menu-item-type-post_type menu-item-object-page menu-item-14612\"><a href=\"https:\/\/pmp-germany.de\/pl\/pmp-niemcy\/produkty\/rw\/\" class=\"elementor-item\">R+W<\/a><\/li>\n<li class=\"menu-item menu-item-type-post_type menu-item-object-page menu-item-14613\"><a href=\"https:\/\/pmp-germany.de\/pl\/pmp-niemcy\/produkty\/stromag\/\" class=\"elementor-item\">STROMAG<\/a><\/li>\n<li class=\"menu-item menu-item-type-post_type menu-item-object-page menu-item-14637\"><a href=\"https:\/\/pmp-germany.de\/pl\/pmp-niemcy\/produkty\/vulkan\/\" class=\"elementor-item\">VULKAN<\/a><\/li>\n<\/ul>\t\t\t<\/nav>\n\t\t\t\t\t\t<nav class=\"elementor-nav-menu--dropdown elementor-nav-menu__container\" aria-hidden=\"true\">\n\t\t\t\t<ul id=\"menu-2-a353915\" class=\"elementor-nav-menu\"><li class=\"menu-item menu-item-type-post_type menu-item-object-page menu-item-14608\"><a href=\"https:\/\/pmp-germany.de\/pl\/pmp-niemcy\/produkty\/centa\/\" class=\"elementor-item\" tabindex=\"-1\">CENTA<\/a><\/li>\n<li class=\"menu-item menu-item-type-post_type menu-item-object-page menu-item-14609\"><a href=\"https:\/\/pmp-germany.de\/pl\/pmp-niemcy\/produkty\/pmp-individual\/\" class=\"elementor-item\" tabindex=\"-1\">PMP Individual<\/a><\/li>\n<li class=\"menu-item menu-item-type-post_type menu-item-object-page menu-item-14610\"><a href=\"https:\/\/pmp-germany.de\/pl\/pmp-niemcy\/produkty\/flender\/\" class=\"elementor-item\" tabindex=\"-1\">FLENDER<\/a><\/li>\n<li class=\"menu-item menu-item-type-post_type menu-item-object-page menu-item-14611\"><a href=\"https:\/\/pmp-germany.de\/pl\/pmp-niemcy\/produkty\/reich\/\" class=\"elementor-item\" tabindex=\"-1\">REICH<\/a><\/li>\n<li class=\"menu-item menu-item-type-post_type menu-item-object-page menu-item-14612\"><a href=\"https:\/\/pmp-germany.de\/pl\/pmp-niemcy\/produkty\/rw\/\" class=\"elementor-item\" tabindex=\"-1\">R+W<\/a><\/li>\n<li class=\"menu-item menu-item-type-post_type menu-item-object-page menu-item-14613\"><a href=\"https:\/\/pmp-germany.de\/pl\/pmp-niemcy\/produkty\/stromag\/\" class=\"elementor-item\" tabindex=\"-1\">STROMAG<\/a><\/li>\n<li class=\"menu-item menu-item-type-post_type menu-item-object-page menu-item-14637\"><a href=\"https:\/\/pmp-germany.de\/pl\/pmp-niemcy\/produkty\/vulkan\/\" class=\"elementor-item\" tabindex=\"-1\">VULKAN<\/a><\/li>\n<\/ul>\t\t\t<\/nav>\n\t\t\t\t\t\t<\/div>\n\t\t\t\t<\/div>\n\t\t\t\t<\/div>\n\t\t\t\t<\/div>\n\t\t<div class=\"elementor-element elementor-element-d692e59 e-flex e-con-boxed e-con e-parent\" data-id=\"d692e59\" data-element_type=\"container\">\n\t\t\t\t\t<div class=\"e-con-inner\">\n\t\t\t\t<div class=\"elementor-element elementor-element-af341af h2-strich-links2 elementor-widget__width-initial elementor-widget-mobile__width-initial elementor-widget elementor-widget-heading\" data-id=\"af341af\" data-element_type=\"widget\" data-widget_type=\"heading.default\">\n\t\t\t\t<div class=\"elementor-widget-container\">\n\t\t\t\t\t<h2 class=\"elementor-heading-title elementor-size-default\"><b>PMP Individual<\/b>\nCouplings<\/h2>\t\t\t\t<\/div>\n\t\t\t\t<\/div>\n\t\t\t\t\t<\/div>\n\t\t\t\t<\/div>\n\t\t<div class=\"elementor-element elementor-element-58f9946 e-flex e-con-boxed e-con e-parent\" data-id=\"58f9946\" data-element_type=\"container\">\n\t\t\t\t\t<div class=\"e-con-inner\">\n\t\t<div class=\"elementor-element elementor-element-8df2842 e-con-full e-flex e-con e-child\" data-id=\"8df2842\" data-element_type=\"container\">\n\t\t\t\t<div class=\"elementor-element elementor-element-0006f7a elementor-widget__width-initial elementor-widget elementor-widget-text-editor\" data-id=\"0006f7a\" data-element_type=\"widget\" data-widget_type=\"text-editor.default\">\n\t\t\t\t<div class=\"elementor-widget-container\">\n\t\t\t\t\t\t\t\t\t<p class=\"text-[12.8px] font-[300] leading-[20px] tracking-[.256px] lg:text-[16px] lg:font-[300] lg:leading-[24px] lg:tracking-[.32px] xl:text-[20px] xl:font-[300] xl:leading-[32px] xl:tracking-[.4px]\">Odpowiednie i prawid\u0142owo skonfigurowane lub zaprojektowane sprz\u0119g\u0142o to w\u0142a\u015bciwy element uk\u0142adanki dla danego zastosowania lub maszyny, kt\u00f3ry powinien i musi zapewni\u0107 ci\u0105g\u0142o\u015b\u0107 pracy. By\u0107 mo\u017ce zainstalowa\u0142e\u015b rozwi\u0105zanie sprz\u0119g\u0142a, kt\u00f3re robi to tylko w ograniczonym zakresie i dlatego musi by\u0107 wymieniane cz\u0119\u015bciej ni\u017c by\u0142oby to normalnie konieczne? A mo\u017ce masz nowy projekt lub sytuacj\u0119 monta\u017cow\u0105, dla kt\u00f3rej nale\u017cy zaprojektowa\u0107 i obliczy\u0107 odpowiednie sprz\u0119g\u0142o? Pod mark\u0105 PMP Individual znajdziemy dla Ciebie odpowiednie rozwi\u0105zanie i z pomoc\u0105 naszych wyszkolonych in\u017cynier\u00f3w i naszej rozleg\u0142ej sieci opracujemy dla Ciebie odpowiednie sprz\u0119g\u0142o. Mo\u017cemy na przyk\u0142ad pom\u00f3c w rekonfiguracji istniej\u0105cego sprz\u0119g\u0142a i dostosowaniu poszczeg\u00f3lnych komponent\u00f3w w celu uzyskania optymalnej wydajno\u015bci pracy lub mo\u017cemy wybra\u0107 ca\u0142kowicie nowy system sprz\u0119g\u0142a przy wsparciu klienta. Po wst\u0119pnej inspekcji\/ocenie indywidualnej sytuacji i warunk\u00f3w instalacji, projekt sprz\u0119g\u0142a opiera si\u0119 na obliczeniach drga\u0144 skr\u0119tnych (TVC) lub, w razie potrzeby, analizie drga\u0144 skr\u0119tnych (TVA).     <\/p><p class=\"text-[12.8px] font-[300] leading-[20px] tracking-[.256px] lg:text-[16px] lg:font-[300] lg:leading-[24px] lg:tracking-[.32px] xl:text-[20px] xl:font-[300] xl:leading-[32px] xl:tracking-[.4px]\">Obliczenia te mo\u017cna przeprowadzi\u0107 na podstawie danych, kt\u00f3re u\u017cytkownik przekazuje nam za pomoc\u0105 naszego kwestionariusza odpowiedniego dla danego obszaru zastosowania, a kt\u00f3re my odpowiednio przetwarzamy. (Wszystkie kwestionariusze dotycz\u0105ce projektu sprz\u0119g\u0142a mo\u017cna znale\u017a\u0107 w sekcji Pliki do pobrania). Ko\u0144cowa ocena jest udost\u0119pniana w po\u0142\u0105czeniu z rysunkiem sprz\u0119g\u0142a do sprawdzenia. Czy to na miejscu, telefonicznie\/e-mailowo, czy w naszej siedzibie, z niecierpliwo\u015bci\u0105 czekamy na wsparcie w tej kwestii i wsp\u00f3\u0142prac\u0119 z Tob\u0105 w celu opracowania rozwi\u0105zania nap\u0119dowego dla Ciebie.   <\/p>\t\t\t\t\t\t\t\t<\/div>\n\t\t\t\t<\/div>\n\t\t\t\t<\/div>\n\t\t<div class=\"elementor-element elementor-element-02286b1 e-con-full e-flex e-con e-child\" data-id=\"02286b1\" data-element_type=\"container\">\n\t\t\t\t<div class=\"elementor-element elementor-element-ba406b7 elementor-widget elementor-widget-image\" data-id=\"ba406b7\" data-element_type=\"widget\" data-widget_type=\"image.default\">\n\t\t\t\t<div class=\"elementor-widget-container\">\n\t\t\t\t\t\t\t\t\t\t\t\t\t\t\t<img decoding=\"async\" width=\"800\" height=\"176\" src=\"https:\/\/pmp-germany.de\/wp-content\/uploads\/2025\/05\/PMP_Logo_Individual_final-1024x225.png\" class=\"attachment-large size-large wp-image-11394\" alt=\"\" srcset=\"https:\/\/pmp-germany.de\/wp-content\/uploads\/2025\/05\/PMP_Logo_Individual_final-1024x225.png 1024w, https:\/\/pmp-germany.de\/wp-content\/uploads\/2025\/05\/PMP_Logo_Individual_final-300x66.png 300w, https:\/\/pmp-germany.de\/wp-content\/uploads\/2025\/05\/PMP_Logo_Individual_final-768x169.png 768w, https:\/\/pmp-germany.de\/wp-content\/uploads\/2025\/05\/PMP_Logo_Individual_final-1536x337.png 1536w, https:\/\/pmp-germany.de\/wp-content\/uploads\/2025\/05\/PMP_Logo_Individual_final-2048x450.png 2048w\" sizes=\"(max-width: 800px) 100vw, 800px\" \/>\t\t\t\t\t\t\t\t\t\t\t\t\t\t\t<\/div>\n\t\t\t\t<\/div>\n\t\t\t\t<\/div>\n\t\t\t\t\t<\/div>\n\t\t\t\t<\/div>\n\t\t<div class=\"elementor-element elementor-element-10c8872 e-flex e-con-boxed e-con e-parent\" data-id=\"10c8872\" data-element_type=\"container\">\n\t\t\t\t\t<div class=\"e-con-inner\">\n\t\t<div class=\"elementor-element elementor-element-dcb0cc6 e-con-full e-flex e-con e-child\" data-id=\"dcb0cc6\" data-element_type=\"container\">\n\t\t\t\t<div class=\"elementor-element elementor-element-1bb747a ipx-button-schwarz elementor-widget elementor-widget-button\" data-id=\"1bb747a\" data-element_type=\"widget\" data-widget_type=\"button.default\">\n\t\t\t\t<div class=\"elementor-widget-container\">\n\t\t\t\t\t\t\t\t\t<div class=\"elementor-button-wrapper\">\n\t\t\t\t\t<a class=\"elementor-button elementor-button-link elementor-size-sm\" href=\"\/kontakt\">\n\t\t\t\t\t\t<span class=\"elementor-button-content-wrapper\">\n\t\t\t\t\t\t<span class=\"elementor-button-icon\">\n\t\t\t\t<svg xmlns=\"http:\/\/www.w3.org\/2000\/svg\" fill=\"none\" height=\"24\" viewBox=\"0 0 24 24\" width=\"24\"><path d=\"M1 23L23 1M23 1H3.44444M23 1V20.5556\" stroke=\"currentColor\"><\/path><\/svg>\t\t\t<\/span>\n\t\t\t\t\t\t\t\t\t<span class=\"elementor-button-text\">Popro\u015b o wycen\u0119 ju\u017c teraz<\/span>\n\t\t\t\t\t<\/span>\n\t\t\t\t\t<\/a>\n\t\t\t\t<\/div>\n\t\t\t\t\t\t\t\t<\/div>\n\t\t\t\t<\/div>\n\t\t\t\t<\/div>\n\t\t\t\t\t<\/div>\n\t\t\t\t<\/div>\n\t\t\t\t<\/div>\n\t\t","protected":false},"excerpt":{"rendered":"<p>PMP Individual Couplings Odpowiednie i prawid\u0142owo skonfigurowane lub zaprojektowane sprz\u0119g\u0142o to w\u0142a\u015bciwy element uk\u0142adanki dla danego zastosowania lub maszyny, kt\u00f3ry powinien i musi zapewni\u0107 ci\u0105g\u0142o\u015b\u0107 pracy. By\u0107 mo\u017ce zainstalowa\u0142e\u015b rozwi\u0105zanie sprz\u0119g\u0142a, kt\u00f3re robi to tylko w ograniczonym zakresie i dlatego musi by\u0107 wymieniane cz\u0119\u015bciej ni\u017c by\u0142oby to normalnie konieczne? A mo\u017ce masz nowy projekt lub [&hellip;]<\/p>\n","protected":false},"author":1,"featured_media":0,"parent":11533,"menu_order":0,"comment_status":"closed","ping_status":"closed","template":"","meta":{"footnotes":""},"class_list":["post-14066","page","type-page","status-publish","hentry"],"yoast_head":"<!-- This site is optimized with the Yoast SEO plugin v25.3.1 - https:\/\/yoast.com\/wordpress\/plugins\/seo\/ -->\n<title>PMP Individual - PMP Germany | Kupplungen<\/title>\n<meta name=\"robots\" content=\"index, follow, max-snippet:-1, max-image-preview:large, max-video-preview:-1\" \/>\n<link rel=\"canonical\" href=\"https:\/\/pmp-germany.de\/pl\/pmp-niemcy\/produkty\/pmp-individual\/\" \/>\n<meta property=\"og:locale\" content=\"pl_PL\" \/>\n<meta property=\"og:type\" content=\"article\" \/>\n<meta property=\"og:title\" content=\"PMP Individual - PMP Germany | Kupplungen\" \/>\n<meta property=\"og:description\" content=\"PMP Individual Couplings Odpowiednie i prawid\u0142owo skonfigurowane lub zaprojektowane sprz\u0119g\u0142o to w\u0142a\u015bciwy element uk\u0142adanki dla danego zastosowania lub maszyny, kt\u00f3ry powinien i musi zapewni\u0107 ci\u0105g\u0142o\u015b\u0107 pracy. By\u0107 mo\u017ce zainstalowa\u0142e\u015b rozwi\u0105zanie sprz\u0119g\u0142a, kt\u00f3re robi to tylko w ograniczonym zakresie i dlatego musi by\u0107 wymieniane cz\u0119\u015bciej ni\u017c by\u0142oby to normalnie konieczne? A mo\u017ce masz nowy projekt lub [&hellip;]\" \/>\n<meta property=\"og:url\" content=\"https:\/\/pmp-germany.de\/pl\/pmp-niemcy\/produkty\/pmp-individual\/\" \/>\n<meta property=\"og:site_name\" content=\"PMP Germany | Kupplungen\" \/>\n<meta property=\"article:modified_time\" content=\"2025-05-13T15:41:43+00:00\" \/>\n<meta property=\"og:image\" content=\"http:\/\/pmp-germany.de\/wp-content\/uploads\/2025\/02\/Bildschirmfoto-2025-02-14-um-13.52.32.png\" \/>\n<meta name=\"twitter:card\" content=\"summary_large_image\" \/>\n<meta name=\"twitter:label1\" content=\"Szacowany czas czytania\" \/>\n\t<meta name=\"twitter:data1\" content=\"1 minuta\" \/>\n<script type=\"application\/ld+json\" class=\"yoast-schema-graph\">{\"@context\":\"https:\/\/schema.org\",\"@graph\":[{\"@type\":\"WebPage\",\"@id\":\"https:\/\/pmp-germany.de\/pl\/pmp-niemcy\/produkty\/pmp-individual\/\",\"url\":\"https:\/\/pmp-germany.de\/pl\/pmp-niemcy\/produkty\/pmp-individual\/\",\"name\":\"PMP Individual - PMP Germany | Kupplungen\",\"isPartOf\":{\"@id\":\"https:\/\/pmp-germany.de\/pl\/#website\"},\"primaryImageOfPage\":{\"@id\":\"https:\/\/pmp-germany.de\/pl\/pmp-niemcy\/produkty\/pmp-individual\/#primaryimage\"},\"image\":{\"@id\":\"https:\/\/pmp-germany.de\/pl\/pmp-niemcy\/produkty\/pmp-individual\/#primaryimage\"},\"thumbnailUrl\":\"http:\/\/pmp-germany.de\/wp-content\/uploads\/2025\/02\/Bildschirmfoto-2025-02-14-um-13.52.32.png\",\"datePublished\":\"2025-03-18T09:09:37+00:00\",\"dateModified\":\"2025-05-13T15:41:43+00:00\",\"breadcrumb\":{\"@id\":\"https:\/\/pmp-germany.de\/pl\/pmp-niemcy\/produkty\/pmp-individual\/#breadcrumb\"},\"inLanguage\":\"pl-PL\",\"potentialAction\":[{\"@type\":\"ReadAction\",\"target\":[\"https:\/\/pmp-germany.de\/pl\/pmp-niemcy\/produkty\/pmp-individual\/\"]}]},{\"@type\":\"ImageObject\",\"inLanguage\":\"pl-PL\",\"@id\":\"https:\/\/pmp-germany.de\/pl\/pmp-niemcy\/produkty\/pmp-individual\/#primaryimage\",\"url\":\"http:\/\/pmp-germany.de\/wp-content\/uploads\/2025\/02\/Bildschirmfoto-2025-02-14-um-13.52.32.png\",\"contentUrl\":\"http:\/\/pmp-germany.de\/wp-content\/uploads\/2025\/02\/Bildschirmfoto-2025-02-14-um-13.52.32.png\"},{\"@type\":\"BreadcrumbList\",\"@id\":\"https:\/\/pmp-germany.de\/pl\/pmp-niemcy\/produkty\/pmp-individual\/#breadcrumb\",\"itemListElement\":[{\"@type\":\"ListItem\",\"position\":1,\"name\":\"Startseite\",\"item\":\"https:\/\/pmp-germany.de\/pl\/\"},{\"@type\":\"ListItem\",\"position\":2,\"name\":\"PMP-Niemcy\",\"item\":\"https:\/\/pmp-germany.de\/pl\/pmp-germany\/\"},{\"@type\":\"ListItem\",\"position\":3,\"name\":\"produkty\",\"item\":\"https:\/\/pmp-germany.de\/pl\/pmp-germany\/products\/\"},{\"@type\":\"ListItem\",\"position\":4,\"name\":\"PMP Individual\"}]},{\"@type\":\"WebSite\",\"@id\":\"https:\/\/pmp-germany.de\/pl\/#website\",\"url\":\"https:\/\/pmp-germany.de\/pl\/\",\"name\":\"PMP Germany | Kupplungen\",\"description\":\"Wir liefern Kupplungen\",\"potentialAction\":[{\"@type\":\"SearchAction\",\"target\":{\"@type\":\"EntryPoint\",\"urlTemplate\":\"https:\/\/pmp-germany.de\/pl\/?s={search_term_string}\"},\"query-input\":{\"@type\":\"PropertyValueSpecification\",\"valueRequired\":true,\"valueName\":\"search_term_string\"}}],\"inLanguage\":\"pl-PL\"}]}<\/script>\n<!-- \/ Yoast SEO plugin. -->","yoast_head_json":{"title":"PMP Individual - PMP Germany | Kupplungen","robots":{"index":"index","follow":"follow","max-snippet":"max-snippet:-1","max-image-preview":"max-image-preview:large","max-video-preview":"max-video-preview:-1"},"canonical":"https:\/\/pmp-germany.de\/pl\/pmp-niemcy\/produkty\/pmp-individual\/","og_locale":"pl_PL","og_type":"article","og_title":"PMP Individual - PMP Germany | Kupplungen","og_description":"PMP Individual Couplings Odpowiednie i prawid\u0142owo skonfigurowane lub zaprojektowane sprz\u0119g\u0142o to w\u0142a\u015bciwy element uk\u0142adanki dla danego zastosowania lub maszyny, kt\u00f3ry powinien i musi zapewni\u0107 ci\u0105g\u0142o\u015b\u0107 pracy. By\u0107 mo\u017ce zainstalowa\u0142e\u015b rozwi\u0105zanie sprz\u0119g\u0142a, kt\u00f3re robi to tylko w ograniczonym zakresie i dlatego musi by\u0107 wymieniane cz\u0119\u015bciej ni\u017c by\u0142oby to normalnie konieczne? A mo\u017ce masz nowy projekt lub [&hellip;]","og_url":"https:\/\/pmp-germany.de\/pl\/pmp-niemcy\/produkty\/pmp-individual\/","og_site_name":"PMP Germany | Kupplungen","article_modified_time":"2025-05-13T15:41:43+00:00","og_image":[{"url":"http:\/\/pmp-germany.de\/wp-content\/uploads\/2025\/02\/Bildschirmfoto-2025-02-14-um-13.52.32.png","type":"","width":"","height":""}],"twitter_card":"summary_large_image","twitter_misc":{"Szacowany czas czytania":"1 minuta"},"schema":{"@context":"https:\/\/schema.org","@graph":[{"@type":"WebPage","@id":"https:\/\/pmp-germany.de\/pl\/pmp-niemcy\/produkty\/pmp-individual\/","url":"https:\/\/pmp-germany.de\/pl\/pmp-niemcy\/produkty\/pmp-individual\/","name":"PMP Individual - PMP Germany | Kupplungen","isPartOf":{"@id":"https:\/\/pmp-germany.de\/pl\/#website"},"primaryImageOfPage":{"@id":"https:\/\/pmp-germany.de\/pl\/pmp-niemcy\/produkty\/pmp-individual\/#primaryimage"},"image":{"@id":"https:\/\/pmp-germany.de\/pl\/pmp-niemcy\/produkty\/pmp-individual\/#primaryimage"},"thumbnailUrl":"http:\/\/pmp-germany.de\/wp-content\/uploads\/2025\/02\/Bildschirmfoto-2025-02-14-um-13.52.32.png","datePublished":"2025-03-18T09:09:37+00:00","dateModified":"2025-05-13T15:41:43+00:00","breadcrumb":{"@id":"https:\/\/pmp-germany.de\/pl\/pmp-niemcy\/produkty\/pmp-individual\/#breadcrumb"},"inLanguage":"pl-PL","potentialAction":[{"@type":"ReadAction","target":["https:\/\/pmp-germany.de\/pl\/pmp-niemcy\/produkty\/pmp-individual\/"]}]},{"@type":"ImageObject","inLanguage":"pl-PL","@id":"https:\/\/pmp-germany.de\/pl\/pmp-niemcy\/produkty\/pmp-individual\/#primaryimage","url":"http:\/\/pmp-germany.de\/wp-content\/uploads\/2025\/02\/Bildschirmfoto-2025-02-14-um-13.52.32.png","contentUrl":"http:\/\/pmp-germany.de\/wp-content\/uploads\/2025\/02\/Bildschirmfoto-2025-02-14-um-13.52.32.png"},{"@type":"BreadcrumbList","@id":"https:\/\/pmp-germany.de\/pl\/pmp-niemcy\/produkty\/pmp-individual\/#breadcrumb","itemListElement":[{"@type":"ListItem","position":1,"name":"Startseite","item":"https:\/\/pmp-germany.de\/pl\/"},{"@type":"ListItem","position":2,"name":"PMP-Niemcy","item":"https:\/\/pmp-germany.de\/pl\/pmp-germany\/"},{"@type":"ListItem","position":3,"name":"produkty","item":"https:\/\/pmp-germany.de\/pl\/pmp-germany\/products\/"},{"@type":"ListItem","position":4,"name":"PMP Individual"}]},{"@type":"WebSite","@id":"https:\/\/pmp-germany.de\/pl\/#website","url":"https:\/\/pmp-germany.de\/pl\/","name":"PMP Germany | Kupplungen","description":"Wir liefern Kupplungen","potentialAction":[{"@type":"SearchAction","target":{"@type":"EntryPoint","urlTemplate":"https:\/\/pmp-germany.de\/pl\/?s={search_term_string}"},"query-input":{"@type":"PropertyValueSpecification","valueRequired":true,"valueName":"search_term_string"}}],"inLanguage":"pl-PL"}]}},"_links":{"self":[{"href":"https:\/\/pmp-germany.de\/pl\/wp-json\/wp\/v2\/pages\/14066","targetHints":{"allow":["GET"]}}],"collection":[{"href":"https:\/\/pmp-germany.de\/pl\/wp-json\/wp\/v2\/pages"}],"about":[{"href":"https:\/\/pmp-germany.de\/pl\/wp-json\/wp\/v2\/types\/page"}],"author":[{"embeddable":true,"href":"https:\/\/pmp-germany.de\/pl\/wp-json\/wp\/v2\/users\/1"}],"replies":[{"embeddable":true,"href":"https:\/\/pmp-germany.de\/pl\/wp-json\/wp\/v2\/comments?post=14066"}],"version-history":[{"count":1,"href":"https:\/\/pmp-germany.de\/pl\/wp-json\/wp\/v2\/pages\/14066\/revisions"}],"predecessor-version":[{"id":14067,"href":"https:\/\/pmp-germany.de\/pl\/wp-json\/wp\/v2\/pages\/14066\/revisions\/14067"}],"up":[{"embeddable":true,"href":"https:\/\/pmp-germany.de\/pl\/wp-json\/wp\/v2\/pages\/11533"}],"wp:attachment":[{"href":"https:\/\/pmp-germany.de\/pl\/wp-json\/wp\/v2\/media?parent=14066"}],"curies":[{"name":"wp","href":"https:\/\/api.w.org\/{rel}","templated":true}]}}