{"id":11487,"date":"2025-02-17T11:12:01","date_gmt":"2025-02-17T10:12:01","guid":{"rendered":"https:\/\/pmp-germany.de\/energia-lejka\/"},"modified":"2025-05-13T15:21:36","modified_gmt":"2025-05-13T13:21:36","slug":"energia-lejka","status":"publish","type":"page","link":"https:\/\/pmp-germany.de\/pl\/energia-lejka\/","title":{"rendered":"Energia lejka"},"content":{"rendered":"\t\t<div data-elementor-type=\"wp-page\" data-elementor-id=\"11487\" class=\"elementor elementor-11487 elementor-261\" data-elementor-post-type=\"page\">\n\t\t\t\t<div class=\"elementor-element elementor-element-9ebc0c6 elementor-hidden-desktop elementor-hidden-tablet e-flex e-con-boxed e-con e-parent\" data-id=\"9ebc0c6\" data-element_type=\"container\">\n\t\t\t\t\t<div class=\"e-con-inner\">\n\t\t<div class=\"elementor-element elementor-element-04566e7 e-con-full e-flex e-con e-child\" data-id=\"04566e7\" data-element_type=\"container\" data-settings=\"{&quot;background_background&quot;:&quot;classic&quot;}\">\n\t\t\t\t<div class=\"elementor-element elementor-element-ce7fd4a ipx-konfi elementor-button-align-center elementor-widget elementor-widget-form\" data-id=\"ce7fd4a\" data-element_type=\"widget\" data-settings=\"{&quot;step_next_label&quot;:&quot;Dalej&quot;,&quot;step_previous_label&quot;:&quot;Powr\\u00f3t&quot;,&quot;step_type&quot;:&quot;none&quot;,&quot;step_icon_shape&quot;:&quot;none&quot;,&quot;button_width&quot;:&quot;100&quot;}\" data-widget_type=\"form.default\">\n\t\t\t\t<div class=\"elementor-widget-container\">\n\t\t\t\t\t\t\t<form class=\"elementor-form\" method=\"post\" name=\"cze\u015b\u0107\">\n\t\t\t<input type=\"hidden\" name=\"post_id\" value=\"11487\"\/>\n\t\t\t<input type=\"hidden\" name=\"form_id\" value=\"ce7fd4a\"\/>\n\t\t\t<input type=\"hidden\" name=\"referer_title\" value=\"Energia lejka - PMP Germany | Kupplungen\" \/>\n\n\t\t\t\t\t\t\t<input type=\"hidden\" name=\"queried_id\" value=\"11487\"\/>\n\t\t\t\n\t\t\t<div class=\"elementor-form-fields-wrapper elementor-labels-above\">\n\t\t\t\t\t\t\t\t<div class=\"elementor-field-type-step elementor-field-group elementor-column elementor-field-group-dede elementor-col-100\">\n\t\t\t\t\t\t\t<div class=\"e-field-step elementor-hidden\" data-label=\"\" data-previousButton=\"\" data-nextButton=\"Dalej\" data-iconUrl=\"\" data-iconLibrary=\"fas fa-angle-down\" data-icon=\"\" ><\/div>\n\n\t\t\t\t\t\t<\/div>\n\t\t\t\t\t\t\t\t<div class=\"elementor-field-type-html elementor-field-group elementor-column elementor-field-group-field_3dae7fd elementor-col-100\">\n\t\t\t\t\t<h2>Energia<\/h2><h1>Wybierz odpowiedni obszar zastosowania dla swojego sprz\u0119g\u0142a<\/h1>\t\t\t\t<\/div>\n\t\t\t\t\t\t\t\t<div class=\"elementor-field-type-radio elementor-field-group elementor-column elementor-field-group-TEST elementor-col-100 elementor-field-required\">\n\t\t\t\t\t<div class=\"elementor-field-subgroup  elementor-subgroup-inline\"><span class=\"elementor-field-option\"><input type=\"radio\" value=\"&lt;div class=&quot;ipx-option-content&quot; style=&quot;text-align:center;&quot;&gt; &lt;img src=&quot;\/wp-content\/uploads\/2025\/02\/G.png&quot; alt=&quot;Tak&quot;&gt;&lt;\/div&gt;\" id=\"form-field-TEST-0\" name=\"form_fields[TEST]\" required=\"required\"> <label for=\"form-field-TEST-0\"><div class=\"ipx-option-content\" style=\"text-align:center;\"> <img decoding=\"async\" src=\"\/wp-content\/uploads\/2025\/02\/G.png\" alt=\"Tak\"><\/div><\/label><\/span><span class=\"elementor-field-option\"><input type=\"radio\" value=\"&lt;div class=&quot;ipx-option-content&quot; style=&quot;text-align:center;&quot;&gt; &lt;img src=&quot;\/wp-content\/uploads\/2025\/02\/max-s.png&quot; alt=&quot;Nie&quot;&gt;&lt;\/div&gt;\" id=\"form-field-TEST-1\" name=\"form_fields[TEST]\" required=\"required\"> <label for=\"form-field-TEST-1\"><div class=\"ipx-option-content\" style=\"text-align:center;\"> <img decoding=\"async\" src=\"\/wp-content\/uploads\/2025\/02\/max-s.png\" alt=\"Nie\"><\/div><\/label><\/span><span class=\"elementor-field-option\"><input type=\"radio\" value=\"&lt;div class=&quot;ipx-option-content&quot; style=&quot;text-align:center;&quot;&gt; &lt;img src=&quot;\/wp-content\/uploads\/2025\/02\/E.png&quot; alt=&quot;Nie&quot;&gt;&lt;\/div&gt;\" id=\"form-field-TEST-2\" name=\"form_fields[TEST]\" required=\"required\"> <label for=\"form-field-TEST-2\"><div class=\"ipx-option-content\" style=\"text-align:center;\"> <img decoding=\"async\" src=\"\/wp-content\/uploads\/2025\/02\/E.png\" alt=\"Nie\"><\/div><\/label><\/span><span class=\"elementor-field-option\"><input type=\"radio\" value=\"&lt;div class=&quot;ipx-option-content&quot; style=&quot;text-align:center;&quot;&gt; &lt;img src=&quot;\/wp-content\/uploads\/2025\/02\/R.png&quot; alt=&quot;Nie&quot;&gt;&lt;\/div&gt;\" id=\"form-field-TEST-3\" name=\"form_fields[TEST]\" required=\"required\"> <label for=\"form-field-TEST-3\"><div class=\"ipx-option-content\" style=\"text-align:center;\"> <img decoding=\"async\" src=\"\/wp-content\/uploads\/2025\/02\/R.png\" alt=\"Nie\"><\/div><\/label><\/span><span class=\"elementor-field-option\"><input type=\"radio\" value=\"&lt;div class=&quot;ipx-option-content ipx-last&quot; style=&quot;text-align:center;&quot;&gt; &lt;img src=&quot;\/wp-content\/uploads\/2025\/02\/nicht-dabei.png&quot; alt=&quot;Nie&quot;&gt;&lt;\/div&gt;\" id=\"form-field-TEST-4\" name=\"form_fields[TEST]\" required=\"required\"> <label for=\"form-field-TEST-4\"><div class=\"ipx-option-content ipx-last\" style=\"text-align:center;\"> <img decoding=\"async\" src=\"\/wp-content\/uploads\/2025\/02\/nicht-dabei.png\" alt=\"Nie\"><\/div><\/label><\/span><\/div>\t\t\t\t<\/div>\n\t\t\t\t\t\t\t\t<div class=\"elementor-field-type-step elementor-field-group elementor-column elementor-field-group-dededed elementor-col-100\">\n\t\t\t\t\t\t\t<div class=\"e-field-step elementor-hidden\" data-label=\"\" data-previousButton=\"\" data-nextButton=\"\" data-iconUrl=\"\" data-iconLibrary=\"fas fa-star\" data-icon=\"\" ><\/div>\n\n\t\t\t\t\t\t<\/div>\n\t\t\t\t\t\t\t\t<div class=\"elementor-field-type-html elementor-field-group elementor-column elementor-field-group-field_b751789 elementor-col-100\">\n\t\t\t\t\t<h2>PMP-Niemcy<\/h2><h1>Kiedy chcesz otrzyma\u0107 sprz\u0119g\u0142o?<\/h1>\t\t\t\t<\/div>\n\t\t\t\t\t\t\t\t<div class=\"elementor-field-type-radio elementor-field-group elementor-column elementor-field-group-field_e441d2b elementor-col-100 elementor-field-required\">\n\t\t\t\t\t<div class=\"elementor-field-subgroup  elementor-subgroup-inline\"><span class=\"elementor-field-option\"><input type=\"radio\" value=\"&lt;div class=&quot;ipx-option-content&quot; style=&quot;text-align:center;&quot;&gt; &lt;img src=&quot;\/wp-content\/uploads\/2025\/02\/sofort.png&quot; alt=&quot;Tak&quot;&gt;&lt;\/div&gt;\" id=\"form-field-field_e441d2b-0\" name=\"form_fields[field_e441d2b]\" required=\"required\"> <label for=\"form-field-field_e441d2b-0\"><div class=\"ipx-option-content\" style=\"text-align:center;\"> <img decoding=\"async\" src=\"\/wp-content\/uploads\/2025\/02\/sofort.png\" alt=\"Tak\"><\/div><\/label><\/span><span class=\"elementor-field-option\"><input type=\"radio\" value=\"&lt;div class=&quot;ipx-option-content&quot; style=&quot;text-align:center;&quot;&gt; &lt;img src=&quot;\/wp-content\/uploads\/2025\/02\/1-2.png&quot; alt=&quot;Nie&quot;&gt;&lt;\/div&gt;\" id=\"form-field-field_e441d2b-1\" name=\"form_fields[field_e441d2b]\" required=\"required\"> <label for=\"form-field-field_e441d2b-1\"><div class=\"ipx-option-content\" style=\"text-align:center;\"> <img decoding=\"async\" src=\"\/wp-content\/uploads\/2025\/02\/1-2.png\" alt=\"Nie\"><\/div><\/label><\/span><span class=\"elementor-field-option\"><input type=\"radio\" value=\"&lt;div class=&quot;ipx-option-content&quot; style=&quot;text-align:center;&quot;&gt; &lt;img src=&quot;\/wp-content\/uploads\/2025\/02\/3-4.png&quot; alt=&quot;Nie&quot;&gt;&lt;\/div&gt;\" id=\"form-field-field_e441d2b-2\" name=\"form_fields[field_e441d2b]\" required=\"required\"> <label for=\"form-field-field_e441d2b-2\"><div class=\"ipx-option-content\" style=\"text-align:center;\"> <img decoding=\"async\" src=\"\/wp-content\/uploads\/2025\/02\/3-4.png\" alt=\"Nie\"><\/div><\/label><\/span><span class=\"elementor-field-option\"><input type=\"radio\" value=\"&lt;div class=&quot;ipx-option-content&quot; style=&quot;text-align:center;&quot;&gt; &lt;img src=&quot;\/wp-content\/uploads\/2025\/02\/unbekannt.png&quot; alt=&quot;Nie&quot;&gt;&lt;\/div&gt;\" id=\"form-field-field_e441d2b-3\" name=\"form_fields[field_e441d2b]\" required=\"required\"> <label for=\"form-field-field_e441d2b-3\"><div class=\"ipx-option-content\" style=\"text-align:center;\"> <img decoding=\"async\" src=\"\/wp-content\/uploads\/2025\/02\/unbekannt.png\" alt=\"Nie\"><\/div><\/label><\/span><\/div>\t\t\t\t<\/div>\n\t\t\t\t\t\t\t\t<div class=\"elementor-field-type-step elementor-field-group elementor-column elementor-field-group-field_4764782 elementor-col-100\">\n\t\t\t\t\t\t\t<div class=\"e-field-step elementor-hidden\" data-label=\"\" data-previousButton=\"\" data-nextButton=\"\" data-iconUrl=\"\" data-iconLibrary=\"fas fa-star\" data-icon=\"\" ><\/div>\n\n\t\t\t\t\t\t<\/div>\n\t\t\t\t\t\t\t\t<div class=\"elementor-field-type-html elementor-field-group elementor-column elementor-field-group-field_5bc0135 elementor-col-100\">\n\t\t\t\t\t<h2>PMP-Niemcy<\/h2><h1>Informacje kontaktowe<\/h1>\t\t\t\t<\/div>\n\t\t\t\t\t\t\t\t<div class=\"elementor-field-type-text elementor-field-group elementor-column elementor-field-group-firma elementor-col-100\">\n\t\t\t\t\t\t\t\t\t\t\t\t<label for=\"form-field-firma\" class=\"elementor-field-label\">\n\t\t\t\t\t\t\t\tFirma\t\t\t\t\t\t\t<\/label>\n\t\t\t\t\t\t\t\t\t\t\t\t\t\t<input size=\"1\" type=\"text\" name=\"form_fields[firma]\" id=\"form-field-firma\" class=\"elementor-field elementor-size-md  elementor-field-textual\" placeholder=\"Firma\">\n\t\t\t\t\t\t\t\t\t\t\t<\/div>\n\t\t\t\t\t\t\t\t<div class=\"elementor-field-type-text elementor-field-group elementor-column elementor-field-group-vorundnachname elementor-col-50 elementor-field-required\">\n\t\t\t\t\t\t\t\t\t\t\t\t<label for=\"form-field-vorundnachname\" class=\"elementor-field-label\">\n\t\t\t\t\t\t\t\tImi\u0119 i nazwisko\t\t\t\t\t\t\t<\/label>\n\t\t\t\t\t\t\t\t\t\t\t\t\t\t<input size=\"1\" type=\"text\" name=\"form_fields[vorundnachname]\" id=\"form-field-vorundnachname\" class=\"elementor-field elementor-size-md  elementor-field-textual\" placeholder=\"Imi\u0119 i nazwisko\" required=\"required\">\n\t\t\t\t\t\t\t\t\t\t\t<\/div>\n\t\t\t\t\t\t\t\t<div class=\"elementor-field-type-email elementor-field-group elementor-column elementor-field-group-email elementor-col-50 elementor-field-required\">\n\t\t\t\t\t\t\t\t\t\t\t\t<label for=\"form-field-email\" class=\"elementor-field-label\">\n\t\t\t\t\t\t\t\te-mail\t\t\t\t\t\t\t<\/label>\n\t\t\t\t\t\t\t\t\t\t\t\t\t\t<input size=\"1\" type=\"email\" name=\"form_fields[email]\" id=\"form-field-email\" class=\"elementor-field elementor-size-md  elementor-field-textual\" placeholder=\"e-mail\" required=\"required\">\n\t\t\t\t\t\t\t\t\t\t\t<\/div>\n\t\t\t\t\t\t\t\t<div class=\"elementor-field-type-tel elementor-field-group elementor-column elementor-field-group-telefon elementor-col-100\">\n\t\t\t\t\t\t\t\t\t\t\t\t<label for=\"form-field-telefon\" class=\"elementor-field-label\">\n\t\t\t\t\t\t\t\tTelefon\t\t\t\t\t\t\t<\/label>\n\t\t\t\t\t\t\t\t<input size=\"1\" type=\"tel\" name=\"form_fields[telefon]\" id=\"form-field-telefon\" class=\"elementor-field elementor-size-md  elementor-field-textual\" placeholder=\"Telefon\" pattern=\"[0-9()#&amp;+*-=.]+\" title=\"Akceptowane s\u0105 jedynie cyfry i znaki telefoniczne (#,-,*).\">\n\n\t\t\t\t\t\t<\/div>\n\t\t\t\t\t\t\t\t<div class=\"elementor-field-type-acceptance elementor-field-group elementor-column elementor-field-group-field_a6a7937 elementor-col-100 elementor-field-required\">\n\t\t\t\t\t\t\t\t\t\t\t\t<label for=\"form-field-field_a6a7937\" class=\"elementor-field-label\">\n\t\t\t\t\t\t\t\tTelefon\t\t\t\t\t\t\t<\/label>\n\t\t\t\t\t\t\t\t<div class=\"elementor-field-subgroup\">\n\t\t\t<span class=\"elementor-field-option\">\n\t\t\t\t<input type=\"checkbox\" name=\"form_fields[field_a6a7937]\" id=\"form-field-field_a6a7937\" class=\"elementor-field elementor-size-md  elementor-acceptance-field\" required=\"required\">\n\t\t\t\t<label for=\"form-field-field_a6a7937\">Akceptuj\u0119 polityk\u0119 prywatno\u015bci<\/label>\t\t\t<\/span>\n\t\t<\/div>\n\t\t\t\t\t\t<\/div>\n\t\t\t\t\t\t\t\t<div class=\"elementor-field-group elementor-column elementor-field-type-submit elementor-col-100 e-form__buttons\">\n\t\t\t\t\t<button class=\"elementor-button elementor-size-sm\" type=\"submit\">\n\t\t\t\t\t\t<span class=\"elementor-button-content-wrapper\">\n\t\t\t\t\t\t\t\t\t\t\t\t\t\t\t\t\t\t\t\t\t\t<span class=\"elementor-button-text\">Wy\u015blij teraz<\/span>\n\t\t\t\t\t\t\t\t\t\t\t\t\t<\/span>\n\t\t\t\t\t<\/button>\n\t\t\t\t<\/div>\n\t\t\t<\/div>\n\t\t<\/form>\n\t\t\t\t\t\t<\/div>\n\t\t\t\t<\/div>\n\t\t\t\t<\/div>\n\t\t\t\t\t<\/div>\n\t\t\t\t<\/div>\n\t\t\t\t<\/div>\n\t\t","protected":false},"excerpt":{"rendered":"","protected":false},"author":1,"featured_media":0,"parent":0,"menu_order":0,"comment_status":"closed","ping_status":"closed","template":"","meta":{"footnotes":""},"class_list":["post-11487","page","type-page","status-publish","hentry"],"yoast_head":"<!-- This site is optimized with the Yoast SEO plugin v25.3.1 - https:\/\/yoast.com\/wordpress\/plugins\/seo\/ -->\n<title>Energia lejka - PMP Germany | Kupplungen<\/title>\n<meta name=\"robots\" content=\"index, follow, max-snippet:-1, max-image-preview:large, max-video-preview:-1\" \/>\n<link rel=\"canonical\" href=\"https:\/\/pmp-germany.de\/pl\/energia-lejka\/\" \/>\n<meta property=\"og:locale\" content=\"pl_PL\" \/>\n<meta property=\"og:type\" content=\"article\" \/>\n<meta property=\"og:title\" content=\"Energia lejka - PMP Germany | Kupplungen\" \/>\n<meta property=\"og:url\" content=\"https:\/\/pmp-germany.de\/pl\/energia-lejka\/\" \/>\n<meta property=\"og:site_name\" content=\"PMP Germany | Kupplungen\" \/>\n<meta property=\"article:modified_time\" content=\"2025-05-13T13:21:36+00:00\" \/>\n<meta name=\"twitter:card\" content=\"summary_large_image\" \/>\n<script type=\"application\/ld+json\" class=\"yoast-schema-graph\">{\"@context\":\"https:\/\/schema.org\",\"@graph\":[{\"@type\":\"WebPage\",\"@id\":\"https:\/\/pmp-germany.de\/pl\/energia-lejka\/\",\"url\":\"https:\/\/pmp-germany.de\/pl\/energia-lejka\/\",\"name\":\"Energia lejka - PMP Germany | Kupplungen\",\"isPartOf\":{\"@id\":\"https:\/\/pmp-germany.de\/pl\/#website\"},\"datePublished\":\"2025-02-17T10:12:01+00:00\",\"dateModified\":\"2025-05-13T13:21:36+00:00\",\"breadcrumb\":{\"@id\":\"https:\/\/pmp-germany.de\/pl\/energia-lejka\/#breadcrumb\"},\"inLanguage\":\"pl-PL\",\"potentialAction\":[{\"@type\":\"ReadAction\",\"target\":[\"https:\/\/pmp-germany.de\/pl\/energia-lejka\/\"]}]},{\"@type\":\"BreadcrumbList\",\"@id\":\"https:\/\/pmp-germany.de\/pl\/energia-lejka\/#breadcrumb\",\"itemListElement\":[{\"@type\":\"ListItem\",\"position\":1,\"name\":\"Startseite\",\"item\":\"https:\/\/pmp-germany.de\/pl\/\"},{\"@type\":\"ListItem\",\"position\":2,\"name\":\"Energia lejka\"}]},{\"@type\":\"WebSite\",\"@id\":\"https:\/\/pmp-germany.de\/pl\/#website\",\"url\":\"https:\/\/pmp-germany.de\/pl\/\",\"name\":\"PMP Germany | Kupplungen\",\"description\":\"Wir liefern Kupplungen\",\"potentialAction\":[{\"@type\":\"SearchAction\",\"target\":{\"@type\":\"EntryPoint\",\"urlTemplate\":\"https:\/\/pmp-germany.de\/pl\/?s={search_term_string}\"},\"query-input\":{\"@type\":\"PropertyValueSpecification\",\"valueRequired\":true,\"valueName\":\"search_term_string\"}}],\"inLanguage\":\"pl-PL\"}]}<\/script>\n<!-- \/ Yoast SEO plugin. -->","yoast_head_json":{"title":"Energia lejka - PMP Germany | Kupplungen","robots":{"index":"index","follow":"follow","max-snippet":"max-snippet:-1","max-image-preview":"max-image-preview:large","max-video-preview":"max-video-preview:-1"},"canonical":"https:\/\/pmp-germany.de\/pl\/energia-lejka\/","og_locale":"pl_PL","og_type":"article","og_title":"Energia lejka - PMP Germany | Kupplungen","og_url":"https:\/\/pmp-germany.de\/pl\/energia-lejka\/","og_site_name":"PMP Germany | Kupplungen","article_modified_time":"2025-05-13T13:21:36+00:00","twitter_card":"summary_large_image","schema":{"@context":"https:\/\/schema.org","@graph":[{"@type":"WebPage","@id":"https:\/\/pmp-germany.de\/pl\/energia-lejka\/","url":"https:\/\/pmp-germany.de\/pl\/energia-lejka\/","name":"Energia lejka - PMP Germany | Kupplungen","isPartOf":{"@id":"https:\/\/pmp-germany.de\/pl\/#website"},"datePublished":"2025-02-17T10:12:01+00:00","dateModified":"2025-05-13T13:21:36+00:00","breadcrumb":{"@id":"https:\/\/pmp-germany.de\/pl\/energia-lejka\/#breadcrumb"},"inLanguage":"pl-PL","potentialAction":[{"@type":"ReadAction","target":["https:\/\/pmp-germany.de\/pl\/energia-lejka\/"]}]},{"@type":"BreadcrumbList","@id":"https:\/\/pmp-germany.de\/pl\/energia-lejka\/#breadcrumb","itemListElement":[{"@type":"ListItem","position":1,"name":"Startseite","item":"https:\/\/pmp-germany.de\/pl\/"},{"@type":"ListItem","position":2,"name":"Energia lejka"}]},{"@type":"WebSite","@id":"https:\/\/pmp-germany.de\/pl\/#website","url":"https:\/\/pmp-germany.de\/pl\/","name":"PMP Germany | Kupplungen","description":"Wir liefern Kupplungen","potentialAction":[{"@type":"SearchAction","target":{"@type":"EntryPoint","urlTemplate":"https:\/\/pmp-germany.de\/pl\/?s={search_term_string}"},"query-input":{"@type":"PropertyValueSpecification","valueRequired":true,"valueName":"search_term_string"}}],"inLanguage":"pl-PL"}]}},"_links":{"self":[{"href":"https:\/\/pmp-germany.de\/pl\/wp-json\/wp\/v2\/pages\/11487","targetHints":{"allow":["GET"]}}],"collection":[{"href":"https:\/\/pmp-germany.de\/pl\/wp-json\/wp\/v2\/pages"}],"about":[{"href":"https:\/\/pmp-germany.de\/pl\/wp-json\/wp\/v2\/types\/page"}],"author":[{"embeddable":true,"href":"https:\/\/pmp-germany.de\/pl\/wp-json\/wp\/v2\/users\/1"}],"replies":[{"embeddable":true,"href":"https:\/\/pmp-germany.de\/pl\/wp-json\/wp\/v2\/comments?post=11487"}],"version-history":[{"count":1,"href":"https:\/\/pmp-germany.de\/pl\/wp-json\/wp\/v2\/pages\/11487\/revisions"}],"predecessor-version":[{"id":11488,"href":"https:\/\/pmp-germany.de\/pl\/wp-json\/wp\/v2\/pages\/11487\/revisions\/11488"}],"wp:attachment":[{"href":"https:\/\/pmp-germany.de\/pl\/wp-json\/wp\/v2\/media?parent=11487"}],"curies":[{"name":"wp","href":"https:\/\/api.w.org\/{rel}","templated":true}]}}