{"id":11485,"date":"2025-02-20T10:26:52","date_gmt":"2025-02-20T09:26:52","guid":{"rendered":"https:\/\/pmp-germany.de\/nadruk\/"},"modified":"2025-05-13T15:21:37","modified_gmt":"2025-05-13T13:21:37","slug":"nadruk","status":"publish","type":"page","link":"https:\/\/pmp-germany.de\/pl\/nadruk\/","title":{"rendered":"Nadruk"},"content":{"rendered":"\t\t<div data-elementor-type=\"wp-page\" data-elementor-id=\"11485\" class=\"elementor elementor-11485 elementor-420\" data-elementor-post-type=\"page\">\n\t\t\t\t<div class=\"elementor-element elementor-element-617c068 e-con-full elementor-hidden-mobile e-flex e-con e-parent\" data-id=\"617c068\" data-element_type=\"container\" data-settings=\"{&quot;background_background&quot;:&quot;classic&quot;,&quot;sticky&quot;:&quot;top&quot;,&quot;sticky_on&quot;:[&quot;desktop&quot;,&quot;tablet&quot;,&quot;mobile&quot;],&quot;sticky_offset&quot;:0,&quot;sticky_effects_offset&quot;:0,&quot;sticky_anchor_link_offset&quot;:0}\">\n\t\t<div class=\"elementor-element elementor-element-295cf64 e-con-full e-flex e-con e-child\" data-id=\"295cf64\" data-element_type=\"container\">\n\t\t\t\t<div class=\"elementor-element elementor-element-59e5cc2 elementor-widget elementor-widget-image\" data-id=\"59e5cc2\" data-element_type=\"widget\" data-widget_type=\"image.default\">\n\t\t\t\t<div class=\"elementor-widget-container\">\n\t\t\t\t\t\t\t\t\t\t\t\t\t\t\t\t<a href=\"\/pmp-germany\">\n\t\t\t\t\t\t\t<img decoding=\"async\" width=\"622\" height=\"162\" src=\"https:\/\/pmp-germany.de\/wp-content\/uploads\/2025\/02\/Bildschirmfoto-2025-02-14-um-13.52.32.png\" class=\"attachment-large size-large wp-image-7684\" alt=\"\" srcset=\"https:\/\/pmp-germany.de\/wp-content\/uploads\/2025\/02\/Bildschirmfoto-2025-02-14-um-13.52.32.png 622w, https:\/\/pmp-germany.de\/wp-content\/uploads\/2025\/02\/Bildschirmfoto-2025-02-14-um-13.52.32-300x78.png 300w\" sizes=\"(max-width: 622px) 100vw, 622px\" \/>\t\t\t\t\t\t\t\t<\/a>\n\t\t\t\t\t\t\t\t\t\t\t\t\t\t\t<\/div>\n\t\t\t\t<\/div>\n\t\t\t\t<\/div>\n\t\t\t\t<\/div>\n\t\t<div class=\"elementor-element elementor-element-487b2ef e-flex e-con-boxed e-con e-parent\" data-id=\"487b2ef\" data-element_type=\"container\">\n\t\t\t\t\t<div class=\"e-con-inner\">\n\t\t\t\t<div class=\"elementor-element elementor-element-f838c41 h2-strich-links2 elementor-widget elementor-widget-heading\" data-id=\"f838c41\" data-element_type=\"widget\" data-widget_type=\"heading.default\">\n\t\t\t\t<div class=\"elementor-widget-container\">\n\t\t\t\t\t<h1 class=\"elementor-heading-title elementor-size-default\">Nadruk<\/h1>\t\t\t\t<\/div>\n\t\t\t\t<\/div>\n\t\t\t\t\t<\/div>\n\t\t\t\t<\/div>\n\t\t<div class=\"elementor-element elementor-element-b8f07cf e-grid e-con-boxed e-con e-parent\" data-id=\"b8f07cf\" data-element_type=\"container\">\n\t\t\t\t\t<div class=\"e-con-inner\">\n\t\t\t\t<div class=\"elementor-element elementor-element-37724ea elementor-widget elementor-widget-text-editor\" data-id=\"37724ea\" data-element_type=\"widget\" data-widget_type=\"text-editor.default\">\n\t\t\t\t<div class=\"elementor-widget-container\">\n\t\t\t\t\t\t\t\t\t<p class=\"text-[12.8px] font-[300] leading-[20px] tracking-[.256px] lg:text-[16px] lg:font-[300] lg:leading-[24px] lg:tracking-[.32px] xl:text-[20px] xl:font-[300] xl:leading-[32px] xl:tracking-[.4px]\"><em class=\"text-[12.8px] font-[300] leading-[20px] tracking-[.256px] lg:text-[16px] lg:font-[300] lg:leading-[24px] lg:tracking-[.32px] xl:text-[20px] xl:font-[300] xl:leading-[32px] xl:tracking-[.4px] italic\"><strong class=\"text-[12.8px] font-[300] leading-[20px] tracking-[.256px] lg:text-[16px] lg:font-[300] lg:leading-[24px] lg:tracking-[.32px] xl:text-[20px] xl:font-[300] xl:leading-[32px] xl:tracking-[.4px]\"><span class=\"font-semibold\">Informacje zgodnie z \u00a7 5 TMG<\/span><\/strong><\/em><\/p><p class=\"text-[12.8px] font-[300] leading-[20px] tracking-[.256px] lg:text-[16px] lg:font-[300] lg:leading-[24px] lg:tracking-[.32px] xl:text-[20px] xl:font-[300] xl:leading-[32px] xl:tracking-[.4px]\"><strong class=\"text-[12.8px] font-[300] leading-[20px] tracking-[.256px] lg:text-[16px] lg:font-[300] lg:leading-[24px] lg:tracking-[.32px] xl:text-[20px] xl:font-[300] xl:leading-[32px] xl:tracking-[.4px]\"><span class=\"font-semibold\">PMP Germany GmbH<\/span><\/strong><\/p><p class=\"text-[12.8px] font-[300] leading-[20px] tracking-[.256px] lg:text-[16px] lg:font-[300] lg:leading-[24px] lg:tracking-[.32px] xl:text-[20px] xl:font-[300] xl:leading-[32px] xl:tracking-[.4px]\">Adres i siedziba: Schimmelbuschstra\u00dfe 7c, 40699 Erkrath Rejestr handlowy: HRB 28237 S\u0105d rejestrowy: S\u0105d lokalny w Wuppertalu<\/p><p class=\"text-[12.8px] font-[300] leading-[20px] tracking-[.256px] lg:text-[16px] lg:font-[300] lg:leading-[24px] lg:tracking-[.32px] xl:text-[20px] xl:font-[300] xl:leading-[32px] xl:tracking-[.4px]\"><strong class=\"text-[12.8px] font-[300] leading-[20px] tracking-[.256px] lg:text-[16px] lg:font-[300] lg:leading-[24px] lg:tracking-[.32px] xl:text-[20px] xl:font-[300] xl:leading-[32px] xl:tracking-[.4px]\"><span class=\"font-semibold\">Reprezentowany przez dyrektora zarz\u0105dzaj\u0105cego:<\/span><\/strong><\/p><p class=\"text-[12.8px] font-[300] leading-[20px] tracking-[.256px] lg:text-[16px] lg:font-[300] lg:leading-[24px] lg:tracking-[.32px] xl:text-[20px] xl:font-[300] xl:leading-[32px] xl:tracking-[.4px]\">Michael Heimansfeld<\/p><p class=\"text-[12.8px] font-[300] leading-[20px] tracking-[.256px] lg:text-[16px] lg:font-[300] lg:leading-[24px] lg:tracking-[.32px] xl:text-[20px] xl:font-[300] xl:leading-[32px] xl:tracking-[.4px]\"><strong class=\"text-[12.8px] font-[300] leading-[20px] tracking-[.256px] lg:text-[16px] lg:font-[300] lg:leading-[24px] lg:tracking-[.32px] xl:text-[20px] xl:font-[300] xl:leading-[32px] xl:tracking-[.4px]\"><span class=\"font-semibold\">Kontakt:<\/span><\/strong><\/p><p class=\"text-[12.8px] font-[300] leading-[20px] tracking-[.256px] lg:text-[16px] lg:font-[300] lg:leading-[24px] lg:tracking-[.32px] xl:text-[20px] xl:font-[300] xl:leading-[32px] xl:tracking-[.4px]\">Telefon: T: +49 (0) 2104 \/ 493 883 &#8211; 0<\/p><p class=\"text-[12.8px] font-[300] leading-[20px] tracking-[.256px] lg:text-[16px] lg:font-[300] lg:leading-[24px] lg:tracking-[.32px] xl:text-[20px] xl:font-[300] xl:leading-[32px] xl:tracking-[.4px]\">E-mail: info@pmp-germany.de<\/p><p class=\"text-[12.8px] font-[300] leading-[20px] tracking-[.256px] lg:text-[16px] lg:font-[300] lg:leading-[24px] lg:tracking-[.32px] xl:text-[20px] xl:font-[300] xl:leading-[32px] xl:tracking-[.4px]\"><strong class=\"text-[12.8px] font-[300] leading-[20px] tracking-[.256px] lg:text-[16px] lg:font-[300] lg:leading-[24px] lg:tracking-[.32px] xl:text-[20px] xl:font-[300] xl:leading-[32px] xl:tracking-[.4px]\"><span class=\"font-semibold\">Podatek od warto\u015bci dodanej:<\/span><\/strong><\/p><p class=\"text-[12.8px] font-[300] leading-[20px] tracking-[.256px] lg:text-[16px] lg:font-[300] lg:leading-[24px] lg:tracking-[.32px] xl:text-[20px] xl:font-[300] xl:leading-[32px] xl:tracking-[.4px]\">Numer identyfikacji podatkowej zgodnie z \u00a727 ustawy o podatku od sprzeda\u017cy: USt.-IdNr.: DE313078560<\/p><p class=\"text-[12.8px] font-[300] leading-[20px] tracking-[.256px] lg:text-[16px] lg:font-[300] lg:leading-[24px] lg:tracking-[.32px] xl:text-[20px] xl:font-[300] xl:leading-[32px] xl:tracking-[.4px]\"><em class=\"text-[12.8px] font-[300] leading-[20px] tracking-[.256px] lg:text-[16px] lg:font-[300] lg:leading-[24px] lg:tracking-[.32px] xl:text-[20px] xl:font-[300] xl:leading-[32px] xl:tracking-[.4px] italic\"><strong class=\"text-[12.8px] font-[300] leading-[20px] tracking-[.256px] lg:text-[16px] lg:font-[300] lg:leading-[24px] lg:tracking-[.32px] xl:text-[20px] xl:font-[300] xl:leading-[32px] xl:tracking-[.4px]\"><span class=\"font-semibold\">Szczeg\u00f3\u0142y ubezpieczenia od odpowiedzialno\u015bci zawodowej<\/span><\/strong><\/em><\/p><p class=\"text-[12.8px] font-[300] leading-[20px] tracking-[.256px] lg:text-[16px] lg:font-[300] lg:leading-[24px] lg:tracking-[.32px] xl:text-[20px] xl:font-[300] xl:leading-[32px] xl:tracking-[.4px]\"><strong class=\"text-[12.8px] font-[300] leading-[20px] tracking-[.256px] lg:text-[16px] lg:font-[300] lg:leading-[24px] lg:tracking-[.32px] xl:text-[20px] xl:font-[300] xl:leading-[32px] xl:tracking-[.4px]\"><span class=\"font-semibold\">Nazwa i siedziba ubezpieczyciela:<\/span><\/strong><\/p><p class=\"text-[12.8px] font-[300] leading-[20px] tracking-[.256px] lg:text-[16px] lg:font-[300] lg:leading-[24px] lg:tracking-[.32px] xl:text-[20px] xl:font-[300] xl:leading-[32px] xl:tracking-[.4px]\">Allianz Versicherungs-AG | 10900 Berlin | Niemcy<\/p><p class=\"text-[12.8px] font-[300] leading-[20px] tracking-[.256px] lg:text-[16px] lg:font-[300] lg:leading-[24px] lg:tracking-[.32px] xl:text-[20px] xl:font-[300] xl:leading-[32px] xl:tracking-[.4px]\"><strong class=\"text-[12.8px] font-[300] leading-[20px] tracking-[.256px] lg:text-[16px] lg:font-[300] lg:leading-[24px] lg:tracking-[.32px] xl:text-[20px] xl:font-[300] xl:leading-[32px] xl:tracking-[.4px]\"><span class=\"font-semibold\">Obszar wa\u017cno\u015bci ubezpieczenia:<\/span><\/strong><\/p><p class=\"text-[12.8px] font-[300] leading-[20px] tracking-[.256px] lg:text-[16px] lg:font-[300] lg:leading-[24px] lg:tracking-[.32px] xl:text-[20px] xl:font-[300] xl:leading-[32px] xl:tracking-[.4px]\">Na ca\u0142ym \u015bwiecie<\/p>\t\t\t\t\t\t\t\t<\/div>\n\t\t\t\t<\/div>\n\t\t\t\t<div class=\"elementor-element elementor-element-81fb0f7 elementor-widget elementor-widget-text-editor\" data-id=\"81fb0f7\" data-element_type=\"widget\" data-widget_type=\"text-editor.default\">\n\t\t\t\t<div class=\"elementor-widget-container\">\n\t\t\t\t\t\t\t\t\t<p class=\"text-[12.8px] font-[300] leading-[20px] tracking-[.256px] lg:text-[16px] lg:font-[300] lg:leading-[24px] lg:tracking-[.32px] xl:text-[20px] xl:font-[300] xl:leading-[32px] xl:tracking-[.4px]\"><strong class=\"text-[12.8px] font-[300] leading-[20px] tracking-[.256px] lg:text-[16px] lg:font-[300] lg:leading-[24px] lg:tracking-[.32px] xl:text-[20px] xl:font-[300] xl:leading-[32px] xl:tracking-[.4px]\"><span class=\"font-semibold\">Rozstrzyganie spor\u00f3w<\/span><\/strong><\/p><p class=\"text-[12.8px] font-[300] leading-[20px] tracking-[.256px] lg:text-[16px] lg:font-[300] lg:leading-[24px] lg:tracking-[.32px] xl:text-[20px] xl:font-[300] xl:leading-[32px] xl:tracking-[.4px]\">Komisja Europejska udost\u0119pnia platform\u0119 internetowego rozstrzygania spor\u00f3w (OS): <a class=\"text-[12.8px] font-[300] leading-[20px] tracking-[.256px] lg:text-[16px] lg:font-[300] lg:leading-[24px] lg:tracking-[.32px] xl:text-[20px] xl:font-[300] xl:leading-[32px] xl:tracking-[.4px] underline\" href=\"https:\/\/ec.europa.eu\/consumers\/odr\">https:\/\/ec.europa.eu\/consumers\/odr.<\/a> Nasz adres e-mail mo\u017cna znale\u017a\u0107 w powy\u017cszej nocie prawnej. <\/p><p class=\"text-[12.8px] font-[300] leading-[20px] tracking-[.256px] lg:text-[16px] lg:font-[300] lg:leading-[24px] lg:tracking-[.32px] xl:text-[20px] xl:font-[300] xl:leading-[32px] xl:tracking-[.4px]\">Nie jeste\u015bmy sk\u0142onni ani zobowi\u0105zani do udzia\u0142u w post\u0119powaniu rozstrzygaj\u0105cym spory przed komisj\u0105 arbitra\u017cow\u0105 ds. konsument\u00f3w.<\/p><p class=\"text-[12.8px] font-[300] leading-[20px] tracking-[.256px] lg:text-[16px] lg:font-[300] lg:leading-[24px] lg:tracking-[.32px] xl:text-[20px] xl:font-[300] xl:leading-[32px] xl:tracking-[.4px]\"><strong class=\"text-[12.8px] font-[300] leading-[20px] tracking-[.256px] lg:text-[16px] lg:font-[300] lg:leading-[24px] lg:tracking-[.32px] xl:text-[20px] xl:font-[300] xl:leading-[32px] xl:tracking-[.4px]\"><span class=\"font-semibold\">Odpowiedzialno\u015b\u0107 za tre\u015b\u0107<\/span><\/strong><\/p><p class=\"text-[12.8px] font-[300] leading-[20px] tracking-[.256px] lg:text-[16px] lg:font-[300] lg:leading-[24px] lg:tracking-[.32px] xl:text-[20px] xl:font-[300] xl:leading-[32px] xl:tracking-[.4px]\">Jako dostawca us\u0142ug jeste\u015bmy odpowiedzialni za w\u0142asne tre\u015bci na tych stronach zgodnie z \u00a7 7 (1) TMG (niemiecka ustawa o telemediach) i og\u00f3lnymi przepisami prawa. Zgodnie z \u00a7\u00a7 8 do 10 TMG, jako us\u0142ugodawca nie jeste\u015bmy jednak zobowi\u0105zani do monitorowania przesy\u0142anych lub przechowywanych informacji os\u00f3b trzecich ani do badania okoliczno\u015bci wskazuj\u0105cych na nielegaln\u0105 dzia\u0142alno\u015b\u0107.  <\/p><p class=\"text-[12.8px] font-[300] leading-[20px] tracking-[.256px] lg:text-[16px] lg:font-[300] lg:leading-[24px] lg:tracking-[.32px] xl:text-[20px] xl:font-[300] xl:leading-[32px] xl:tracking-[.4px]\">Nie ma to wp\u0142ywu na zobowi\u0105zania do usuni\u0119cia lub zablokowania korzystania z informacji zgodnie z og\u00f3lnymi przepisami prawa. Odpowiedzialno\u015b\u0107 w tym zakresie jest jednak mo\u017cliwa dopiero od momentu, w kt\u00f3rym dowiemy si\u0119 o konkretnym naruszeniu. Gdy tylko dowiemy si\u0119 o takich naruszeniach, natychmiast usuniemy te tre\u015bci.  <\/p><p class=\"text-[12.8px] font-[300] leading-[20px] tracking-[.256px] lg:text-[16px] lg:font-[300] lg:leading-[24px] lg:tracking-[.32px] xl:text-[20px] xl:font-[300] xl:leading-[32px] xl:tracking-[.4px]\"><strong class=\"text-[12.8px] font-[300] leading-[20px] tracking-[.256px] lg:text-[16px] lg:font-[300] lg:leading-[24px] lg:tracking-[.32px] xl:text-[20px] xl:font-[300] xl:leading-[32px] xl:tracking-[.4px]\"><span class=\"font-semibold\">Odpowiedzialno\u015b\u0107 za linki<\/span><\/strong><\/p><p class=\"text-[12.8px] font-[300] leading-[20px] tracking-[.256px] lg:text-[16px] lg:font-[300] lg:leading-[24px] lg:tracking-[.32px] xl:text-[20px] xl:font-[300] xl:leading-[32px] xl:tracking-[.4px]\">Nasza witryna internetowa zawiera \u0142\u0105cza do zewn\u0119trznych witryn internetowych os\u00f3b trzecich, na kt\u00f3rych tre\u015b\u0107 nie mamy wp\u0142ywu. W zwi\u0105zku z tym nie mo\u017cemy ponosi\u0107 \u017cadnej odpowiedzialno\u015bci za tre\u015bci stron trzecich. Odpowiedni dostawca lub operator stron jest zawsze odpowiedzialny za tre\u015b\u0107 stron, do kt\u00f3rych prowadz\u0105 linki. Po\u0142\u0105czone strony zosta\u0142y sprawdzone pod k\u0105tem mo\u017cliwych narusze\u0144 prawa w momencie \u0142\u0105czenia. Nielegalne tre\u015bci nie by\u0142y rozpoznawalne w momencie linkowania.    <\/p><p class=\"text-[12.8px] font-[300] leading-[20px] tracking-[.256px] lg:text-[16px] lg:font-[300] lg:leading-[24px] lg:tracking-[.32px] xl:text-[20px] xl:font-[300] xl:leading-[32px] xl:tracking-[.4px]\">Sta\u0142e monitorowanie tre\u015bci stron, do kt\u00f3rych prowadz\u0105 linki, nie jest jednak uzasadnione bez konkretnych dowod\u00f3w naruszenia prawa. Je\u015bli dowiemy si\u0119 o jakichkolwiek naruszeniach prawa, niezw\u0142ocznie usuniemy takie linki. <\/p><p class=\"text-[12.8px] font-[300] leading-[20px] tracking-[.256px] lg:text-[16px] lg:font-[300] lg:leading-[24px] lg:tracking-[.32px] xl:text-[20px] xl:font-[300] xl:leading-[32px] xl:tracking-[.4px]\"><strong class=\"text-[12.8px] font-[300] leading-[20px] tracking-[.256px] lg:text-[16px] lg:font-[300] lg:leading-[24px] lg:tracking-[.32px] xl:text-[20px] xl:font-[300] xl:leading-[32px] xl:tracking-[.4px]\"><span class=\"font-semibold\">Prawa autorskie<\/span><\/strong><\/p><p class=\"text-[12.8px] font-[300] leading-[20px] tracking-[.256px] lg:text-[16px] lg:font-[300] lg:leading-[24px] lg:tracking-[.32px] xl:text-[20px] xl:font-[300] xl:leading-[32px] xl:tracking-[.4px]\">Tre\u015bci i dzie\u0142a stworzone przez operator\u00f3w witryn na tych stronach podlegaj\u0105 niemieckiemu prawu autorskiemu. Powielanie, przetwarzanie, rozpowszechnianie i wszelkiego rodzaju wykorzystywanie poza granicami prawa autorskiego wymaga pisemnej zgody odpowiedniego autora lub tw\u00f3rcy. Pobieranie i kopiowanie tej strony jest dozwolone wy\u0142\u0105cznie do prywatnego, niekomercyjnego u\u017cytku.  <\/p><p class=\"text-[12.8px] font-[300] leading-[20px] tracking-[.256px] lg:text-[16px] lg:font-[300] lg:leading-[24px] lg:tracking-[.32px] xl:text-[20px] xl:font-[300] xl:leading-[32px] xl:tracking-[.4px]\">O ile tre\u015bci na tej stronie nie zosta\u0142y stworzone przez operatora, prawa autorskie os\u00f3b trzecich s\u0105 przestrzegane. W szczeg\u00f3lno\u015bci tre\u015bci os\u00f3b trzecich s\u0105 oznaczone jako takie. Je\u015bli mimo to dowiesz si\u0119 o naruszeniu praw autorskich, poinformuj nas o tym. Je\u015bli dowiemy si\u0119 o jakichkolwiek naruszeniach, niezw\u0142ocznie usuniemy takie tre\u015bci.   <\/p>\t\t\t\t\t\t\t\t<\/div>\n\t\t\t\t<\/div>\n\t\t\t\t\t<\/div>\n\t\t\t\t<\/div>\n\t\t<div class=\"elementor-element elementor-element-4739780 e-flex e-con-boxed e-con e-parent\" data-id=\"4739780\" data-element_type=\"container\">\n\t\t\t\t\t<div class=\"e-con-inner\">\n\t\t\t\t\t<\/div>\n\t\t\t\t<\/div>\n\t\t\t\t<\/div>\n\t\t","protected":false},"excerpt":{"rendered":"<p>Nadruk Informacje zgodnie z \u00a7 5 TMG PMP Germany GmbH Adres i siedziba: Schimmelbuschstra\u00dfe 7c, 40699 Erkrath Rejestr handlowy: HRB 28237 S\u0105d rejestrowy: S\u0105d lokalny w Wuppertalu Reprezentowany przez dyrektora zarz\u0105dzaj\u0105cego: Michael Heimansfeld Kontakt: Telefon: T: +49 (0) 2104 \/ 493 883 &#8211; 0 E-mail: info@pmp-germany.de Podatek od warto\u015bci dodanej: Numer identyfikacji podatkowej zgodnie z [&hellip;]<\/p>\n","protected":false},"author":1,"featured_media":0,"parent":0,"menu_order":0,"comment_status":"closed","ping_status":"closed","template":"","meta":{"footnotes":""},"class_list":["post-11485","page","type-page","status-publish","hentry"],"yoast_head":"<!-- This site is optimized with the Yoast SEO plugin v25.3.1 - https:\/\/yoast.com\/wordpress\/plugins\/seo\/ -->\n<title>Nadruk - PMP Germany | Kupplungen<\/title>\n<meta name=\"robots\" content=\"index, follow, max-snippet:-1, max-image-preview:large, max-video-preview:-1\" \/>\n<link rel=\"canonical\" href=\"https:\/\/pmp-germany.de\/pl\/nadruk\/\" \/>\n<meta property=\"og:locale\" content=\"pl_PL\" \/>\n<meta property=\"og:type\" content=\"article\" \/>\n<meta property=\"og:title\" content=\"Nadruk - PMP Germany | Kupplungen\" \/>\n<meta property=\"og:description\" content=\"Nadruk Informacje zgodnie z \u00a7 5 TMG PMP Germany GmbH Adres i siedziba: Schimmelbuschstra\u00dfe 7c, 40699 Erkrath Rejestr handlowy: HRB 28237 S\u0105d rejestrowy: S\u0105d lokalny w Wuppertalu Reprezentowany przez dyrektora zarz\u0105dzaj\u0105cego: Michael Heimansfeld Kontakt: Telefon: T: +49 (0) 2104 \/ 493 883 &#8211; 0 E-mail: info@pmp-germany.de Podatek od warto\u015bci dodanej: Numer identyfikacji podatkowej zgodnie z [&hellip;]\" \/>\n<meta property=\"og:url\" content=\"https:\/\/pmp-germany.de\/pl\/nadruk\/\" \/>\n<meta property=\"og:site_name\" content=\"PMP Germany | Kupplungen\" \/>\n<meta property=\"article:modified_time\" content=\"2025-05-13T13:21:37+00:00\" \/>\n<meta property=\"og:image\" content=\"http:\/\/pmp-germany.de\/wp-content\/uploads\/2025\/02\/Bildschirmfoto-2025-02-14-um-13.52.32.png\" \/>\n<meta name=\"twitter:card\" content=\"summary_large_image\" \/>\n<meta name=\"twitter:label1\" content=\"Szacowany czas czytania\" \/>\n\t<meta name=\"twitter:data1\" content=\"2 minuty\" \/>\n<script type=\"application\/ld+json\" class=\"yoast-schema-graph\">{\"@context\":\"https:\/\/schema.org\",\"@graph\":[{\"@type\":\"WebPage\",\"@id\":\"https:\/\/pmp-germany.de\/pl\/nadruk\/\",\"url\":\"https:\/\/pmp-germany.de\/pl\/nadruk\/\",\"name\":\"Nadruk - PMP Germany | Kupplungen\",\"isPartOf\":{\"@id\":\"https:\/\/pmp-germany.de\/pl\/#website\"},\"primaryImageOfPage\":{\"@id\":\"https:\/\/pmp-germany.de\/pl\/nadruk\/#primaryimage\"},\"image\":{\"@id\":\"https:\/\/pmp-germany.de\/pl\/nadruk\/#primaryimage\"},\"thumbnailUrl\":\"http:\/\/pmp-germany.de\/wp-content\/uploads\/2025\/02\/Bildschirmfoto-2025-02-14-um-13.52.32.png\",\"datePublished\":\"2025-02-20T09:26:52+00:00\",\"dateModified\":\"2025-05-13T13:21:37+00:00\",\"breadcrumb\":{\"@id\":\"https:\/\/pmp-germany.de\/pl\/nadruk\/#breadcrumb\"},\"inLanguage\":\"pl-PL\",\"potentialAction\":[{\"@type\":\"ReadAction\",\"target\":[\"https:\/\/pmp-germany.de\/pl\/nadruk\/\"]}]},{\"@type\":\"ImageObject\",\"inLanguage\":\"pl-PL\",\"@id\":\"https:\/\/pmp-germany.de\/pl\/nadruk\/#primaryimage\",\"url\":\"http:\/\/pmp-germany.de\/wp-content\/uploads\/2025\/02\/Bildschirmfoto-2025-02-14-um-13.52.32.png\",\"contentUrl\":\"http:\/\/pmp-germany.de\/wp-content\/uploads\/2025\/02\/Bildschirmfoto-2025-02-14-um-13.52.32.png\"},{\"@type\":\"BreadcrumbList\",\"@id\":\"https:\/\/pmp-germany.de\/pl\/nadruk\/#breadcrumb\",\"itemListElement\":[{\"@type\":\"ListItem\",\"position\":1,\"name\":\"Startseite\",\"item\":\"https:\/\/pmp-germany.de\/pl\/\"},{\"@type\":\"ListItem\",\"position\":2,\"name\":\"Nadruk\"}]},{\"@type\":\"WebSite\",\"@id\":\"https:\/\/pmp-germany.de\/pl\/#website\",\"url\":\"https:\/\/pmp-germany.de\/pl\/\",\"name\":\"PMP Germany | Kupplungen\",\"description\":\"Wir liefern Kupplungen\",\"potentialAction\":[{\"@type\":\"SearchAction\",\"target\":{\"@type\":\"EntryPoint\",\"urlTemplate\":\"https:\/\/pmp-germany.de\/pl\/?s={search_term_string}\"},\"query-input\":{\"@type\":\"PropertyValueSpecification\",\"valueRequired\":true,\"valueName\":\"search_term_string\"}}],\"inLanguage\":\"pl-PL\"}]}<\/script>\n<!-- \/ Yoast SEO plugin. -->","yoast_head_json":{"title":"Nadruk - PMP Germany | Kupplungen","robots":{"index":"index","follow":"follow","max-snippet":"max-snippet:-1","max-image-preview":"max-image-preview:large","max-video-preview":"max-video-preview:-1"},"canonical":"https:\/\/pmp-germany.de\/pl\/nadruk\/","og_locale":"pl_PL","og_type":"article","og_title":"Nadruk - PMP Germany | Kupplungen","og_description":"Nadruk Informacje zgodnie z \u00a7 5 TMG PMP Germany GmbH Adres i siedziba: Schimmelbuschstra\u00dfe 7c, 40699 Erkrath Rejestr handlowy: HRB 28237 S\u0105d rejestrowy: S\u0105d lokalny w Wuppertalu Reprezentowany przez dyrektora zarz\u0105dzaj\u0105cego: Michael Heimansfeld Kontakt: Telefon: T: +49 (0) 2104 \/ 493 883 &#8211; 0 E-mail: info@pmp-germany.de Podatek od warto\u015bci dodanej: Numer identyfikacji podatkowej zgodnie z [&hellip;]","og_url":"https:\/\/pmp-germany.de\/pl\/nadruk\/","og_site_name":"PMP Germany | Kupplungen","article_modified_time":"2025-05-13T13:21:37+00:00","og_image":[{"url":"http:\/\/pmp-germany.de\/wp-content\/uploads\/2025\/02\/Bildschirmfoto-2025-02-14-um-13.52.32.png","type":"","width":"","height":""}],"twitter_card":"summary_large_image","twitter_misc":{"Szacowany czas czytania":"2 minuty"},"schema":{"@context":"https:\/\/schema.org","@graph":[{"@type":"WebPage","@id":"https:\/\/pmp-germany.de\/pl\/nadruk\/","url":"https:\/\/pmp-germany.de\/pl\/nadruk\/","name":"Nadruk - PMP Germany | Kupplungen","isPartOf":{"@id":"https:\/\/pmp-germany.de\/pl\/#website"},"primaryImageOfPage":{"@id":"https:\/\/pmp-germany.de\/pl\/nadruk\/#primaryimage"},"image":{"@id":"https:\/\/pmp-germany.de\/pl\/nadruk\/#primaryimage"},"thumbnailUrl":"http:\/\/pmp-germany.de\/wp-content\/uploads\/2025\/02\/Bildschirmfoto-2025-02-14-um-13.52.32.png","datePublished":"2025-02-20T09:26:52+00:00","dateModified":"2025-05-13T13:21:37+00:00","breadcrumb":{"@id":"https:\/\/pmp-germany.de\/pl\/nadruk\/#breadcrumb"},"inLanguage":"pl-PL","potentialAction":[{"@type":"ReadAction","target":["https:\/\/pmp-germany.de\/pl\/nadruk\/"]}]},{"@type":"ImageObject","inLanguage":"pl-PL","@id":"https:\/\/pmp-germany.de\/pl\/nadruk\/#primaryimage","url":"http:\/\/pmp-germany.de\/wp-content\/uploads\/2025\/02\/Bildschirmfoto-2025-02-14-um-13.52.32.png","contentUrl":"http:\/\/pmp-germany.de\/wp-content\/uploads\/2025\/02\/Bildschirmfoto-2025-02-14-um-13.52.32.png"},{"@type":"BreadcrumbList","@id":"https:\/\/pmp-germany.de\/pl\/nadruk\/#breadcrumb","itemListElement":[{"@type":"ListItem","position":1,"name":"Startseite","item":"https:\/\/pmp-germany.de\/pl\/"},{"@type":"ListItem","position":2,"name":"Nadruk"}]},{"@type":"WebSite","@id":"https:\/\/pmp-germany.de\/pl\/#website","url":"https:\/\/pmp-germany.de\/pl\/","name":"PMP Germany | Kupplungen","description":"Wir liefern Kupplungen","potentialAction":[{"@type":"SearchAction","target":{"@type":"EntryPoint","urlTemplate":"https:\/\/pmp-germany.de\/pl\/?s={search_term_string}"},"query-input":{"@type":"PropertyValueSpecification","valueRequired":true,"valueName":"search_term_string"}}],"inLanguage":"pl-PL"}]}},"_links":{"self":[{"href":"https:\/\/pmp-germany.de\/pl\/wp-json\/wp\/v2\/pages\/11485","targetHints":{"allow":["GET"]}}],"collection":[{"href":"https:\/\/pmp-germany.de\/pl\/wp-json\/wp\/v2\/pages"}],"about":[{"href":"https:\/\/pmp-germany.de\/pl\/wp-json\/wp\/v2\/types\/page"}],"author":[{"embeddable":true,"href":"https:\/\/pmp-germany.de\/pl\/wp-json\/wp\/v2\/users\/1"}],"replies":[{"embeddable":true,"href":"https:\/\/pmp-germany.de\/pl\/wp-json\/wp\/v2\/comments?post=11485"}],"version-history":[{"count":1,"href":"https:\/\/pmp-germany.de\/pl\/wp-json\/wp\/v2\/pages\/11485\/revisions"}],"predecessor-version":[{"id":11486,"href":"https:\/\/pmp-germany.de\/pl\/wp-json\/wp\/v2\/pages\/11485\/revisions\/11486"}],"wp:attachment":[{"href":"https:\/\/pmp-germany.de\/pl\/wp-json\/wp\/v2\/media?parent=11485"}],"curies":[{"name":"wp","href":"https:\/\/api.w.org\/{rel}","templated":true}]}}