{"id":13272,"date":"2025-04-23T13:24:49","date_gmt":"2025-04-23T11:24:49","guid":{"rendered":"https:\/\/pmp-germany.de\/specialiste-en-logistique-dentreposage\/"},"modified":"2025-05-14T10:19:32","modified_gmt":"2025-05-14T08:19:32","slug":"specialiste-en-logistique-dentreposage","status":"publish","type":"page","link":"https:\/\/pmp-germany.de\/fr\/carriere\/specialiste-en-logistique-dentreposage\/","title":{"rendered":"Sp\u00e9cialiste en logistique d&rsquo;entreposage"},"content":{"rendered":"\t\t<div data-elementor-type=\"wp-page\" data-elementor-id=\"13272\" class=\"elementor elementor-13272 elementor-4692\" data-elementor-post-type=\"page\">\n\t\t\t\t<div class=\"elementor-element elementor-element-e4be8c4 e-con-full elementor-hidden-mobile e-flex e-con e-parent\" data-id=\"e4be8c4\" data-element_type=\"container\" data-settings=\"{&quot;background_background&quot;:&quot;classic&quot;,&quot;sticky&quot;:&quot;top&quot;,&quot;sticky_on&quot;:[&quot;desktop&quot;,&quot;tablet&quot;,&quot;mobile&quot;],&quot;sticky_offset&quot;:0,&quot;sticky_effects_offset&quot;:0,&quot;sticky_anchor_link_offset&quot;:0}\">\n\t\t<div class=\"elementor-element elementor-element-216a028 e-con-full e-flex e-con e-child\" data-id=\"216a028\" data-element_type=\"container\">\n\t\t\t\t<div class=\"elementor-element elementor-element-259fffc elementor-widget elementor-widget-image\" data-id=\"259fffc\" data-element_type=\"widget\" data-widget_type=\"image.default\">\n\t\t\t\t<div class=\"elementor-widget-container\">\n\t\t\t\t\t\t\t\t\t\t\t\t\t\t\t\t<a href=\"\/pmp-germany\">\n\t\t\t\t\t\t\t<img decoding=\"async\" width=\"622\" height=\"162\" src=\"https:\/\/pmp-germany.de\/wp-content\/uploads\/2025\/02\/Bildschirmfoto-2025-02-14-um-13.52.32.png\" class=\"attachment-large size-large wp-image-7682\" alt=\"\" srcset=\"https:\/\/pmp-germany.de\/wp-content\/uploads\/2025\/02\/Bildschirmfoto-2025-02-14-um-13.52.32.png 622w, https:\/\/pmp-germany.de\/wp-content\/uploads\/2025\/02\/Bildschirmfoto-2025-02-14-um-13.52.32-300x78.png 300w\" sizes=\"(max-width: 622px) 100vw, 622px\" \/>\t\t\t\t\t\t\t\t<\/a>\n\t\t\t\t\t\t\t\t\t\t\t\t\t\t\t<\/div>\n\t\t\t\t<\/div>\n\t\t\t\t<\/div>\n\t\t<div class=\"elementor-element elementor-element-5809f4b e-con-full e-flex e-con e-child\" data-id=\"5809f4b\" data-element_type=\"container\">\n\t\t\t\t<\/div>\n\t\t\t\t<\/div>\n\t\t<div class=\"elementor-element elementor-element-7ff04af e-flex e-con-boxed e-con e-parent\" data-id=\"7ff04af\" data-element_type=\"container\" data-settings=\"{&quot;background_background&quot;:&quot;classic&quot;}\">\n\t\t\t\t\t<div class=\"e-con-inner\">\n\t\t\t\t\t<\/div>\n\t\t\t\t<\/div>\n\t\t<div class=\"elementor-element elementor-element-26864c8 e-flex e-con-boxed e-con e-parent\" data-id=\"26864c8\" data-element_type=\"container\">\n\t\t\t\t\t<div class=\"e-con-inner\">\n\t\t<div class=\"elementor-element elementor-element-a9535f2 e-con-full e-flex e-con e-child\" data-id=\"a9535f2\" data-element_type=\"container\">\n\t\t\t\t<div class=\"elementor-element elementor-element-4accdd8 h2-strich-links2 elementor-widget__width-initial elementor-widget-mobile__width-initial elementor-widget elementor-widget-heading\" data-id=\"4accdd8\" data-element_type=\"widget\" data-widget_type=\"heading.default\">\n\t\t\t\t<div class=\"elementor-widget-container\">\n\t\t\t\t\t<h2 class=\"elementor-heading-title elementor-size-default\">Sp\u00e9cialiste en logistique d'entreposage (h\/f)<\/h2>\t\t\t\t<\/div>\n\t\t\t\t<\/div>\n\t\t\t\t<\/div>\n\t\t\t\t\t<\/div>\n\t\t\t\t<\/div>\n\t\t<div class=\"elementor-element elementor-element-5153947 e-grid e-con-boxed e-con e-parent\" data-id=\"5153947\" data-element_type=\"container\">\n\t\t\t\t\t<div class=\"e-con-inner\">\n\t\t<div class=\"elementor-element elementor-element-09561af e-con-full e-flex e-con e-child\" data-id=\"09561af\" data-element_type=\"container\">\n\t\t\t\t<div class=\"elementor-element elementor-element-131d0a9 elementor-widget__width-initial elementor-widget-mobile__width-initial elementor-widget elementor-widget-text-editor\" data-id=\"131d0a9\" data-element_type=\"widget\" data-widget_type=\"text-editor.default\">\n\t\t\t\t<div class=\"elementor-widget-container\">\n\t\t\t\t\t\t\t\t\t<div class=\"mb-7 flex w-full flex-col gap-3\"><div class=\"mb-7 flex w-full flex-col gap-3\"><div class=\"mb-7 flex w-full flex-col gap-3\"><p class=\"text-[12.8px] font-[300] leading-[20px] tracking-[.256px] lg:text-[16px] lg:font-[300] lg:leading-[24px] lg:tracking-[.32px] xl:text-[20px] xl:font-[300] xl:leading-[32px] xl:tracking-[.4px]\">Nous sommes un groupe d&rsquo;entreprises jeune, tr\u00e8s dynamique et en pleine croissance dans le domaine de la technique d&rsquo;entra\u00eenement et nous recherchons d\u00e8s maintenant du renfort dans l&rsquo;entrep\u00f4t\/l&rsquo;exp\u00e9dition. Si tu es \u00e0 la recherche d&rsquo;un nouveau d\u00e9fi et que tu as vraiment envie de nous accompagner dans notre croissance, tu es \u00e0 la bonne adresse. <\/p><\/div><p class=\"text-[20px] font-[600] leading-[32px] mt-6 mb-2\"><strong>Qu&rsquo;est-ce que tu vas faire ?<\/strong><\/p><div class=\"mb-7 flex w-full flex-col gap-3\"><ul><li><p class=\"text-[12.8px] font-[300] leading-[20px] tracking-[.256px] lg:text-[16px] lg:font-[300] lg:leading-[24px] lg:tracking-[.32px] xl:text-[20px] xl:font-[300] xl:leading-[32px] xl:tracking-[.4px]\">Stockage et d\u00e9stockage, pr\u00e9paration des commandes, emballage et exp\u00e9dition des marchandises<\/p><\/li><li><p class=\"text-[12.8px] font-[300] leading-[20px] tracking-[.256px] lg:text-[16px] lg:font-[300] lg:leading-[24px] lg:tracking-[.32px] xl:text-[20px] xl:font-[300] xl:leading-[32px] xl:tracking-[.4px]\">R\u00e9alisation du contr\u00f4le de r\u00e9ception des marchandises avec le soutien du support technique<\/p><\/li><li><p class=\"text-[12.8px] font-[300] leading-[20px] tracking-[.256px] lg:text-[16px] lg:font-[300] lg:leading-[24px] lg:tracking-[.32px] xl:text-[20px] xl:font-[300] xl:leading-[32px] xl:tracking-[.4px]\">Contr\u00f4le et suivi des diff\u00e9rences de stock<\/p><\/li><li><p class=\"text-[12.8px] font-[300] leading-[20px] tracking-[.256px] lg:text-[16px] lg:font-[300] lg:leading-[24px] lg:tracking-[.32px] xl:text-[20px] xl:font-[300] xl:leading-[32px] xl:tracking-[.4px]\">Traitement des documents de travail et de livraison<\/p><\/li><li><p class=\"text-[12.8px] font-[300] leading-[20px] tracking-[.256px] lg:text-[16px] lg:font-[300] lg:leading-[24px] lg:tracking-[.32px] xl:text-[20px] xl:font-[300] xl:leading-[32px] xl:tracking-[.4px]\">Mise \u00e0 disposition professionnelle et dans les d\u00e9lais des pi\u00e8ces de rechange pour les envois de colis nationaux et internationaux<\/p><\/li><li><p class=\"text-[12.8px] font-[300] leading-[20px] tracking-[.256px] lg:text-[16px] lg:font-[300] lg:leading-[24px] lg:tracking-[.32px] xl:text-[20px] xl:font-[300] xl:leading-[32px] xl:tracking-[.4px]\">Utilisation d&rsquo;engins de manutention<\/p><\/li><li><p class=\"text-[12.8px] font-[300] leading-[20px] tracking-[.256px] lg:text-[16px] lg:font-[300] lg:leading-[24px] lg:tracking-[.32px] xl:text-[20px] xl:font-[300] xl:leading-[32px] xl:tracking-[.4px]\">responsabilit\u00e9 de la s\u00e9curit\u00e9 et de la propret\u00e9 de ton espace de travail<\/p><\/li><li><p class=\"text-[12.8px] font-[300] leading-[20px] tracking-[.256px] lg:text-[16px] lg:font-[300] lg:leading-[24px] lg:tracking-[.32px] xl:text-[20px] xl:font-[300] xl:leading-[32px] xl:tracking-[.4px]\">Selon les besoins, soutien et travail auxiliaire dans le service de r\u00e9paration et de montage<\/p><\/li><\/ul><p class=\"text-[12.8px] font-[300] leading-[20px] tracking-[.256px] lg:text-[16px] lg:font-[300] lg:leading-[24px] lg:tracking-[.32px] xl:text-[20px] xl:font-[300] xl:leading-[32px] xl:tracking-[.4px]\"> <\/p><\/div><\/div><\/div>\t\t\t\t\t\t\t\t<\/div>\n\t\t\t\t<\/div>\n\t\t\t\t<div class=\"elementor-element elementor-element-28ee8a6 ipx-button-schwarz elementor-align-left elementor-widget elementor-widget-button\" data-id=\"28ee8a6\" data-element_type=\"widget\" data-widget_type=\"button.default\">\n\t\t\t\t<div class=\"elementor-widget-container\">\n\t\t\t\t\t\t\t\t\t<div class=\"elementor-button-wrapper\">\n\t\t\t\t\t<a class=\"elementor-button elementor-button-link elementor-size-sm\" href=\"https:\/\/pmp-germany.de\/fr\/pmp-allemagne\/contact\/\">\n\t\t\t\t\t\t<span class=\"elementor-button-content-wrapper\">\n\t\t\t\t\t\t<span class=\"elementor-button-icon\">\n\t\t\t\t<svg xmlns=\"http:\/\/www.w3.org\/2000\/svg\" fill=\"none\" height=\"24\" viewBox=\"0 0 24 24\" width=\"24\"><path d=\"M1 23L23 1M23 1H3.44444M23 1V20.5556\" stroke=\"currentColor\"><\/path><\/svg>\t\t\t<\/span>\n\t\t\t\t\t\t\t\t\t<span class=\"elementor-button-text\">Postulez d\u00e8s maintenant !<\/span>\n\t\t\t\t\t<\/span>\n\t\t\t\t\t<\/a>\n\t\t\t\t<\/div>\n\t\t\t\t\t\t\t\t<\/div>\n\t\t\t\t<\/div>\n\t\t\t\t<\/div>\n\t\t<div class=\"elementor-element elementor-element-90dab35 e-con-full e-flex e-con e-child\" data-id=\"90dab35\" data-element_type=\"container\">\n\t\t\t\t<div class=\"elementor-element elementor-element-170bc95 elementor-widget__width-initial elementor-widget-tablet__width-initial elementor-widget elementor-widget-text-editor\" data-id=\"170bc95\" data-element_type=\"widget\" data-widget_type=\"text-editor.default\">\n\t\t\t\t<div class=\"elementor-widget-container\">\n\t\t\t\t\t\t\t\t\t<p class=\"text-[20px] font-[600] leading-[32px] mt-6 mb-2\"><strong>Qu&rsquo;est-ce que tu apportes ?<\/strong><\/p><div class=\"mb-7 flex w-full flex-col gap-3\"><ul><li><p class=\"text-[12.8px] font-[300] leading-[20px] tracking-[.256px] lg:text-[16px] lg:font-[300] lg:leading-[24px] lg:tracking-[.32px] xl:text-[20px] xl:font-[300] xl:leading-[32px] xl:tracking-[.4px]\">Formation professionnelle achev\u00e9e avec succ\u00e8s en tant que sp\u00e9cialiste en logistique de stockage et quelques ann\u00e9es d&rsquo;exp\u00e9rience professionnelle dans la gestion des stocks (emballage, exp\u00e9dition, etc.)<\/p><\/li><li><p class=\"text-[12.8px] font-[300] leading-[20px] tracking-[.256px] lg:text-[16px] lg:font-[300] lg:leading-[24px] lg:tracking-[.32px] xl:text-[20px] xl:font-[300] xl:leading-[32px] xl:tracking-[.4px]\">En possession d&rsquo;un permis de chariot \u00e9l\u00e9vateur autorisant la conduite d&rsquo;engins de manutention et d&rsquo;un permis de conduire de cat\u00e9gorie B en cours de validit\u00e9.<\/p><\/li><li><p class=\"text-[12.8px] font-[300] leading-[20px] tracking-[.256px] lg:text-[16px] lg:font-[300] lg:leading-[24px] lg:tracking-[.32px] xl:text-[20px] xl:font-[300] xl:leading-[32px] xl:tracking-[.4px]\">Bonne connaissance de l&rsquo;allemand \u00e0 l&rsquo;oral et \u00e0 l&rsquo;\u00e9crit<\/p><\/li><li><p class=\"text-[12.8px] font-[300] leading-[20px] tracking-[.256px] lg:text-[16px] lg:font-[300] lg:leading-[24px] lg:tracking-[.32px] xl:text-[20px] xl:font-[300] xl:leading-[32px] xl:tracking-[.4px]\">Un \u00ab\u00a0type\u00a0\u00bb ouvert et r\u00e9ceptif<\/p><\/li><li><p class=\"text-[12.8px] font-[300] leading-[20px] tracking-[.256px] lg:text-[16px] lg:font-[300] lg:leading-[24px] lg:tracking-[.32px] xl:text-[20px] xl:font-[300] xl:leading-[32px] xl:tracking-[.4px]\">Sens aigu de la s\u00e9curit\u00e9 et de la qualit\u00e9<\/p><\/li><li><p class=\"text-[12.8px] font-[300] leading-[20px] tracking-[.256px] lg:text-[16px] lg:font-[300] lg:leading-[24px] lg:tracking-[.32px] xl:text-[20px] xl:font-[300] xl:leading-[32px] xl:tracking-[.4px]\">Bonne connaissance de l&rsquo;ordinateur ou de MS-Office<\/p><\/li><li><p class=\"text-[12.8px] font-[300] leading-[20px] tracking-[.256px] lg:text-[16px] lg:font-[300] lg:leading-[24px] lg:tracking-[.32px] xl:text-[20px] xl:font-[300] xl:leading-[32px] xl:tracking-[.4px]\">La main \u00e0 la p\u00e2te avec une force conceptuelle et beaucoup d&rsquo;envie d&rsquo;agir<\/p><\/li><\/ul><p class=\"text-[12.8px] font-[300] leading-[20px] tracking-[.256px] lg:text-[16px] lg:font-[300] lg:leading-[24px] lg:tracking-[.32px] xl:text-[20px] xl:font-[300] xl:leading-[32px] xl:tracking-[.4px]\"> <\/p><\/div><p class=\"text-[20px] font-[600] leading-[32px] mt-6 mb-2\"><strong>Qu&rsquo;est-ce qui t&rsquo;attend ?<\/strong><\/p><div class=\"mb-7 flex w-full flex-col gap-3\"><ul><li><p class=\"text-[12.8px] font-[300] leading-[20px] tracking-[.256px] lg:text-[16px] lg:font-[300] lg:leading-[24px] lg:tracking-[.32px] xl:text-[20px] xl:font-[300] xl:leading-[32px] xl:tracking-[.4px]\">Hi\u00e9rarchie horizontale avec une culture \u00ab\u00a0du&rsquo;z\u00a0\u00bb v\u00e9cue au quotidien<\/p><\/li><li><p class=\"text-[12.8px] font-[300] leading-[20px] tracking-[.256px] lg:text-[16px] lg:font-[300] lg:leading-[24px] lg:tracking-[.32px] xl:text-[20px] xl:font-[300] xl:leading-[32px] xl:tracking-[.4px]\">Possibilit\u00e9s de formation continue<\/p><\/li><li><p class=\"text-[12.8px] font-[300] leading-[20px] tracking-[.256px] lg:text-[16px] lg:font-[300] lg:leading-[24px] lg:tracking-[.32px] xl:text-[20px] xl:font-[300] xl:leading-[32px] xl:tracking-[.4px]\">Divers \u00e9v\u00e9nements d&rsquo;\u00e9quipe<\/p><\/li><li><p class=\"text-[12.8px] font-[300] leading-[20px] tracking-[.256px] lg:text-[16px] lg:font-[300] lg:leading-[24px] lg:tracking-[.32px] xl:text-[20px] xl:font-[300] xl:leading-[32px] xl:tracking-[.4px]\">30 jours de cong\u00e9 annuel<\/p><\/li><li><p class=\"text-[12.8px] font-[300] leading-[20px] tracking-[.256px] lg:text-[16px] lg:font-[300] lg:leading-[24px] lg:tracking-[.32px] xl:text-[20px] xl:font-[300] xl:leading-[32px] xl:tracking-[.4px]\">Temps de travail fond\u00e9 sur la confiance<\/p><\/li><\/ul><p class=\"text-[12.8px] font-[300] leading-[20px] tracking-[.256px] lg:text-[16px] lg:font-[300] lg:leading-[24px] lg:tracking-[.32px] xl:text-[20px] xl:font-[300] xl:leading-[32px] xl:tracking-[.4px]\"> <\/p><\/div><div class=\"mt-10 lg:mt-20\"><div class=\"mb-7 flex w-full flex-col gap-3\"><p class=\"text-[12.8px] font-[300] leading-[20px] tracking-[.256px] lg:text-[16px] lg:font-[300] lg:leading-[24px] lg:tracking-[.32px] xl:text-[20px] xl:font-[300] xl:leading-[32px] xl:tracking-[.4px]\">Si tu te reconnais dans cette description, nous nous r\u00e9jouissons de recevoir ton dossier complet (y compris tes pr\u00e9tentions salariales et ton d\u00e9lai de r\u00e9siliation) \u00e0 <a class=\"text-[12.8px] font-[300] leading-[20px] tracking-[.256px] lg:text-[16px] lg:font-[300] lg:leading-[24px] lg:tracking-[.32px] xl:text-[20px] xl:font-[300] xl:leading-[32px] xl:tracking-[.4px] underline\" href=\"mailto:karriere@pmp-germany.de\">karriere@pmp-germany.de.<\/a><\/p><\/div><\/div>\t\t\t\t\t\t\t\t<\/div>\n\t\t\t\t<\/div>\n\t\t\t\t<\/div>\n\t\t\t\t\t<\/div>\n\t\t\t\t<\/div>\n\t\t\t\t<\/div>\n\t\t","protected":false},"excerpt":{"rendered":"<p>Sp\u00e9cialiste en logistique d&rsquo;entreposage (h\/f) Nous sommes un groupe d&rsquo;entreprises jeune, tr\u00e8s dynamique et en pleine croissance dans le domaine de la technique d&rsquo;entra\u00eenement et nous recherchons d\u00e8s maintenant du renfort dans l&rsquo;entrep\u00f4t\/l&rsquo;exp\u00e9dition. Si tu es \u00e0 la recherche d&rsquo;un nouveau d\u00e9fi et que tu as vraiment envie de nous accompagner dans notre croissance, tu [&hellip;]<\/p>\n","protected":false},"author":1,"featured_media":0,"parent":13298,"menu_order":0,"comment_status":"closed","ping_status":"closed","template":"","meta":{"footnotes":""},"class_list":["post-13272","page","type-page","status-publish","hentry"],"yoast_head":"<!-- This site is optimized with the Yoast SEO plugin v25.3.1 - https:\/\/yoast.com\/wordpress\/plugins\/seo\/ -->\n<title>Sp\u00e9cialiste en logistique d&#039;entreposage - PMP Germany | Kupplungen<\/title>\n<meta name=\"robots\" content=\"index, follow, max-snippet:-1, max-image-preview:large, max-video-preview:-1\" \/>\n<link rel=\"canonical\" href=\"https:\/\/pmp-germany.de\/fr\/carriere\/specialiste-en-logistique-dentreposage\/\" \/>\n<meta property=\"og:locale\" content=\"fr_FR\" \/>\n<meta property=\"og:type\" content=\"article\" \/>\n<meta property=\"og:title\" content=\"Sp\u00e9cialiste en logistique d&#039;entreposage - PMP Germany | Kupplungen\" \/>\n<meta property=\"og:description\" content=\"Sp\u00e9cialiste en logistique d&rsquo;entreposage (h\/f) Nous sommes un groupe d&rsquo;entreprises jeune, tr\u00e8s dynamique et en pleine croissance dans le domaine de la technique d&rsquo;entra\u00eenement et nous recherchons d\u00e8s maintenant du renfort dans l&rsquo;entrep\u00f4t\/l&rsquo;exp\u00e9dition. Si tu es \u00e0 la recherche d&rsquo;un nouveau d\u00e9fi et que tu as vraiment envie de nous accompagner dans notre croissance, tu [&hellip;]\" \/>\n<meta property=\"og:url\" content=\"https:\/\/pmp-germany.de\/fr\/carriere\/specialiste-en-logistique-dentreposage\/\" \/>\n<meta property=\"og:site_name\" content=\"PMP Germany | Kupplungen\" \/>\n<meta property=\"article:modified_time\" content=\"2025-05-14T08:19:32+00:00\" \/>\n<meta property=\"og:image\" content=\"http:\/\/pmp-germany.de\/wp-content\/uploads\/2025\/02\/Bildschirmfoto-2025-02-14-um-13.52.32.png\" \/>\n<meta name=\"twitter:card\" content=\"summary_large_image\" \/>\n<meta name=\"twitter:label1\" content=\"Dur\u00e9e de lecture estim\u00e9e\" \/>\n\t<meta name=\"twitter:data1\" content=\"2 minutes\" \/>\n<script type=\"application\/ld+json\" class=\"yoast-schema-graph\">{\"@context\":\"https:\/\/schema.org\",\"@graph\":[{\"@type\":\"WebPage\",\"@id\":\"https:\/\/pmp-germany.de\/fr\/carriere\/specialiste-en-logistique-dentreposage\/\",\"url\":\"https:\/\/pmp-germany.de\/fr\/carriere\/specialiste-en-logistique-dentreposage\/\",\"name\":\"Sp\u00e9cialiste en logistique d'entreposage - PMP Germany | Kupplungen\",\"isPartOf\":{\"@id\":\"https:\/\/pmp-germany.de\/fr\/#website\"},\"primaryImageOfPage\":{\"@id\":\"https:\/\/pmp-germany.de\/fr\/carriere\/specialiste-en-logistique-dentreposage\/#primaryimage\"},\"image\":{\"@id\":\"https:\/\/pmp-germany.de\/fr\/carriere\/specialiste-en-logistique-dentreposage\/#primaryimage\"},\"thumbnailUrl\":\"http:\/\/pmp-germany.de\/wp-content\/uploads\/2025\/02\/Bildschirmfoto-2025-02-14-um-13.52.32.png\",\"datePublished\":\"2025-04-23T11:24:49+00:00\",\"dateModified\":\"2025-05-14T08:19:32+00:00\",\"breadcrumb\":{\"@id\":\"https:\/\/pmp-germany.de\/fr\/carriere\/specialiste-en-logistique-dentreposage\/#breadcrumb\"},\"inLanguage\":\"fr-FR\",\"potentialAction\":[{\"@type\":\"ReadAction\",\"target\":[\"https:\/\/pmp-germany.de\/fr\/carriere\/specialiste-en-logistique-dentreposage\/\"]}]},{\"@type\":\"ImageObject\",\"inLanguage\":\"fr-FR\",\"@id\":\"https:\/\/pmp-germany.de\/fr\/carriere\/specialiste-en-logistique-dentreposage\/#primaryimage\",\"url\":\"http:\/\/pmp-germany.de\/wp-content\/uploads\/2025\/02\/Bildschirmfoto-2025-02-14-um-13.52.32.png\",\"contentUrl\":\"http:\/\/pmp-germany.de\/wp-content\/uploads\/2025\/02\/Bildschirmfoto-2025-02-14-um-13.52.32.png\"},{\"@type\":\"BreadcrumbList\",\"@id\":\"https:\/\/pmp-germany.de\/fr\/carriere\/specialiste-en-logistique-dentreposage\/#breadcrumb\",\"itemListElement\":[{\"@type\":\"ListItem\",\"position\":1,\"name\":\"Startseite\",\"item\":\"https:\/\/pmp-germany.de\/fr\/\"},{\"@type\":\"ListItem\",\"position\":2,\"name\":\"Carri\u00e8re\",\"item\":\"https:\/\/pmp-germany.de\/fr\/carriere\/\"},{\"@type\":\"ListItem\",\"position\":3,\"name\":\"Sp\u00e9cialiste en logistique d&#8217;entreposage\"}]},{\"@type\":\"WebSite\",\"@id\":\"https:\/\/pmp-germany.de\/fr\/#website\",\"url\":\"https:\/\/pmp-germany.de\/fr\/\",\"name\":\"PMP Germany | Kupplungen\",\"description\":\"Wir liefern Kupplungen\",\"potentialAction\":[{\"@type\":\"SearchAction\",\"target\":{\"@type\":\"EntryPoint\",\"urlTemplate\":\"https:\/\/pmp-germany.de\/fr\/?s={search_term_string}\"},\"query-input\":{\"@type\":\"PropertyValueSpecification\",\"valueRequired\":true,\"valueName\":\"search_term_string\"}}],\"inLanguage\":\"fr-FR\"}]}<\/script>\n<!-- \/ Yoast SEO plugin. -->","yoast_head_json":{"title":"Sp\u00e9cialiste en logistique d'entreposage - PMP Germany | Kupplungen","robots":{"index":"index","follow":"follow","max-snippet":"max-snippet:-1","max-image-preview":"max-image-preview:large","max-video-preview":"max-video-preview:-1"},"canonical":"https:\/\/pmp-germany.de\/fr\/carriere\/specialiste-en-logistique-dentreposage\/","og_locale":"fr_FR","og_type":"article","og_title":"Sp\u00e9cialiste en logistique d'entreposage - PMP Germany | Kupplungen","og_description":"Sp\u00e9cialiste en logistique d&rsquo;entreposage (h\/f) Nous sommes un groupe d&rsquo;entreprises jeune, tr\u00e8s dynamique et en pleine croissance dans le domaine de la technique d&rsquo;entra\u00eenement et nous recherchons d\u00e8s maintenant du renfort dans l&rsquo;entrep\u00f4t\/l&rsquo;exp\u00e9dition. Si tu es \u00e0 la recherche d&rsquo;un nouveau d\u00e9fi et que tu as vraiment envie de nous accompagner dans notre croissance, tu [&hellip;]","og_url":"https:\/\/pmp-germany.de\/fr\/carriere\/specialiste-en-logistique-dentreposage\/","og_site_name":"PMP Germany | Kupplungen","article_modified_time":"2025-05-14T08:19:32+00:00","og_image":[{"url":"http:\/\/pmp-germany.de\/wp-content\/uploads\/2025\/02\/Bildschirmfoto-2025-02-14-um-13.52.32.png","type":"","width":"","height":""}],"twitter_card":"summary_large_image","twitter_misc":{"Dur\u00e9e de lecture estim\u00e9e":"2 minutes"},"schema":{"@context":"https:\/\/schema.org","@graph":[{"@type":"WebPage","@id":"https:\/\/pmp-germany.de\/fr\/carriere\/specialiste-en-logistique-dentreposage\/","url":"https:\/\/pmp-germany.de\/fr\/carriere\/specialiste-en-logistique-dentreposage\/","name":"Sp\u00e9cialiste en logistique d'entreposage - PMP Germany | Kupplungen","isPartOf":{"@id":"https:\/\/pmp-germany.de\/fr\/#website"},"primaryImageOfPage":{"@id":"https:\/\/pmp-germany.de\/fr\/carriere\/specialiste-en-logistique-dentreposage\/#primaryimage"},"image":{"@id":"https:\/\/pmp-germany.de\/fr\/carriere\/specialiste-en-logistique-dentreposage\/#primaryimage"},"thumbnailUrl":"http:\/\/pmp-germany.de\/wp-content\/uploads\/2025\/02\/Bildschirmfoto-2025-02-14-um-13.52.32.png","datePublished":"2025-04-23T11:24:49+00:00","dateModified":"2025-05-14T08:19:32+00:00","breadcrumb":{"@id":"https:\/\/pmp-germany.de\/fr\/carriere\/specialiste-en-logistique-dentreposage\/#breadcrumb"},"inLanguage":"fr-FR","potentialAction":[{"@type":"ReadAction","target":["https:\/\/pmp-germany.de\/fr\/carriere\/specialiste-en-logistique-dentreposage\/"]}]},{"@type":"ImageObject","inLanguage":"fr-FR","@id":"https:\/\/pmp-germany.de\/fr\/carriere\/specialiste-en-logistique-dentreposage\/#primaryimage","url":"http:\/\/pmp-germany.de\/wp-content\/uploads\/2025\/02\/Bildschirmfoto-2025-02-14-um-13.52.32.png","contentUrl":"http:\/\/pmp-germany.de\/wp-content\/uploads\/2025\/02\/Bildschirmfoto-2025-02-14-um-13.52.32.png"},{"@type":"BreadcrumbList","@id":"https:\/\/pmp-germany.de\/fr\/carriere\/specialiste-en-logistique-dentreposage\/#breadcrumb","itemListElement":[{"@type":"ListItem","position":1,"name":"Startseite","item":"https:\/\/pmp-germany.de\/fr\/"},{"@type":"ListItem","position":2,"name":"Carri\u00e8re","item":"https:\/\/pmp-germany.de\/fr\/carriere\/"},{"@type":"ListItem","position":3,"name":"Sp\u00e9cialiste en logistique d&#8217;entreposage"}]},{"@type":"WebSite","@id":"https:\/\/pmp-germany.de\/fr\/#website","url":"https:\/\/pmp-germany.de\/fr\/","name":"PMP Germany | Kupplungen","description":"Wir liefern Kupplungen","potentialAction":[{"@type":"SearchAction","target":{"@type":"EntryPoint","urlTemplate":"https:\/\/pmp-germany.de\/fr\/?s={search_term_string}"},"query-input":{"@type":"PropertyValueSpecification","valueRequired":true,"valueName":"search_term_string"}}],"inLanguage":"fr-FR"}]}},"_links":{"self":[{"href":"https:\/\/pmp-germany.de\/fr\/wp-json\/wp\/v2\/pages\/13272","targetHints":{"allow":["GET"]}}],"collection":[{"href":"https:\/\/pmp-germany.de\/fr\/wp-json\/wp\/v2\/pages"}],"about":[{"href":"https:\/\/pmp-germany.de\/fr\/wp-json\/wp\/v2\/types\/page"}],"author":[{"embeddable":true,"href":"https:\/\/pmp-germany.de\/fr\/wp-json\/wp\/v2\/users\/1"}],"replies":[{"embeddable":true,"href":"https:\/\/pmp-germany.de\/fr\/wp-json\/wp\/v2\/comments?post=13272"}],"version-history":[{"count":3,"href":"https:\/\/pmp-germany.de\/fr\/wp-json\/wp\/v2\/pages\/13272\/revisions"}],"predecessor-version":[{"id":14454,"href":"https:\/\/pmp-germany.de\/fr\/wp-json\/wp\/v2\/pages\/13272\/revisions\/14454"}],"up":[{"embeddable":true,"href":"https:\/\/pmp-germany.de\/fr\/wp-json\/wp\/v2\/pages\/13298"}],"wp:attachment":[{"href":"https:\/\/pmp-germany.de\/fr\/wp-json\/wp\/v2\/media?parent=13272"}],"curies":[{"name":"wp","href":"https:\/\/api.w.org\/{rel}","templated":true}]}}