{"id":12321,"date":"2025-04-23T15:45:48","date_gmt":"2025-04-23T13:45:48","guid":{"rendered":"https:\/\/pmp-germany.de\/contact\/"},"modified":"2025-05-13T17:37:55","modified_gmt":"2025-05-13T15:37:55","slug":"contact","status":"publish","type":"page","link":"https:\/\/pmp-germany.de\/fr\/service-pmp\/contact\/","title":{"rendered":"Contact"},"content":{"rendered":"\t\t<div data-elementor-type=\"wp-page\" data-elementor-id=\"12321\" class=\"elementor elementor-12321 elementor-4869\" data-elementor-post-type=\"page\">\n\t\t\t\t<div class=\"elementor-element elementor-element-c1ac521 e-con-full elementor-hidden-mobile e-flex e-con e-parent\" data-id=\"c1ac521\" data-element_type=\"container\" data-settings=\"{&quot;background_background&quot;:&quot;classic&quot;,&quot;sticky&quot;:&quot;top&quot;,&quot;sticky_on&quot;:[&quot;desktop&quot;,&quot;tablet&quot;,&quot;mobile&quot;],&quot;sticky_offset&quot;:0,&quot;sticky_effects_offset&quot;:0,&quot;sticky_anchor_link_offset&quot;:0}\">\n\t\t<div class=\"elementor-element elementor-element-460d20f e-con-full e-flex e-con e-child\" data-id=\"460d20f\" data-element_type=\"container\">\n\t\t\t\t<div class=\"elementor-element elementor-element-8717e60 elementor-widget elementor-widget-image\" data-id=\"8717e60\" data-element_type=\"widget\" data-widget_type=\"image.default\">\n\t\t\t\t<div class=\"elementor-widget-container\">\n\t\t\t\t\t\t\t\t\t\t\t\t\t\t\t\t<a href=\"\/pmp-service\">\n\t\t\t\t\t\t\t<img decoding=\"async\" width=\"264\" height=\"56\" src=\"https:\/\/pmp-germany.de\/wp-content\/uploads\/2025\/04\/svgviewer-output-1.svg\" class=\"attachment-large size-large wp-image-10524\" alt=\"\" \/>\t\t\t\t\t\t\t\t<\/a>\n\t\t\t\t\t\t\t\t\t\t\t\t\t\t\t<\/div>\n\t\t\t\t<\/div>\n\t\t\t\t<\/div>\n\t\t\t\t<\/div>\n\t\t<div class=\"elementor-element elementor-element-bdadc24 e-flex e-con-boxed e-con e-parent\" data-id=\"bdadc24\" data-element_type=\"container\" data-settings=\"{&quot;background_background&quot;:&quot;classic&quot;}\">\n\t\t\t\t\t<div class=\"e-con-inner\">\n\t\t\t\t\t<\/div>\n\t\t\t\t<\/div>\n\t\t<div class=\"elementor-element elementor-element-d9827e3 e-flex e-con-boxed e-con e-parent\" data-id=\"d9827e3\" data-element_type=\"container\">\n\t\t\t\t\t<div class=\"e-con-inner\">\n\t\t<div class=\"elementor-element elementor-element-8763724 e-con-full e-flex e-con e-child\" data-id=\"8763724\" data-element_type=\"container\">\n\t\t\t\t<div class=\"elementor-element elementor-element-6a8b066 h2-strich-links2 pmp-service elementor-widget__width-initial elementor-widget-mobile__width-initial elementor-widget elementor-widget-heading\" data-id=\"6a8b066\" data-element_type=\"widget\" data-widget_type=\"heading.default\">\n\t\t\t\t<div class=\"elementor-widget-container\">\n\t\t\t\t\t<h2 class=\"elementor-heading-title elementor-size-default\">Nous nous r\u00e9jouissons de vous accueillir.\n<\/h2>\t\t\t\t<\/div>\n\t\t\t\t<\/div>\n\t\t\t\t<\/div>\n\t\t\t\t\t<\/div>\n\t\t\t\t<\/div>\n\t\t<div class=\"elementor-element elementor-element-ae21e84 e-flex e-con-boxed e-con e-parent\" data-id=\"ae21e84\" data-element_type=\"container\">\n\t\t\t\t\t<div class=\"e-con-inner\">\n\t\t\t\t<div class=\"elementor-element elementor-element-8fd8436 elementor-button-align-start ipx-form-kontakt service-kontakt dot elementor-widget elementor-widget-form\" data-id=\"8fd8436\" data-element_type=\"widget\" data-settings=\"{&quot;step_next_label&quot;:&quot;Prochain&quot;,&quot;step_previous_label&quot;:&quot;Pr\\u00e9c\\u00e9dent&quot;,&quot;button_width&quot;:&quot;100&quot;,&quot;step_type&quot;:&quot;number_text&quot;,&quot;step_icon_shape&quot;:&quot;circle&quot;}\" data-widget_type=\"form.default\">\n\t\t\t\t<div class=\"elementor-widget-container\">\n\t\t\t\t\t\t\t<form class=\"elementor-form\" method=\"post\" name=\"Nouveau formulaire\">\n\t\t\t<input type=\"hidden\" name=\"post_id\" value=\"12321\"\/>\n\t\t\t<input type=\"hidden\" name=\"form_id\" value=\"8fd8436\"\/>\n\t\t\t<input type=\"hidden\" name=\"referer_title\" value=\"Contact - PMP Germany | Kupplungen\" \/>\n\n\t\t\t\t\t\t\t<input type=\"hidden\" name=\"queried_id\" value=\"12321\"\/>\n\t\t\t\n\t\t\t<div class=\"elementor-form-fields-wrapper elementor-labels-above\">\n\t\t\t\t\t\t\t\t<div class=\"elementor-field-type-hidden elementor-field-group elementor-column elementor-field-group-anliegen elementor-col-100\">\n\t\t\t\t\t\t\t\t\t\t\t\t\t<input size=\"1\" type=\"hidden\" name=\"form_fields[anliegen]\" id=\"form-field-anliegen\" class=\"elementor-field elementor-size-sm  elementor-field-textual\">\n\t\t\t\t\t\t\t\t\t\t\t<\/div>\n\t\t\t\t\t\t\t\t<div class=\"elementor-field-type-html elementor-field-group elementor-column elementor-field-group-field_7b4e331 elementor-col-33\">\n\t\t\t\t\t<div class=\"dropdown-wrapper\">\n  <label for=\"anliegen\"><span class=\"required\">Pr\u00e9occupation*<\/span><\/label>\n  <div class=\"dropdown\" id=\"dropdown-anliegen\">\n    <div class=\"dropdown-toggle\" id=\"dropdown-toggle-anliegen\" onclick=\"toggleDropdownAnliegen()\">\n      <span class=\"selected-option-anliegen\"><\/span>\n      <span class=\"dropdown-arrow\">\u25be<\/span>\n    <\/div>\n    <div class=\"dropdown-menu\" id=\"dropdown-menu-anliegen\">\n      <div class=\"dropdown-option-anliegen\" onclick=\"selectOptionAnliegen(this)\">Demande de produit \/ service<\/div>\n      <div class=\"dropdown-option-anliegen\" onclick=\"selectOptionAnliegen(this)\">Support technique<\/div>\n      <div class=\"dropdown-option-anliegen\" onclick=\"selectOptionAnliegen(this)\">Service d'urgence<\/div>\n      <div class=\"dropdown-option-anliegen\" onclick=\"selectOptionAnliegen(this)\">\u00c9valuation PMP<\/div>\n    <\/div>\n    <input type=\"hidden\" name=\"anliegen\" id=\"anliegen\" required=\"\">\n  <\/div>\n<\/div>\n\n<script>\n  function toggleDropdownAnliegen() {\n    const dropdown = document.getElementById(\"dropdown-anliegen\");\n    dropdown.classList.toggle(\"open\");\n  }\n\n  function selectOptionAnliegen(option) {\n    const text = option.textContent;\n    document.querySelector(\".selected-option-anliegen\").textContent = text;\n\n    \/\/ Schreibe Auswahl in das Elementor-Feld\n    const hiddenField = document.getElementById(\"form-field-anliegen\");\n    if (hiddenField) {\n      hiddenField.value = text;\n    }\n\n    document.getElementById(\"dropdown-anliegen\").classList.remove(\"open\");\n  }\n\n  document.addEventListener(\"click\", function (event) {\n    const dropdown = document.getElementById(\"dropdown-anliegen\");\n    if (!dropdown.contains(event.target)) {\n      dropdown.classList.remove(\"open\");\n    }\n  });\n<\/script>\n\t\t\t\t<\/div>\n\t\t\t\t\t\t\t\t<div class=\"elementor-field-type-hidden elementor-field-group elementor-column elementor-field-group-anrede elementor-col-100\">\n\t\t\t\t\t\t\t\t\t\t\t\t\t<input size=\"1\" type=\"hidden\" name=\"form_fields[anrede]\" id=\"form-field-anrede\" class=\"elementor-field elementor-size-sm  elementor-field-textual\">\n\t\t\t\t\t\t\t\t\t\t\t<\/div>\n\t\t\t\t\t\t\t\t<div class=\"elementor-field-type-html elementor-field-group elementor-column elementor-field-group-field_729c82c elementor-col-33\">\n\t\t\t\t\t<div class=\"dropdown-wrapper\">\n  <label for=\"anrede\">Formule de <span class=\"required\"> politesse*<\/span><\/label>\n  <div class=\"dropdown\" id=\"dropdown-anrede\">\n    <div class=\"dropdown-toggle\" id=\"dropdown-toggle-anrede\" onclick=\"toggleDropdownAnrede()\">\n      <span class=\"selected-option-anrede\"><\/span>\n      <span class=\"dropdown-arrow\">\u25be<\/span>\n    <\/div>\n    <div class=\"dropdown-menu\" id=\"dropdown-menu-anrede\">\n      <div class=\"dropdown-option-anrede\" onclick=\"selectOptionAnrede(this)\">Monsieur<\/div>\n      <div class=\"dropdown-option-anrede\" onclick=\"selectOptionAnrede(this)\">Mme<\/div>\n      <div class=\"dropdown-option-anrede\" onclick=\"selectOptionAnrede(this)\">Divers<\/div>\n    <\/div>\n    <input type=\"hidden\" name=\"anrede\" id=\"anrede\" required=\"\">\n  <\/div>\n<\/div>\n\n<script>\n  function toggleDropdownAnrede() {\n    const dropdown = document.getElementById(\"dropdown-anrede\");\n    dropdown.classList.toggle(\"open\");\n  }\n\n  function selectOptionAnrede(option) {\n    const text = option.textContent;\n    document.querySelector(\".selected-option-anrede\").textContent = text;\n\n    \/\/ schreibe Auswahl in echtes Elementor-Feld\n    const hiddenField = document.querySelector('#form-field-anrede');\n    if (hiddenField) {\n      hiddenField.value = text;\n    }\n\n    document.getElementById(\"dropdown-anrede\").classList.remove(\"open\");\n  }\n\n  document.addEventListener(\"click\", function (event) {\n    const dropdown = document.getElementById(\"dropdown-anrede\");\n    if (!dropdown.contains(event.target)) {\n      dropdown.classList.remove(\"open\");\n    }\n  });\n<\/script>\n\t\t\t\t<\/div>\n\t\t\t\t\t\t\t\t<div class=\"elementor-field-type-tel elementor-field-group elementor-column elementor-field-group-telefon elementor-col-33 elementor-field-required elementor-mark-required\">\n\t\t\t\t\t\t\t\t\t\t\t\t<label for=\"form-field-telefon\" class=\"elementor-field-label\">\n\t\t\t\t\t\t\t\tT\u00e9l\u00e9phone\t\t\t\t\t\t\t<\/label>\n\t\t\t\t\t\t\t\t<input size=\"1\" type=\"tel\" name=\"form_fields[telefon]\" id=\"form-field-telefon\" class=\"elementor-field elementor-size-sm  elementor-field-textual\" required=\"required\" pattern=\"[0-9()#&amp;+*-=.]+\" title=\"Seuls les caract\u00e8res de num\u00e9ros de t\u00e9l\u00e9phone (#, -, *, etc.) sont accept\u00e9s.\">\n\n\t\t\t\t\t\t<\/div>\n\t\t\t\t\t\t\t\t<div class=\"elementor-field-type-hidden elementor-field-group elementor-column elementor-field-group-kunde elementor-col-100\">\n\t\t\t\t\t\t\t\t\t\t\t\t\t<input size=\"1\" type=\"hidden\" name=\"form_fields[kunde]\" id=\"form-field-kunde\" class=\"elementor-field elementor-size-sm  elementor-field-textual\">\n\t\t\t\t\t\t\t\t\t\t\t<\/div>\n\t\t\t\t\t\t\t\t<div class=\"elementor-field-type-html elementor-field-group elementor-column elementor-field-group-field_aa69d3d elementor-col-33\">\n\t\t\t\t\t<div class=\"dropdown-wrapper\">\n  <label for=\"dropdown-toggle-kunde\">Je <span class=\"required\"> suis*<\/span><\/label>\n  <div class=\"dropdown\" id=\"dropdown-kunde\">\n    <div class=\"dropdown-toggle\" id=\"dropdown-toggle-kunde\" onclick=\"toggleDropdownKunde()\">\n      <span class=\"selected-option-kunde\"><\/span>\n      <span class=\"dropdown-arrow\">\u25be<\/span>\n    <\/div>\n    <div class=\"dropdown-menu\" id=\"dropdown-menu-kunde\">\n      <div class=\"dropdown-option-kunde\" onclick=\"selectOptionKunde(this)\">Soci\u00e9t\u00e9<\/div>\n      <div class=\"dropdown-option-kunde\" onclick=\"selectOptionKunde(this)\">Client priv\u00e9<\/div>\n    <\/div>\n\n    <!-- Verstecktes Feld, das Elementor erkennt -->\n    <input type=\"hidden\" name=\"kunde\" id=\"form-field-kunde\" required=\"\">\n  <\/div>\n<\/div>\n\n<script>\n  function toggleDropdownKunde() {\n    const dropdown = document.getElementById(\"dropdown-kunde\");\n    dropdown.classList.toggle(\"open\");\n  }\n\n  function selectOptionKunde(option) {\n    const text = option.textContent;\n    document.querySelector(\".selected-option-kunde\").textContent = text;\n\n    \/\/ Auswahl in das von Elementor generierte Feld schreiben\n    const hiddenField = document.getElementById(\"form-field-kunde\");\n    if (hiddenField) {\n      hiddenField.value = text;\n    }\n\n    document.getElementById(\"dropdown-kunde\").classList.remove(\"open\");\n  }\n\n  document.addEventListener(\"click\", function (event) {\n    const dropdown = document.getElementById(\"dropdown-kunde\");\n    if (!dropdown.contains(event.target)) {\n      dropdown.classList.remove(\"open\");\n    }\n  });\n<\/script>\n\t\t\t\t<\/div>\n\t\t\t\t\t\t\t\t<div class=\"elementor-field-type-text elementor-field-group elementor-column elementor-field-group-vorname elementor-col-33\">\n\t\t\t\t\t\t\t\t\t\t\t\t<label for=\"form-field-vorname\" class=\"elementor-field-label\">\n\t\t\t\t\t\t\t\tPr\u00e9nom\t\t\t\t\t\t\t<\/label>\n\t\t\t\t\t\t\t\t\t\t\t\t\t\t<input size=\"1\" type=\"text\" name=\"form_fields[vorname]\" id=\"form-field-vorname\" class=\"elementor-field elementor-size-sm  elementor-field-textual\">\n\t\t\t\t\t\t\t\t\t\t\t<\/div>\n\t\t\t\t\t\t\t\t<div class=\"elementor-field-type-email elementor-field-group elementor-column elementor-field-group-email elementor-col-33 elementor-field-required elementor-mark-required\">\n\t\t\t\t\t\t\t\t\t\t\t\t<label for=\"form-field-email\" class=\"elementor-field-label\">\n\t\t\t\t\t\t\t\tCourrier \u00e9lectronique\t\t\t\t\t\t\t<\/label>\n\t\t\t\t\t\t\t\t\t\t\t\t\t\t<input size=\"1\" type=\"email\" name=\"form_fields[email]\" id=\"form-field-email\" class=\"elementor-field elementor-size-sm  elementor-field-textual\" required=\"required\">\n\t\t\t\t\t\t\t\t\t\t\t<\/div>\n\t\t\t\t\t\t\t\t<div class=\"elementor-field-type-html elementor-field-group elementor-column elementor-field-group-field_29d6ec5 elementor-col-33\">\n\t\t\t\t\t  \t\t\t\t<\/div>\n\t\t\t\t\t\t\t\t<div class=\"elementor-field-type-text elementor-field-group elementor-column elementor-field-group-nachname elementor-col-33 elementor-field-required elementor-mark-required\">\n\t\t\t\t\t\t\t\t\t\t\t\t<label for=\"form-field-nachname\" class=\"elementor-field-label\">\n\t\t\t\t\t\t\t\tNom de famille\t\t\t\t\t\t\t<\/label>\n\t\t\t\t\t\t\t\t\t\t\t\t\t\t<input size=\"1\" type=\"text\" name=\"form_fields[nachname]\" id=\"form-field-nachname\" class=\"elementor-field elementor-size-sm  elementor-field-textual\" required=\"required\">\n\t\t\t\t\t\t\t\t\t\t\t<\/div>\n\t\t\t\t\t\t\t\t<div class=\"elementor-field-type-html elementor-field-group elementor-column elementor-field-group-field_78cdf89 elementor-col-33\">\n\t\t\t\t\t  \t\t\t\t<\/div>\n\t\t\t\t\t\t\t\t<div class=\"elementor-field-type-upload elementor-field-group elementor-column elementor-field-group-upload elementor-col-33\">\n\t\t\t\t\t\t\t<input type=\"file\" name=\"form_fields[upload][]\" id=\"form-field-upload\" class=\"elementor-field elementor-size-sm  elementor-upload-field\" multiple=\"multiple\" data-maxsize=\"499\" data-maxsize-message=\"Ce fichier d\u00e9passe la taille maximale autoris\u00e9e.\">\n\n\t\t\t\t\t\t<\/div>\n\t\t\t\t\t\t\t\t<div class=\"elementor-field-type-html elementor-field-group elementor-column elementor-field-group-field_8fb992c elementor-col-33\">\n\t\t\t\t\t<div class=\"upload-wrapper\">\n  <label>T\u00e9l\u00e9chargement de documents<\/label>\n  <div class=\"upload-box\">\n    <span class=\"file-name\"><\/span>\n    <img decoding=\"async\" src=\"\/wp-content\/uploads\/2025\/04\/svgviewer-output-2.svg\" alt=\"Ic\u00f4ne de t\u00e9l\u00e9chargement\" class=\"upload-icon\">\n  <\/div>\n<\/div>\n<script>\n  document.addEventListener('DOMContentLoaded', function () {\n    const trigger = document.querySelector('.upload-box');\n    const fileInput = document.querySelector('.elementor-field-type-upload input[type=\"file\"]');\n    const fileNameDisplay = document.querySelector('.file-name');\n\n    if (trigger && fileInput) {\n      trigger.addEventListener('click', () => fileInput.click());\n      fileInput.addEventListener('change', () => {\n        fileNameDisplay.textContent = fileInput.files[0]?.name || 'Datei ausw\u00e4hlen';\n      });\n    }\n  });\n<\/script>\t\t\t\t<\/div>\n\t\t\t\t\t\t\t\t<div class=\"elementor-field-type-text elementor-field-group elementor-column elementor-field-group-postanschrift elementor-col-33 elementor-field-required elementor-mark-required\">\n\t\t\t\t\t\t\t\t\t\t\t\t<label for=\"form-field-postanschrift\" class=\"elementor-field-label\">\n\t\t\t\t\t\t\t\tAdresse postale\t\t\t\t\t\t\t<\/label>\n\t\t\t\t\t\t\t\t\t\t\t\t\t\t<input size=\"1\" type=\"text\" name=\"form_fields[postanschrift]\" id=\"form-field-postanschrift\" class=\"elementor-field elementor-size-sm  elementor-field-textual\" required=\"required\">\n\t\t\t\t\t\t\t\t\t\t\t<\/div>\n\t\t\t\t\t\t\t\t<div class=\"elementor-field-type-html elementor-field-group elementor-column elementor-field-group-field_9152ba1 elementor-col-33\">\n\t\t\t\t\t  \t\t\t\t<\/div>\n\t\t\t\t\t\t\t\t<div class=\"elementor-field-type-textarea elementor-field-group elementor-column elementor-field-group-nachricht elementor-col-100 elementor-field-required elementor-mark-required\">\n\t\t\t\t\t\t\t\t\t\t\t\t<label for=\"form-field-nachricht\" class=\"elementor-field-label\">\n\t\t\t\t\t\t\t\tVotre message\t\t\t\t\t\t\t<\/label>\n\t\t\t\t\t\t<textarea class=\"elementor-field-textual elementor-field  elementor-size-sm\" name=\"form_fields[nachricht]\" id=\"form-field-nachricht\" rows=\"6\" required=\"required\"><\/textarea>\t\t\t\t<\/div>\n\t\t\t\t\t\t\t\t<div class=\"elementor-field-type-html elementor-field-group elementor-column elementor-field-group-field_1bbad92 elementor-col-25\">\n\t\t\t\t\t<p><strong>Contact :<\/strong><\/p>\n  <p><strong>PMP Germany GmbH | PMP Service GmbH<\/strong><br> Schimmelbuschstra\u00dfe 7c<br> 40699 Erkrath \/ Germany<\/p>\n\n  <p><strong>T\u00e9l\u00e9phone :<\/strong><br>  <a href=\"tel:+4921044938830\">+49 (0)2104 \/ 493 883 - 0<\/a><\/p>\n\n  <p><strong>Courrier \u00e9lectronique :<\/strong><br>  <a href=\"mailto:info@pmp-germany.de\">info@pmp-germany.de<\/a><\/p>\t\t\t\t<\/div>\n\t\t\t\t\t\t\t\t<div class=\"elementor-field-type-acceptance elementor-field-group elementor-column elementor-field-group-field_29876a5 elementor-col-50 elementor-field-required elementor-mark-required\">\n\t\t\t\t\t\t\t<div class=\"elementor-field-subgroup\">\n\t\t\t<span class=\"elementor-field-option\">\n\t\t\t\t<input type=\"checkbox\" name=\"form_fields[field_29876a5]\" id=\"form-field-field_29876a5\" class=\"elementor-field elementor-size-sm  elementor-acceptance-field\" required=\"required\">\n\t\t\t\t<label for=\"form-field-field_29876a5\">J'accepte que mes donn\u00e9es du formulaire de contact soient collect\u00e9es et trait\u00e9es pour r\u00e9pondre \u00e0 ma demande. Les donn\u00e9es seront supprim\u00e9es une fois votre demande trait\u00e9e. \n<br><br><b>Remarque :<\/b>\n<br>Vous pouvez \u00e0 tout moment r\u00e9voquer votre consentement pour l'avenir en envoyant un e-mail \u00e0 info@pmp-germany.de. Vous trouverez des informations d\u00e9taill\u00e9es sur le traitement des donn\u00e9es des utilisateurs dans notre <a class=\"text-[12.8px] font-[300] leading-[20px] tracking-[.256px] lg:text-[16px] lg:font-[300] lg:leading-[24px] lg:tracking-[.32px] xl:text-[20px] xl:font-[300] xl:leading-[32px] xl:tracking-[.4px] underline\" href=\"https:\/\/pmp-germany.de\/datenschutz\/\">d\u00e9claration de protection des donn\u00e9es<\/a>. <\/label>\t\t\t<\/span>\n\t\t<\/div>\n\t\t\t\t\t\t<\/div>\n\t\t\t\t\t\t\t\t<div class=\"elementor-field-group elementor-column elementor-field-type-submit elementor-col-100 e-form__buttons\">\n\t\t\t\t\t<button class=\"elementor-button elementor-size-sm\" type=\"submit\" id=\"ipx-button-schwarz\">\n\t\t\t\t\t\t<span class=\"elementor-button-content-wrapper\">\n\t\t\t\t\t\t\t\t\t\t\t\t\t\t\t<span class=\"elementor-button-icon\">\n\t\t\t\t\t\t\t\t\t<svg xmlns=\"http:\/\/www.w3.org\/2000\/svg\" fill=\"none\" height=\"24\" viewBox=\"0 0 24 24\" width=\"24\"><path d=\"M1 23L23 1M23 1H3.44444M23 1V20.5556\" stroke=\"currentColor\"><\/path><\/svg>\t\t\t\t\t\t\t\t\t\t\t\t\t\t\t\t\t<\/span>\n\t\t\t\t\t\t\t\t\t\t\t\t\t\t\t\t\t\t\t\t\t\t<span class=\"elementor-button-text\">Envoyer<\/span>\n\t\t\t\t\t\t\t\t\t\t\t\t\t<\/span>\n\t\t\t\t\t<\/button>\n\t\t\t\t<\/div>\n\t\t\t<\/div>\n\t\t<\/form>\n\t\t\t\t\t\t<\/div>\n\t\t\t\t<\/div>\n\t\t\t\t\t<\/div>\n\t\t\t\t<\/div>\n\t\t\t\t<\/div>\n\t\t","protected":false},"excerpt":{"rendered":"<p>Nous nous r\u00e9jouissons de vous accueillir.<\/p>\n","protected":false},"author":1,"featured_media":0,"parent":13453,"menu_order":0,"comment_status":"closed","ping_status":"closed","template":"","meta":{"footnotes":""},"class_list":["post-12321","page","type-page","status-publish","hentry"],"yoast_head":"<!-- This site is optimized with the Yoast SEO plugin v25.3.1 - https:\/\/yoast.com\/wordpress\/plugins\/seo\/ -->\n<title>Contact - PMP Germany | Kupplungen<\/title>\n<meta name=\"robots\" content=\"index, follow, max-snippet:-1, max-image-preview:large, max-video-preview:-1\" \/>\n<link rel=\"canonical\" href=\"https:\/\/pmp-germany.de\/fr\/service-pmp\/contact\/\" \/>\n<meta property=\"og:locale\" content=\"fr_FR\" \/>\n<meta property=\"og:type\" content=\"article\" \/>\n<meta property=\"og:title\" content=\"Contact - PMP Germany | Kupplungen\" \/>\n<meta property=\"og:description\" content=\"Nous nous r\u00e9jouissons de vous accueillir.\" \/>\n<meta property=\"og:url\" content=\"https:\/\/pmp-germany.de\/fr\/service-pmp\/contact\/\" \/>\n<meta property=\"og:site_name\" content=\"PMP Germany | Kupplungen\" \/>\n<meta property=\"article:modified_time\" content=\"2025-05-13T15:37:55+00:00\" \/>\n<meta property=\"og:image\" content=\"http:\/\/pmp-germany.de\/wp-content\/uploads\/2025\/04\/svgviewer-output-1.svg\" \/>\n<meta name=\"twitter:card\" content=\"summary_large_image\" \/>\n<script type=\"application\/ld+json\" class=\"yoast-schema-graph\">{\"@context\":\"https:\/\/schema.org\",\"@graph\":[{\"@type\":\"WebPage\",\"@id\":\"https:\/\/pmp-germany.de\/fr\/service-pmp\/contact\/\",\"url\":\"https:\/\/pmp-germany.de\/fr\/service-pmp\/contact\/\",\"name\":\"Contact - PMP Germany | Kupplungen\",\"isPartOf\":{\"@id\":\"https:\/\/pmp-germany.de\/fr\/#website\"},\"primaryImageOfPage\":{\"@id\":\"https:\/\/pmp-germany.de\/fr\/service-pmp\/contact\/#primaryimage\"},\"image\":{\"@id\":\"https:\/\/pmp-germany.de\/fr\/service-pmp\/contact\/#primaryimage\"},\"thumbnailUrl\":\"http:\/\/pmp-germany.de\/wp-content\/uploads\/2025\/04\/svgviewer-output-1.svg\",\"datePublished\":\"2025-04-23T13:45:48+00:00\",\"dateModified\":\"2025-05-13T15:37:55+00:00\",\"breadcrumb\":{\"@id\":\"https:\/\/pmp-germany.de\/fr\/service-pmp\/contact\/#breadcrumb\"},\"inLanguage\":\"fr-FR\",\"potentialAction\":[{\"@type\":\"ReadAction\",\"target\":[\"https:\/\/pmp-germany.de\/fr\/service-pmp\/contact\/\"]}]},{\"@type\":\"ImageObject\",\"inLanguage\":\"fr-FR\",\"@id\":\"https:\/\/pmp-germany.de\/fr\/service-pmp\/contact\/#primaryimage\",\"url\":\"http:\/\/pmp-germany.de\/wp-content\/uploads\/2025\/04\/svgviewer-output-1.svg\",\"contentUrl\":\"http:\/\/pmp-germany.de\/wp-content\/uploads\/2025\/04\/svgviewer-output-1.svg\"},{\"@type\":\"BreadcrumbList\",\"@id\":\"https:\/\/pmp-germany.de\/fr\/service-pmp\/contact\/#breadcrumb\",\"itemListElement\":[{\"@type\":\"ListItem\",\"position\":1,\"name\":\"Startseite\",\"item\":\"https:\/\/pmp-germany.de\/fr\/\"},{\"@type\":\"ListItem\",\"position\":2,\"name\":\"Service PMP\",\"item\":\"https:\/\/pmp-germany.de\/fr\/pmp-service\/\"},{\"@type\":\"ListItem\",\"position\":3,\"name\":\"Contact\"}]},{\"@type\":\"WebSite\",\"@id\":\"https:\/\/pmp-germany.de\/fr\/#website\",\"url\":\"https:\/\/pmp-germany.de\/fr\/\",\"name\":\"PMP Germany | Kupplungen\",\"description\":\"Wir liefern Kupplungen\",\"potentialAction\":[{\"@type\":\"SearchAction\",\"target\":{\"@type\":\"EntryPoint\",\"urlTemplate\":\"https:\/\/pmp-germany.de\/fr\/?s={search_term_string}\"},\"query-input\":{\"@type\":\"PropertyValueSpecification\",\"valueRequired\":true,\"valueName\":\"search_term_string\"}}],\"inLanguage\":\"fr-FR\"}]}<\/script>\n<!-- \/ Yoast SEO plugin. -->","yoast_head_json":{"title":"Contact - PMP Germany | Kupplungen","robots":{"index":"index","follow":"follow","max-snippet":"max-snippet:-1","max-image-preview":"max-image-preview:large","max-video-preview":"max-video-preview:-1"},"canonical":"https:\/\/pmp-germany.de\/fr\/service-pmp\/contact\/","og_locale":"fr_FR","og_type":"article","og_title":"Contact - PMP Germany | Kupplungen","og_description":"Nous nous r\u00e9jouissons de vous accueillir.","og_url":"https:\/\/pmp-germany.de\/fr\/service-pmp\/contact\/","og_site_name":"PMP Germany | Kupplungen","article_modified_time":"2025-05-13T15:37:55+00:00","og_image":[{"url":"http:\/\/pmp-germany.de\/wp-content\/uploads\/2025\/04\/svgviewer-output-1.svg","type":"","width":"","height":""}],"twitter_card":"summary_large_image","schema":{"@context":"https:\/\/schema.org","@graph":[{"@type":"WebPage","@id":"https:\/\/pmp-germany.de\/fr\/service-pmp\/contact\/","url":"https:\/\/pmp-germany.de\/fr\/service-pmp\/contact\/","name":"Contact - PMP Germany | Kupplungen","isPartOf":{"@id":"https:\/\/pmp-germany.de\/fr\/#website"},"primaryImageOfPage":{"@id":"https:\/\/pmp-germany.de\/fr\/service-pmp\/contact\/#primaryimage"},"image":{"@id":"https:\/\/pmp-germany.de\/fr\/service-pmp\/contact\/#primaryimage"},"thumbnailUrl":"http:\/\/pmp-germany.de\/wp-content\/uploads\/2025\/04\/svgviewer-output-1.svg","datePublished":"2025-04-23T13:45:48+00:00","dateModified":"2025-05-13T15:37:55+00:00","breadcrumb":{"@id":"https:\/\/pmp-germany.de\/fr\/service-pmp\/contact\/#breadcrumb"},"inLanguage":"fr-FR","potentialAction":[{"@type":"ReadAction","target":["https:\/\/pmp-germany.de\/fr\/service-pmp\/contact\/"]}]},{"@type":"ImageObject","inLanguage":"fr-FR","@id":"https:\/\/pmp-germany.de\/fr\/service-pmp\/contact\/#primaryimage","url":"http:\/\/pmp-germany.de\/wp-content\/uploads\/2025\/04\/svgviewer-output-1.svg","contentUrl":"http:\/\/pmp-germany.de\/wp-content\/uploads\/2025\/04\/svgviewer-output-1.svg"},{"@type":"BreadcrumbList","@id":"https:\/\/pmp-germany.de\/fr\/service-pmp\/contact\/#breadcrumb","itemListElement":[{"@type":"ListItem","position":1,"name":"Startseite","item":"https:\/\/pmp-germany.de\/fr\/"},{"@type":"ListItem","position":2,"name":"Service PMP","item":"https:\/\/pmp-germany.de\/fr\/pmp-service\/"},{"@type":"ListItem","position":3,"name":"Contact"}]},{"@type":"WebSite","@id":"https:\/\/pmp-germany.de\/fr\/#website","url":"https:\/\/pmp-germany.de\/fr\/","name":"PMP Germany | Kupplungen","description":"Wir liefern Kupplungen","potentialAction":[{"@type":"SearchAction","target":{"@type":"EntryPoint","urlTemplate":"https:\/\/pmp-germany.de\/fr\/?s={search_term_string}"},"query-input":{"@type":"PropertyValueSpecification","valueRequired":true,"valueName":"search_term_string"}}],"inLanguage":"fr-FR"}]}},"_links":{"self":[{"href":"https:\/\/pmp-germany.de\/fr\/wp-json\/wp\/v2\/pages\/12321","targetHints":{"allow":["GET"]}}],"collection":[{"href":"https:\/\/pmp-germany.de\/fr\/wp-json\/wp\/v2\/pages"}],"about":[{"href":"https:\/\/pmp-germany.de\/fr\/wp-json\/wp\/v2\/types\/page"}],"author":[{"embeddable":true,"href":"https:\/\/pmp-germany.de\/fr\/wp-json\/wp\/v2\/users\/1"}],"replies":[{"embeddable":true,"href":"https:\/\/pmp-germany.de\/fr\/wp-json\/wp\/v2\/comments?post=12321"}],"version-history":[{"count":2,"href":"https:\/\/pmp-germany.de\/fr\/wp-json\/wp\/v2\/pages\/12321\/revisions"}],"predecessor-version":[{"id":13456,"href":"https:\/\/pmp-germany.de\/fr\/wp-json\/wp\/v2\/pages\/12321\/revisions\/13456"}],"up":[{"embeddable":true,"href":"https:\/\/pmp-germany.de\/fr\/wp-json\/wp\/v2\/pages\/13453"}],"wp:attachment":[{"href":"https:\/\/pmp-germany.de\/fr\/wp-json\/wp\/v2\/media?parent=12321"}],"curies":[{"name":"wp","href":"https:\/\/api.w.org\/{rel}","templated":true}]}}