{"id":14072,"date":"2025-03-18T10:09:37","date_gmt":"2025-03-18T09:09:37","guid":{"rendered":"https:\/\/pmp-germany.de\/pmp-alemania\/productos\/pmp-individual\/"},"modified":"2025-05-13T17:41:43","modified_gmt":"2025-05-13T15:41:43","slug":"pmp-individual","status":"publish","type":"page","link":"https:\/\/pmp-germany.de\/es\/pmp-alemania\/productos\/pmp-individual\/","title":{"rendered":"PMP Individual"},"content":{"rendered":"\t\t<div data-elementor-type=\"wp-page\" data-elementor-id=\"14072\" class=\"elementor elementor-14072 elementor-1106\" data-elementor-post-type=\"page\">\n\t\t\t\t<div class=\"elementor-element elementor-element-06ede57 e-con-full elementor-hidden-mobile e-flex e-con e-parent\" data-id=\"06ede57\" data-element_type=\"container\" data-settings=\"{&quot;background_background&quot;:&quot;classic&quot;,&quot;sticky&quot;:&quot;top&quot;,&quot;sticky_on&quot;:[&quot;desktop&quot;,&quot;tablet&quot;,&quot;mobile&quot;],&quot;sticky_offset&quot;:0,&quot;sticky_effects_offset&quot;:0,&quot;sticky_anchor_link_offset&quot;:0}\">\n\t\t<div class=\"elementor-element elementor-element-2da0181 e-con-full e-flex e-con e-child\" data-id=\"2da0181\" data-element_type=\"container\">\n\t\t\t\t<div class=\"elementor-element elementor-element-351bf23 elementor-widget elementor-widget-image\" data-id=\"351bf23\" data-element_type=\"widget\" data-widget_type=\"image.default\">\n\t\t\t\t<div class=\"elementor-widget-container\">\n\t\t\t\t\t\t\t\t\t\t\t\t\t\t\t\t<a href=\"\/pmp-germany\">\n\t\t\t\t\t\t\t<img decoding=\"async\" width=\"622\" height=\"162\" src=\"https:\/\/pmp-germany.de\/wp-content\/uploads\/2025\/02\/Bildschirmfoto-2025-02-14-um-13.52.32.png\" class=\"attachment-large size-large wp-image-7685\" alt=\"\" srcset=\"https:\/\/pmp-germany.de\/wp-content\/uploads\/2025\/02\/Bildschirmfoto-2025-02-14-um-13.52.32.png 622w, https:\/\/pmp-germany.de\/wp-content\/uploads\/2025\/02\/Bildschirmfoto-2025-02-14-um-13.52.32-300x78.png 300w\" sizes=\"(max-width: 622px) 100vw, 622px\" \/>\t\t\t\t\t\t\t\t<\/a>\n\t\t\t\t\t\t\t\t\t\t\t\t\t\t\t<\/div>\n\t\t\t\t<\/div>\n\t\t\t\t<\/div>\n\t\t<div class=\"elementor-element elementor-element-3fc8fc4 e-con-full e-flex e-con e-child\" data-id=\"3fc8fc4\" data-element_type=\"container\">\n\t\t\t\t<div class=\"elementor-element elementor-element-a353915 elementor-nav-menu__align-end ipx-nav-text elementor-nav-menu--dropdown-none elementor-widget elementor-widget-nav-menu\" data-id=\"a353915\" data-element_type=\"widget\" data-settings=\"{&quot;layout&quot;:&quot;horizontal&quot;,&quot;submenu_icon&quot;:{&quot;value&quot;:&quot;&lt;i class=\\&quot;fas fa-caret-down\\&quot;&gt;&lt;\\\/i&gt;&quot;,&quot;library&quot;:&quot;fa-solid&quot;}}\" data-widget_type=\"nav-menu.default\">\n\t\t\t\t<div class=\"elementor-widget-container\">\n\t\t\t\t\t\t\t\t<nav aria-label=\"Men\u00fc\" class=\"elementor-nav-menu--main elementor-nav-menu__container elementor-nav-menu--layout-horizontal e--pointer-none\">\n\t\t\t\t<ul id=\"menu-1-a353915\" class=\"elementor-nav-menu\"><li class=\"menu-item menu-item-type-post_type menu-item-object-page menu-item-17690\"><a href=\"https:\/\/pmp-germany.de\/es\/pmp-alemania\/productos\/centa\/\" class=\"elementor-item\">CENTA<\/a><\/li>\n<li class=\"menu-item menu-item-type-post_type menu-item-object-page menu-item-14632\"><a href=\"https:\/\/pmp-germany.de\/es\/pmp-alemania\/productos\/pmp-individual\/\" class=\"elementor-item\">PMP Individual<\/a><\/li>\n<li class=\"menu-item menu-item-type-post_type menu-item-object-page menu-item-14633\"><a href=\"https:\/\/pmp-germany.de\/es\/pmp-alemania\/productos\/flender\/\" class=\"elementor-item\">FLENDER<\/a><\/li>\n<li class=\"menu-item menu-item-type-post_type menu-item-object-page menu-item-14634\"><a href=\"https:\/\/pmp-germany.de\/es\/pmp-alemania\/productos\/reich\/\" class=\"elementor-item\">REICH<\/a><\/li>\n<li class=\"menu-item menu-item-type-post_type menu-item-object-page menu-item-14635\"><a href=\"https:\/\/pmp-germany.de\/es\/pmp-alemania\/productos\/rw\/\" class=\"elementor-item\">R+W<\/a><\/li>\n<li class=\"menu-item menu-item-type-post_type menu-item-object-page menu-item-14636\"><a href=\"https:\/\/pmp-germany.de\/es\/pmp-alemania\/productos\/stromag\/\" class=\"elementor-item\">STROMAG<\/a><\/li>\n<li class=\"menu-item menu-item-type-post_type menu-item-object-page menu-item-14638\"><a href=\"https:\/\/pmp-germany.de\/es\/pmp-alemania\/productos\/vulkan\/\" class=\"elementor-item\">VULKAN<\/a><\/li>\n<\/ul>\t\t\t<\/nav>\n\t\t\t\t\t\t<nav class=\"elementor-nav-menu--dropdown elementor-nav-menu__container\" aria-hidden=\"true\">\n\t\t\t\t<ul id=\"menu-2-a353915\" class=\"elementor-nav-menu\"><li class=\"menu-item menu-item-type-post_type menu-item-object-page menu-item-17690\"><a href=\"https:\/\/pmp-germany.de\/es\/pmp-alemania\/productos\/centa\/\" class=\"elementor-item\" tabindex=\"-1\">CENTA<\/a><\/li>\n<li class=\"menu-item menu-item-type-post_type menu-item-object-page menu-item-14632\"><a href=\"https:\/\/pmp-germany.de\/es\/pmp-alemania\/productos\/pmp-individual\/\" class=\"elementor-item\" tabindex=\"-1\">PMP Individual<\/a><\/li>\n<li class=\"menu-item menu-item-type-post_type menu-item-object-page menu-item-14633\"><a href=\"https:\/\/pmp-germany.de\/es\/pmp-alemania\/productos\/flender\/\" class=\"elementor-item\" tabindex=\"-1\">FLENDER<\/a><\/li>\n<li class=\"menu-item menu-item-type-post_type menu-item-object-page menu-item-14634\"><a href=\"https:\/\/pmp-germany.de\/es\/pmp-alemania\/productos\/reich\/\" class=\"elementor-item\" tabindex=\"-1\">REICH<\/a><\/li>\n<li class=\"menu-item menu-item-type-post_type menu-item-object-page menu-item-14635\"><a href=\"https:\/\/pmp-germany.de\/es\/pmp-alemania\/productos\/rw\/\" class=\"elementor-item\" tabindex=\"-1\">R+W<\/a><\/li>\n<li class=\"menu-item menu-item-type-post_type menu-item-object-page menu-item-14636\"><a href=\"https:\/\/pmp-germany.de\/es\/pmp-alemania\/productos\/stromag\/\" class=\"elementor-item\" tabindex=\"-1\">STROMAG<\/a><\/li>\n<li class=\"menu-item menu-item-type-post_type menu-item-object-page menu-item-14638\"><a href=\"https:\/\/pmp-germany.de\/es\/pmp-alemania\/productos\/vulkan\/\" class=\"elementor-item\" tabindex=\"-1\">VULKAN<\/a><\/li>\n<\/ul>\t\t\t<\/nav>\n\t\t\t\t\t\t<\/div>\n\t\t\t\t<\/div>\n\t\t\t\t<\/div>\n\t\t\t\t<\/div>\n\t\t<div class=\"elementor-element elementor-element-d692e59 e-flex e-con-boxed e-con e-parent\" data-id=\"d692e59\" data-element_type=\"container\">\n\t\t\t\t\t<div class=\"e-con-inner\">\n\t\t\t\t<div class=\"elementor-element elementor-element-af341af h2-strich-links2 elementor-widget__width-initial elementor-widget-mobile__width-initial elementor-widget elementor-widget-heading\" data-id=\"af341af\" data-element_type=\"widget\" data-widget_type=\"heading.default\">\n\t\t\t\t<div class=\"elementor-widget-container\">\n\t\t\t\t\t<h2 class=\"elementor-heading-title elementor-size-default\">Acoplamientos <b>individuales PMP<\/b>\n<\/h2>\t\t\t\t<\/div>\n\t\t\t\t<\/div>\n\t\t\t\t\t<\/div>\n\t\t\t\t<\/div>\n\t\t<div class=\"elementor-element elementor-element-58f9946 e-flex e-con-boxed e-con e-parent\" data-id=\"58f9946\" data-element_type=\"container\">\n\t\t\t\t\t<div class=\"e-con-inner\">\n\t\t<div class=\"elementor-element elementor-element-8df2842 e-con-full e-flex e-con e-child\" data-id=\"8df2842\" data-element_type=\"container\">\n\t\t\t\t<div class=\"elementor-element elementor-element-0006f7a elementor-widget__width-initial elementor-widget elementor-widget-text-editor\" data-id=\"0006f7a\" data-element_type=\"widget\" data-widget_type=\"text-editor.default\">\n\t\t\t\t<div class=\"elementor-widget-container\">\n\t\t\t\t\t\t\t\t\t<p class=\"text-[12.8px] font-[300] leading-[20px] tracking-[.256px] lg:text-[16px] lg:font-[300] lg:leading-[24px] lg:tracking-[.32px] xl:text-[20px] xl:font-[300] xl:leading-[32px] xl:tracking-[.4px]\">Un embrague adecuado y correctamente configurado o dise\u00f1ado es la pieza correcta del rompecabezas para su aplicaci\u00f3n o m\u00e1quina, que debe y tiene que mantener su funcionamiento. \u00bfQuiz\u00e1s ha instalado una soluci\u00f3n de embrague que s\u00f3lo lo hace de forma limitada y, por lo tanto, debe sustituirse con m\u00e1s frecuencia de lo que normalmente ser\u00eda necesario? \u00bfO tiene una nueva situaci\u00f3n de dise\u00f1o o instalaci\u00f3n para la que todav\u00eda hay que dise\u00f1ar y calcular un acoplamiento adecuado? Bajo la marca PMP Individual, encontraremos la soluci\u00f3n adecuada para usted y, con la ayuda de nuestros ingenieros cualificados y nuestra amplia red, elaboraremos el acoplamiento adecuado para usted. Por ejemplo, podemos ayudarle a reconfigurar su embrague existente y adaptar los componentes individuales para un rendimiento \u00f3ptimo de funcionamiento, o podemos seleccionar un sistema de embrague completamente nuevo con su apoyo. Tras una inspecci\u00f3n\/evaluaci\u00f3n inicial de su situaci\u00f3n y condiciones de instalaci\u00f3n individuales, el dise\u00f1o del embrague se basa en un c\u00e1lculo de vibraciones de torsi\u00f3n (TVC) o, si es necesario, en un an\u00e1lisis de vibraciones de torsi\u00f3n (TVA).     <\/p><p class=\"text-[12.8px] font-[300] leading-[20px] tracking-[.256px] lg:text-[16px] lg:font-[300] lg:leading-[24px] lg:tracking-[.32px] xl:text-[20px] xl:font-[300] xl:leading-[32px] xl:tracking-[.4px]\">Estos c\u00e1lculos pueden realizarse a partir de sus datos, que usted nos facilita con ayuda de nuestro cuestionario adecuado a su \u00e1mbito de aplicaci\u00f3n y que nosotros procesamos en consecuencia. (Encontrar\u00e1 todos los cuestionarios para el dise\u00f1o de un acoplamiento en la secci\u00f3n de descargas). La evaluaci\u00f3n final se pone a su disposici\u00f3n en combinaci\u00f3n con un dibujo del acoplamiento para que lo compruebe. Ya sea in situ, por tel\u00e9fono\/correo electr\u00f3nico o en nuestras instalaciones, esperamos poder ayudarle en este asunto y colaborar con usted para desarrollar una soluci\u00f3n de accionamiento a su medida.   <\/p>\t\t\t\t\t\t\t\t<\/div>\n\t\t\t\t<\/div>\n\t\t\t\t<\/div>\n\t\t<div class=\"elementor-element elementor-element-02286b1 e-con-full e-flex e-con e-child\" data-id=\"02286b1\" data-element_type=\"container\">\n\t\t\t\t<div class=\"elementor-element elementor-element-ba406b7 elementor-widget elementor-widget-image\" data-id=\"ba406b7\" data-element_type=\"widget\" data-widget_type=\"image.default\">\n\t\t\t\t<div class=\"elementor-widget-container\">\n\t\t\t\t\t\t\t\t\t\t\t\t\t\t\t<img decoding=\"async\" width=\"800\" height=\"176\" src=\"https:\/\/pmp-germany.de\/wp-content\/uploads\/2025\/05\/PMP_Logo_Individual_final-1024x225.png\" class=\"attachment-large size-large wp-image-11395\" alt=\"\" srcset=\"https:\/\/pmp-germany.de\/wp-content\/uploads\/2025\/05\/PMP_Logo_Individual_final-1024x225.png 1024w, https:\/\/pmp-germany.de\/wp-content\/uploads\/2025\/05\/PMP_Logo_Individual_final-300x66.png 300w, https:\/\/pmp-germany.de\/wp-content\/uploads\/2025\/05\/PMP_Logo_Individual_final-768x169.png 768w, https:\/\/pmp-germany.de\/wp-content\/uploads\/2025\/05\/PMP_Logo_Individual_final-1536x337.png 1536w, https:\/\/pmp-germany.de\/wp-content\/uploads\/2025\/05\/PMP_Logo_Individual_final-2048x450.png 2048w\" sizes=\"(max-width: 800px) 100vw, 800px\" \/>\t\t\t\t\t\t\t\t\t\t\t\t\t\t\t<\/div>\n\t\t\t\t<\/div>\n\t\t\t\t<\/div>\n\t\t\t\t\t<\/div>\n\t\t\t\t<\/div>\n\t\t<div class=\"elementor-element elementor-element-10c8872 e-flex e-con-boxed e-con e-parent\" data-id=\"10c8872\" data-element_type=\"container\">\n\t\t\t\t\t<div class=\"e-con-inner\">\n\t\t<div class=\"elementor-element elementor-element-dcb0cc6 e-con-full e-flex e-con e-child\" data-id=\"dcb0cc6\" data-element_type=\"container\">\n\t\t\t\t<div class=\"elementor-element elementor-element-1bb747a ipx-button-schwarz elementor-widget elementor-widget-button\" data-id=\"1bb747a\" data-element_type=\"widget\" data-widget_type=\"button.default\">\n\t\t\t\t<div class=\"elementor-widget-container\">\n\t\t\t\t\t\t\t\t\t<div class=\"elementor-button-wrapper\">\n\t\t\t\t\t<a class=\"elementor-button elementor-button-link elementor-size-sm\" href=\"\/kontakt\">\n\t\t\t\t\t\t<span class=\"elementor-button-content-wrapper\">\n\t\t\t\t\t\t<span class=\"elementor-button-icon\">\n\t\t\t\t<svg xmlns=\"http:\/\/www.w3.org\/2000\/svg\" fill=\"none\" height=\"24\" viewBox=\"0 0 24 24\" width=\"24\"><path d=\"M1 23L23 1M23 1H3.44444M23 1V20.5556\" stroke=\"currentColor\"><\/path><\/svg>\t\t\t<\/span>\n\t\t\t\t\t\t\t\t\t<span class=\"elementor-button-text\">Solicite un presupuesto ahora<\/span>\n\t\t\t\t\t<\/span>\n\t\t\t\t\t<\/a>\n\t\t\t\t<\/div>\n\t\t\t\t\t\t\t\t<\/div>\n\t\t\t\t<\/div>\n\t\t\t\t<\/div>\n\t\t\t\t\t<\/div>\n\t\t\t\t<\/div>\n\t\t\t\t<\/div>\n\t\t","protected":false},"excerpt":{"rendered":"<p>Acoplamientos individuales PMP Un embrague adecuado y correctamente configurado o dise\u00f1ado es la pieza correcta del rompecabezas para su aplicaci\u00f3n o m\u00e1quina, que debe y tiene que mantener su funcionamiento. \u00bfQuiz\u00e1s ha instalado una soluci\u00f3n de embrague que s\u00f3lo lo hace de forma limitada y, por lo tanto, debe sustituirse con m\u00e1s frecuencia de lo [&hellip;]<\/p>\n","protected":false},"author":1,"featured_media":0,"parent":11569,"menu_order":0,"comment_status":"closed","ping_status":"closed","template":"","meta":{"footnotes":""},"class_list":["post-14072","page","type-page","status-publish","hentry"],"yoast_head":"<!-- This site is optimized with the Yoast SEO plugin v25.3.1 - https:\/\/yoast.com\/wordpress\/plugins\/seo\/ -->\n<title>PMP Individual - PMP Germany | Kupplungen<\/title>\n<meta name=\"robots\" content=\"index, follow, max-snippet:-1, max-image-preview:large, max-video-preview:-1\" \/>\n<link rel=\"canonical\" href=\"https:\/\/pmp-germany.de\/es\/pmp-alemania\/productos\/pmp-individual\/\" \/>\n<meta property=\"og:locale\" content=\"es_ES\" \/>\n<meta property=\"og:type\" content=\"article\" \/>\n<meta property=\"og:title\" content=\"PMP Individual - PMP Germany | Kupplungen\" \/>\n<meta property=\"og:description\" content=\"Acoplamientos individuales PMP Un embrague adecuado y correctamente configurado o dise\u00f1ado es la pieza correcta del rompecabezas para su aplicaci\u00f3n o m\u00e1quina, que debe y tiene que mantener su funcionamiento. \u00bfQuiz\u00e1s ha instalado una soluci\u00f3n de embrague que s\u00f3lo lo hace de forma limitada y, por lo tanto, debe sustituirse con m\u00e1s frecuencia de lo [&hellip;]\" \/>\n<meta property=\"og:url\" content=\"https:\/\/pmp-germany.de\/es\/pmp-alemania\/productos\/pmp-individual\/\" \/>\n<meta property=\"og:site_name\" content=\"PMP Germany | Kupplungen\" \/>\n<meta property=\"article:modified_time\" content=\"2025-05-13T15:41:43+00:00\" \/>\n<meta property=\"og:image\" content=\"http:\/\/pmp-germany.de\/wp-content\/uploads\/2025\/02\/Bildschirmfoto-2025-02-14-um-13.52.32.png\" \/>\n<meta name=\"twitter:card\" content=\"summary_large_image\" \/>\n<meta name=\"twitter:label1\" content=\"Tiempo de lectura\" \/>\n\t<meta name=\"twitter:data1\" content=\"2 minutos\" \/>\n<script type=\"application\/ld+json\" class=\"yoast-schema-graph\">{\"@context\":\"https:\/\/schema.org\",\"@graph\":[{\"@type\":\"WebPage\",\"@id\":\"https:\/\/pmp-germany.de\/es\/pmp-alemania\/productos\/pmp-individual\/\",\"url\":\"https:\/\/pmp-germany.de\/es\/pmp-alemania\/productos\/pmp-individual\/\",\"name\":\"PMP Individual - PMP Germany | Kupplungen\",\"isPartOf\":{\"@id\":\"https:\/\/pmp-germany.de\/es\/#website\"},\"primaryImageOfPage\":{\"@id\":\"https:\/\/pmp-germany.de\/es\/pmp-alemania\/productos\/pmp-individual\/#primaryimage\"},\"image\":{\"@id\":\"https:\/\/pmp-germany.de\/es\/pmp-alemania\/productos\/pmp-individual\/#primaryimage\"},\"thumbnailUrl\":\"http:\/\/pmp-germany.de\/wp-content\/uploads\/2025\/02\/Bildschirmfoto-2025-02-14-um-13.52.32.png\",\"datePublished\":\"2025-03-18T09:09:37+00:00\",\"dateModified\":\"2025-05-13T15:41:43+00:00\",\"breadcrumb\":{\"@id\":\"https:\/\/pmp-germany.de\/es\/pmp-alemania\/productos\/pmp-individual\/#breadcrumb\"},\"inLanguage\":\"es\",\"potentialAction\":[{\"@type\":\"ReadAction\",\"target\":[\"https:\/\/pmp-germany.de\/es\/pmp-alemania\/productos\/pmp-individual\/\"]}]},{\"@type\":\"ImageObject\",\"inLanguage\":\"es\",\"@id\":\"https:\/\/pmp-germany.de\/es\/pmp-alemania\/productos\/pmp-individual\/#primaryimage\",\"url\":\"http:\/\/pmp-germany.de\/wp-content\/uploads\/2025\/02\/Bildschirmfoto-2025-02-14-um-13.52.32.png\",\"contentUrl\":\"http:\/\/pmp-germany.de\/wp-content\/uploads\/2025\/02\/Bildschirmfoto-2025-02-14-um-13.52.32.png\"},{\"@type\":\"BreadcrumbList\",\"@id\":\"https:\/\/pmp-germany.de\/es\/pmp-alemania\/productos\/pmp-individual\/#breadcrumb\",\"itemListElement\":[{\"@type\":\"ListItem\",\"position\":1,\"name\":\"Startseite\",\"item\":\"https:\/\/pmp-germany.de\/es\/\"},{\"@type\":\"ListItem\",\"position\":2,\"name\":\"PMP-Alemania\",\"item\":\"https:\/\/pmp-germany.de\/es\/pmp-germany\/\"},{\"@type\":\"ListItem\",\"position\":3,\"name\":\"productos\",\"item\":\"https:\/\/pmp-germany.de\/es\/pmp-germany\/products\/\"},{\"@type\":\"ListItem\",\"position\":4,\"name\":\"PMP Individual\"}]},{\"@type\":\"WebSite\",\"@id\":\"https:\/\/pmp-germany.de\/es\/#website\",\"url\":\"https:\/\/pmp-germany.de\/es\/\",\"name\":\"PMP Germany | Kupplungen\",\"description\":\"Wir liefern Kupplungen\",\"potentialAction\":[{\"@type\":\"SearchAction\",\"target\":{\"@type\":\"EntryPoint\",\"urlTemplate\":\"https:\/\/pmp-germany.de\/es\/?s={search_term_string}\"},\"query-input\":{\"@type\":\"PropertyValueSpecification\",\"valueRequired\":true,\"valueName\":\"search_term_string\"}}],\"inLanguage\":\"es\"}]}<\/script>\n<!-- \/ Yoast SEO plugin. -->","yoast_head_json":{"title":"PMP Individual - PMP Germany | Kupplungen","robots":{"index":"index","follow":"follow","max-snippet":"max-snippet:-1","max-image-preview":"max-image-preview:large","max-video-preview":"max-video-preview:-1"},"canonical":"https:\/\/pmp-germany.de\/es\/pmp-alemania\/productos\/pmp-individual\/","og_locale":"es_ES","og_type":"article","og_title":"PMP Individual - PMP Germany | Kupplungen","og_description":"Acoplamientos individuales PMP Un embrague adecuado y correctamente configurado o dise\u00f1ado es la pieza correcta del rompecabezas para su aplicaci\u00f3n o m\u00e1quina, que debe y tiene que mantener su funcionamiento. \u00bfQuiz\u00e1s ha instalado una soluci\u00f3n de embrague que s\u00f3lo lo hace de forma limitada y, por lo tanto, debe sustituirse con m\u00e1s frecuencia de lo [&hellip;]","og_url":"https:\/\/pmp-germany.de\/es\/pmp-alemania\/productos\/pmp-individual\/","og_site_name":"PMP Germany | Kupplungen","article_modified_time":"2025-05-13T15:41:43+00:00","og_image":[{"url":"http:\/\/pmp-germany.de\/wp-content\/uploads\/2025\/02\/Bildschirmfoto-2025-02-14-um-13.52.32.png","type":"","width":"","height":""}],"twitter_card":"summary_large_image","twitter_misc":{"Tiempo de lectura":"2 minutos"},"schema":{"@context":"https:\/\/schema.org","@graph":[{"@type":"WebPage","@id":"https:\/\/pmp-germany.de\/es\/pmp-alemania\/productos\/pmp-individual\/","url":"https:\/\/pmp-germany.de\/es\/pmp-alemania\/productos\/pmp-individual\/","name":"PMP Individual - PMP Germany | Kupplungen","isPartOf":{"@id":"https:\/\/pmp-germany.de\/es\/#website"},"primaryImageOfPage":{"@id":"https:\/\/pmp-germany.de\/es\/pmp-alemania\/productos\/pmp-individual\/#primaryimage"},"image":{"@id":"https:\/\/pmp-germany.de\/es\/pmp-alemania\/productos\/pmp-individual\/#primaryimage"},"thumbnailUrl":"http:\/\/pmp-germany.de\/wp-content\/uploads\/2025\/02\/Bildschirmfoto-2025-02-14-um-13.52.32.png","datePublished":"2025-03-18T09:09:37+00:00","dateModified":"2025-05-13T15:41:43+00:00","breadcrumb":{"@id":"https:\/\/pmp-germany.de\/es\/pmp-alemania\/productos\/pmp-individual\/#breadcrumb"},"inLanguage":"es","potentialAction":[{"@type":"ReadAction","target":["https:\/\/pmp-germany.de\/es\/pmp-alemania\/productos\/pmp-individual\/"]}]},{"@type":"ImageObject","inLanguage":"es","@id":"https:\/\/pmp-germany.de\/es\/pmp-alemania\/productos\/pmp-individual\/#primaryimage","url":"http:\/\/pmp-germany.de\/wp-content\/uploads\/2025\/02\/Bildschirmfoto-2025-02-14-um-13.52.32.png","contentUrl":"http:\/\/pmp-germany.de\/wp-content\/uploads\/2025\/02\/Bildschirmfoto-2025-02-14-um-13.52.32.png"},{"@type":"BreadcrumbList","@id":"https:\/\/pmp-germany.de\/es\/pmp-alemania\/productos\/pmp-individual\/#breadcrumb","itemListElement":[{"@type":"ListItem","position":1,"name":"Startseite","item":"https:\/\/pmp-germany.de\/es\/"},{"@type":"ListItem","position":2,"name":"PMP-Alemania","item":"https:\/\/pmp-germany.de\/es\/pmp-germany\/"},{"@type":"ListItem","position":3,"name":"productos","item":"https:\/\/pmp-germany.de\/es\/pmp-germany\/products\/"},{"@type":"ListItem","position":4,"name":"PMP Individual"}]},{"@type":"WebSite","@id":"https:\/\/pmp-germany.de\/es\/#website","url":"https:\/\/pmp-germany.de\/es\/","name":"PMP Germany | Kupplungen","description":"Wir liefern Kupplungen","potentialAction":[{"@type":"SearchAction","target":{"@type":"EntryPoint","urlTemplate":"https:\/\/pmp-germany.de\/es\/?s={search_term_string}"},"query-input":{"@type":"PropertyValueSpecification","valueRequired":true,"valueName":"search_term_string"}}],"inLanguage":"es"}]}},"_links":{"self":[{"href":"https:\/\/pmp-germany.de\/es\/wp-json\/wp\/v2\/pages\/14072","targetHints":{"allow":["GET"]}}],"collection":[{"href":"https:\/\/pmp-germany.de\/es\/wp-json\/wp\/v2\/pages"}],"about":[{"href":"https:\/\/pmp-germany.de\/es\/wp-json\/wp\/v2\/types\/page"}],"author":[{"embeddable":true,"href":"https:\/\/pmp-germany.de\/es\/wp-json\/wp\/v2\/users\/1"}],"replies":[{"embeddable":true,"href":"https:\/\/pmp-germany.de\/es\/wp-json\/wp\/v2\/comments?post=14072"}],"version-history":[{"count":1,"href":"https:\/\/pmp-germany.de\/es\/wp-json\/wp\/v2\/pages\/14072\/revisions"}],"predecessor-version":[{"id":14074,"href":"https:\/\/pmp-germany.de\/es\/wp-json\/wp\/v2\/pages\/14072\/revisions\/14074"}],"up":[{"embeddable":true,"href":"https:\/\/pmp-germany.de\/es\/wp-json\/wp\/v2\/pages\/11569"}],"wp:attachment":[{"href":"https:\/\/pmp-germany.de\/es\/wp-json\/wp\/v2\/media?parent=14072"}],"curies":[{"name":"wp","href":"https:\/\/api.w.org\/{rel}","templated":true}]}}