{"id":13303,"date":"2025-04-23T13:08:16","date_gmt":"2025-04-23T11:08:16","guid":{"rendered":"https:\/\/pmp-germany.de\/carrera-profesional\/"},"modified":"2025-05-13T17:37:04","modified_gmt":"2025-05-13T15:37:04","slug":"carrera-profesional","status":"publish","type":"page","link":"https:\/\/pmp-germany.de\/es\/carrera-profesional\/","title":{"rendered":"Carrera profesional"},"content":{"rendered":"\t\t<div data-elementor-type=\"wp-page\" data-elementor-id=\"13303\" class=\"elementor elementor-13303 elementor-4659\" data-elementor-post-type=\"page\">\n\t\t\t\t<div class=\"elementor-element elementor-element-2c4c73b e-con-full elementor-hidden-mobile e-flex e-con e-parent\" data-id=\"2c4c73b\" data-element_type=\"container\" data-settings=\"{&quot;background_background&quot;:&quot;classic&quot;,&quot;sticky&quot;:&quot;top&quot;,&quot;sticky_on&quot;:[&quot;desktop&quot;,&quot;tablet&quot;,&quot;mobile&quot;],&quot;sticky_offset&quot;:0,&quot;sticky_effects_offset&quot;:0,&quot;sticky_anchor_link_offset&quot;:0}\">\n\t\t<div class=\"elementor-element elementor-element-d160953 e-con-full e-flex e-con e-child\" data-id=\"d160953\" data-element_type=\"container\">\n\t\t\t\t<div class=\"elementor-element elementor-element-8f5232e elementor-widget elementor-widget-image\" data-id=\"8f5232e\" data-element_type=\"widget\" data-widget_type=\"image.default\">\n\t\t\t\t<div class=\"elementor-widget-container\">\n\t\t\t\t\t\t\t\t\t\t\t\t\t\t\t\t<a href=\"\/pmp-germany\">\n\t\t\t\t\t\t\t<img decoding=\"async\" width=\"622\" height=\"162\" src=\"https:\/\/pmp-germany.de\/wp-content\/uploads\/2025\/02\/Bildschirmfoto-2025-02-14-um-13.52.32.png\" class=\"attachment-large size-large wp-image-7685\" alt=\"\" srcset=\"https:\/\/pmp-germany.de\/wp-content\/uploads\/2025\/02\/Bildschirmfoto-2025-02-14-um-13.52.32.png 622w, https:\/\/pmp-germany.de\/wp-content\/uploads\/2025\/02\/Bildschirmfoto-2025-02-14-um-13.52.32-300x78.png 300w\" sizes=\"(max-width: 622px) 100vw, 622px\" \/>\t\t\t\t\t\t\t\t<\/a>\n\t\t\t\t\t\t\t\t\t\t\t\t\t\t\t<\/div>\n\t\t\t\t<\/div>\n\t\t\t\t<\/div>\n\t\t\t\t<\/div>\n\t\t<div class=\"elementor-element elementor-element-b6d153a e-flex e-con-boxed e-con e-parent\" data-id=\"b6d153a\" data-element_type=\"container\">\n\t\t\t\t\t<div class=\"e-con-inner\">\n\t\t<div class=\"elementor-element elementor-element-ea3d5a3 e-con-full e-flex e-con e-child\" data-id=\"ea3d5a3\" data-element_type=\"container\">\n\t\t\t\t<div class=\"elementor-element elementor-element-9e918b8 h2-strich-links2 elementor-widget elementor-widget-heading\" data-id=\"9e918b8\" data-element_type=\"widget\" data-widget_type=\"heading.default\">\n\t\t\t\t<div class=\"elementor-widget-container\">\n\t\t\t\t\t<h2 class=\"elementor-heading-title elementor-size-default\">Carrera profesional<\/h2>\t\t\t\t<\/div>\n\t\t\t\t<\/div>\n\t\t\t\t<\/div>\n\t\t\t\t\t<\/div>\n\t\t\t\t<\/div>\n\t\t<div class=\"elementor-element elementor-element-03d6b8e e-grid e-con-boxed e-con e-parent\" data-id=\"03d6b8e\" data-element_type=\"container\">\n\t\t\t\t\t<div class=\"e-con-inner\">\n\t\t<div class=\"elementor-element elementor-element-480bd24 e-con-full e-flex e-con e-child\" data-id=\"480bd24\" data-element_type=\"container\">\n\t\t<a class=\"elementor-element elementor-element-0a92f2d e-con-full ipx-box-hover-bild e-flex e-con e-child\" data-id=\"0a92f2d\" data-element_type=\"container\" data-settings=\"{&quot;background_background&quot;:&quot;classic&quot;}\" href=\"https:\/\/pmp-germany.de\/es\/ventas-internas-m-f-d\/\" target=\"_blank\">\n\t\t\t\t<div class=\"elementor-element elementor-element-0b3cc0c elementor-widget elementor-widget-text-editor\" data-id=\"0b3cc0c\" data-element_type=\"widget\" data-widget_type=\"text-editor.default\">\n\t\t\t\t<div class=\"elementor-widget-container\">\n\t\t\t\t\t\t\t\t\t<p><strong>\u00a1ESTAMOS CONTRATANDO!<\/strong><br>Ventas internas (h\/m\/d)<\/p>\t\t\t\t\t\t\t\t<\/div>\n\t\t\t\t<\/div>\n\t\t\t\t<\/a>\n\t\t\t\t<div class=\"elementor-element elementor-element-9fb83d0 ipx-button-schwarz elementor-align-center elementor-widget-tablet__width-auto elementor-widget elementor-widget-button\" data-id=\"9fb83d0\" data-element_type=\"widget\" data-widget_type=\"button.default\">\n\t\t\t\t<div class=\"elementor-widget-container\">\n\t\t\t\t\t\t\t\t\t<div class=\"elementor-button-wrapper\">\n\t\t\t\t\t<a class=\"elementor-button elementor-button-link elementor-size-sm\" href=\"https:\/\/pmp-germany.de\/es\/ventas-internas-m-f-d\/\">\n\t\t\t\t\t\t<span class=\"elementor-button-content-wrapper\">\n\t\t\t\t\t\t<span class=\"elementor-button-icon\">\n\t\t\t\t<svg xmlns=\"http:\/\/www.w3.org\/2000\/svg\" fill=\"none\" height=\"32\" viewBox=\"0 0 32 32\" width=\"32\"><path d=\"M16 0V32M0 16H32\" stroke=\"currentColor\"><\/path><\/svg>\t\t\t<\/span>\n\t\t\t\t\t\t\t\t\t<span class=\"elementor-button-text\">M\u00e1s informaci\u00f3n<\/span>\n\t\t\t\t\t<\/span>\n\t\t\t\t\t<\/a>\n\t\t\t\t<\/div>\n\t\t\t\t\t\t\t\t<\/div>\n\t\t\t\t<\/div>\n\t\t\t\t<\/div>\n\t\t<div class=\"elementor-element elementor-element-429fdf0 e-con-full e-flex e-con e-child\" data-id=\"429fdf0\" data-element_type=\"container\">\n\t\t<a class=\"elementor-element elementor-element-d30f7e7 e-con-full ipx-box-hover-bild e-flex e-con e-child\" data-id=\"d30f7e7\" data-element_type=\"container\" data-settings=\"{&quot;background_background&quot;:&quot;classic&quot;}\" href=\"https:\/\/pmp-germany.de\/es\/especialista-en-logistica-de-almacenes\/\" target=\"_blank\">\n\t\t\t\t<div class=\"elementor-element elementor-element-e57140e elementor-widget elementor-widget-text-editor\" data-id=\"e57140e\" data-element_type=\"widget\" data-widget_type=\"text-editor.default\">\n\t\t\t\t<div class=\"elementor-widget-container\">\n\t\t\t\t\t\t\t\t\t<p><strong>ESTAMOS BUSCANDO<\/strong><br>Especialista en log\u00edstica de almac\u00e9n (h\/m\/d)<\/p>\t\t\t\t\t\t\t\t<\/div>\n\t\t\t\t<\/div>\n\t\t\t\t<\/a>\n\t\t\t\t<div class=\"elementor-element elementor-element-d683d7c ipx-button-schwarz elementor-align-center elementor-widget-tablet__width-auto elementor-widget elementor-widget-button\" data-id=\"d683d7c\" data-element_type=\"widget\" data-widget_type=\"button.default\">\n\t\t\t\t<div class=\"elementor-widget-container\">\n\t\t\t\t\t\t\t\t\t<div class=\"elementor-button-wrapper\">\n\t\t\t\t\t<a class=\"elementor-button elementor-button-link elementor-size-sm\" href=\"https:\/\/pmp-germany.de\/es\/especialista-en-logistica-de-almacenes\/\">\n\t\t\t\t\t\t<span class=\"elementor-button-content-wrapper\">\n\t\t\t\t\t\t<span class=\"elementor-button-icon\">\n\t\t\t\t<svg xmlns=\"http:\/\/www.w3.org\/2000\/svg\" fill=\"none\" height=\"32\" viewBox=\"0 0 32 32\" width=\"32\"><path d=\"M16 0V32M0 16H32\" stroke=\"currentColor\"><\/path><\/svg>\t\t\t<\/span>\n\t\t\t\t\t\t\t\t\t<span class=\"elementor-button-text\">M\u00e1s informaci\u00f3n<\/span>\n\t\t\t\t\t<\/span>\n\t\t\t\t\t<\/a>\n\t\t\t\t<\/div>\n\t\t\t\t\t\t\t\t<\/div>\n\t\t\t\t<\/div>\n\t\t\t\t<\/div>\n\t\t<div class=\"elementor-element elementor-element-7775833 e-con-full e-flex e-con e-child\" data-id=\"7775833\" data-element_type=\"container\">\n\t\t<a class=\"elementor-element elementor-element-34f7fcf e-con-full ipx-box-hover-bild e-flex e-con e-child\" data-id=\"34f7fcf\" data-element_type=\"container\" data-settings=\"{&quot;background_background&quot;:&quot;classic&quot;}\" href=\"https:\/\/pmp-germany.de\/es\/montador-de-servicio-de-tecnologia-de-propulsion-marina\/\" target=\"_blank\">\n\t\t\t\t<div class=\"elementor-element elementor-element-6184416 elementor-widget elementor-widget-text-editor\" data-id=\"6184416\" data-element_type=\"widget\" data-widget_type=\"text-editor.default\">\n\t\t\t\t<div class=\"elementor-widget-container\">\n\t\t\t\t\t\t\t\t\t<p><strong>ESTAMOS CONTRAYENDO<\/strong><br>(Service) Fitter &#8211; Marine Drive Technology (m\/f\/d)<\/p>\t\t\t\t\t\t\t\t<\/div>\n\t\t\t\t<\/div>\n\t\t\t\t<\/a>\n\t\t\t\t<div class=\"elementor-element elementor-element-35ee80f ipx-button-schwarz elementor-align-center elementor-widget-tablet__width-auto elementor-widget elementor-widget-button\" data-id=\"35ee80f\" data-element_type=\"widget\" data-widget_type=\"button.default\">\n\t\t\t\t<div class=\"elementor-widget-container\">\n\t\t\t\t\t\t\t\t\t<div class=\"elementor-button-wrapper\">\n\t\t\t\t\t<a class=\"elementor-button elementor-button-link elementor-size-sm\" href=\"https:\/\/pmp-germany.de\/es\/montador-de-servicio-de-tecnologia-de-propulsion-marina\/\">\n\t\t\t\t\t\t<span class=\"elementor-button-content-wrapper\">\n\t\t\t\t\t\t<span class=\"elementor-button-icon\">\n\t\t\t\t<svg xmlns=\"http:\/\/www.w3.org\/2000\/svg\" fill=\"none\" height=\"32\" viewBox=\"0 0 32 32\" width=\"32\"><path d=\"M16 0V32M0 16H32\" stroke=\"currentColor\"><\/path><\/svg>\t\t\t<\/span>\n\t\t\t\t\t\t\t\t\t<span class=\"elementor-button-text\">M\u00e1s informaci\u00f3n<\/span>\n\t\t\t\t\t<\/span>\n\t\t\t\t\t<\/a>\n\t\t\t\t<\/div>\n\t\t\t\t\t\t\t\t<\/div>\n\t\t\t\t<\/div>\n\t\t\t\t<\/div>\n\t\t\t\t\t<\/div>\n\t\t\t\t<\/div>\n\t\t\t\t<\/div>\n\t\t","protected":false},"excerpt":{"rendered":"<p>Carrera profesional \u00a1ESTAMOS CONTRATANDO!Ventas internas (h\/m\/d) M\u00e1s informaci\u00f3n ESTAMOS BUSCANDOEspecialista en log\u00edstica de almac\u00e9n (h\/m\/d) M\u00e1s informaci\u00f3n ESTAMOS CONTRAYENDO(Service) Fitter &#8211; Marine Drive Technology (m\/f\/d) M\u00e1s informaci\u00f3n<\/p>\n","protected":false},"author":1,"featured_media":0,"parent":0,"menu_order":0,"comment_status":"closed","ping_status":"closed","template":"","meta":{"footnotes":""},"class_list":["post-13303","page","type-page","status-publish","hentry"],"yoast_head":"<!-- This site is optimized with the Yoast SEO plugin v25.3.1 - https:\/\/yoast.com\/wordpress\/plugins\/seo\/ -->\n<title>Carrera profesional - PMP Germany | Kupplungen<\/title>\n<meta name=\"robots\" content=\"index, follow, max-snippet:-1, max-image-preview:large, max-video-preview:-1\" \/>\n<link rel=\"canonical\" href=\"https:\/\/pmp-germany.de\/es\/carrera-profesional\/\" \/>\n<meta property=\"og:locale\" content=\"es_ES\" \/>\n<meta property=\"og:type\" content=\"article\" \/>\n<meta property=\"og:title\" content=\"Carrera profesional - PMP Germany | Kupplungen\" \/>\n<meta property=\"og:description\" content=\"Carrera profesional \u00a1ESTAMOS CONTRATANDO!Ventas internas (h\/m\/d) M\u00e1s informaci\u00f3n ESTAMOS BUSCANDOEspecialista en log\u00edstica de almac\u00e9n (h\/m\/d) M\u00e1s informaci\u00f3n ESTAMOS CONTRAYENDO(Service) Fitter &#8211; Marine Drive Technology (m\/f\/d) M\u00e1s informaci\u00f3n\" \/>\n<meta property=\"og:url\" content=\"https:\/\/pmp-germany.de\/es\/carrera-profesional\/\" \/>\n<meta property=\"og:site_name\" content=\"PMP Germany | Kupplungen\" \/>\n<meta property=\"article:modified_time\" content=\"2025-05-13T15:37:04+00:00\" \/>\n<meta property=\"og:image\" content=\"http:\/\/pmp-germany.de\/wp-content\/uploads\/2025\/02\/Bildschirmfoto-2025-02-14-um-13.52.32.png\" \/>\n<meta name=\"twitter:card\" content=\"summary_large_image\" \/>\n<script type=\"application\/ld+json\" class=\"yoast-schema-graph\">{\"@context\":\"https:\/\/schema.org\",\"@graph\":[{\"@type\":\"WebPage\",\"@id\":\"https:\/\/pmp-germany.de\/es\/carrera-profesional\/\",\"url\":\"https:\/\/pmp-germany.de\/es\/carrera-profesional\/\",\"name\":\"Carrera profesional - PMP Germany | Kupplungen\",\"isPartOf\":{\"@id\":\"https:\/\/pmp-germany.de\/es\/#website\"},\"primaryImageOfPage\":{\"@id\":\"https:\/\/pmp-germany.de\/es\/carrera-profesional\/#primaryimage\"},\"image\":{\"@id\":\"https:\/\/pmp-germany.de\/es\/carrera-profesional\/#primaryimage\"},\"thumbnailUrl\":\"http:\/\/pmp-germany.de\/wp-content\/uploads\/2025\/02\/Bildschirmfoto-2025-02-14-um-13.52.32.png\",\"datePublished\":\"2025-04-23T11:08:16+00:00\",\"dateModified\":\"2025-05-13T15:37:04+00:00\",\"breadcrumb\":{\"@id\":\"https:\/\/pmp-germany.de\/es\/carrera-profesional\/#breadcrumb\"},\"inLanguage\":\"es\",\"potentialAction\":[{\"@type\":\"ReadAction\",\"target\":[\"https:\/\/pmp-germany.de\/es\/carrera-profesional\/\"]}]},{\"@type\":\"ImageObject\",\"inLanguage\":\"es\",\"@id\":\"https:\/\/pmp-germany.de\/es\/carrera-profesional\/#primaryimage\",\"url\":\"http:\/\/pmp-germany.de\/wp-content\/uploads\/2025\/02\/Bildschirmfoto-2025-02-14-um-13.52.32.png\",\"contentUrl\":\"http:\/\/pmp-germany.de\/wp-content\/uploads\/2025\/02\/Bildschirmfoto-2025-02-14-um-13.52.32.png\"},{\"@type\":\"BreadcrumbList\",\"@id\":\"https:\/\/pmp-germany.de\/es\/carrera-profesional\/#breadcrumb\",\"itemListElement\":[{\"@type\":\"ListItem\",\"position\":1,\"name\":\"Startseite\",\"item\":\"https:\/\/pmp-germany.de\/es\/\"},{\"@type\":\"ListItem\",\"position\":2,\"name\":\"Carrera profesional\"}]},{\"@type\":\"WebSite\",\"@id\":\"https:\/\/pmp-germany.de\/es\/#website\",\"url\":\"https:\/\/pmp-germany.de\/es\/\",\"name\":\"PMP Germany | Kupplungen\",\"description\":\"Wir liefern Kupplungen\",\"potentialAction\":[{\"@type\":\"SearchAction\",\"target\":{\"@type\":\"EntryPoint\",\"urlTemplate\":\"https:\/\/pmp-germany.de\/es\/?s={search_term_string}\"},\"query-input\":{\"@type\":\"PropertyValueSpecification\",\"valueRequired\":true,\"valueName\":\"search_term_string\"}}],\"inLanguage\":\"es\"}]}<\/script>\n<!-- \/ Yoast SEO plugin. -->","yoast_head_json":{"title":"Carrera profesional - PMP Germany | Kupplungen","robots":{"index":"index","follow":"follow","max-snippet":"max-snippet:-1","max-image-preview":"max-image-preview:large","max-video-preview":"max-video-preview:-1"},"canonical":"https:\/\/pmp-germany.de\/es\/carrera-profesional\/","og_locale":"es_ES","og_type":"article","og_title":"Carrera profesional - PMP Germany | Kupplungen","og_description":"Carrera profesional \u00a1ESTAMOS CONTRATANDO!Ventas internas (h\/m\/d) M\u00e1s informaci\u00f3n ESTAMOS BUSCANDOEspecialista en log\u00edstica de almac\u00e9n (h\/m\/d) M\u00e1s informaci\u00f3n ESTAMOS CONTRAYENDO(Service) Fitter &#8211; Marine Drive Technology (m\/f\/d) M\u00e1s informaci\u00f3n","og_url":"https:\/\/pmp-germany.de\/es\/carrera-profesional\/","og_site_name":"PMP Germany | Kupplungen","article_modified_time":"2025-05-13T15:37:04+00:00","og_image":[{"url":"http:\/\/pmp-germany.de\/wp-content\/uploads\/2025\/02\/Bildschirmfoto-2025-02-14-um-13.52.32.png","type":"","width":"","height":""}],"twitter_card":"summary_large_image","schema":{"@context":"https:\/\/schema.org","@graph":[{"@type":"WebPage","@id":"https:\/\/pmp-germany.de\/es\/carrera-profesional\/","url":"https:\/\/pmp-germany.de\/es\/carrera-profesional\/","name":"Carrera profesional - PMP Germany | Kupplungen","isPartOf":{"@id":"https:\/\/pmp-germany.de\/es\/#website"},"primaryImageOfPage":{"@id":"https:\/\/pmp-germany.de\/es\/carrera-profesional\/#primaryimage"},"image":{"@id":"https:\/\/pmp-germany.de\/es\/carrera-profesional\/#primaryimage"},"thumbnailUrl":"http:\/\/pmp-germany.de\/wp-content\/uploads\/2025\/02\/Bildschirmfoto-2025-02-14-um-13.52.32.png","datePublished":"2025-04-23T11:08:16+00:00","dateModified":"2025-05-13T15:37:04+00:00","breadcrumb":{"@id":"https:\/\/pmp-germany.de\/es\/carrera-profesional\/#breadcrumb"},"inLanguage":"es","potentialAction":[{"@type":"ReadAction","target":["https:\/\/pmp-germany.de\/es\/carrera-profesional\/"]}]},{"@type":"ImageObject","inLanguage":"es","@id":"https:\/\/pmp-germany.de\/es\/carrera-profesional\/#primaryimage","url":"http:\/\/pmp-germany.de\/wp-content\/uploads\/2025\/02\/Bildschirmfoto-2025-02-14-um-13.52.32.png","contentUrl":"http:\/\/pmp-germany.de\/wp-content\/uploads\/2025\/02\/Bildschirmfoto-2025-02-14-um-13.52.32.png"},{"@type":"BreadcrumbList","@id":"https:\/\/pmp-germany.de\/es\/carrera-profesional\/#breadcrumb","itemListElement":[{"@type":"ListItem","position":1,"name":"Startseite","item":"https:\/\/pmp-germany.de\/es\/"},{"@type":"ListItem","position":2,"name":"Carrera profesional"}]},{"@type":"WebSite","@id":"https:\/\/pmp-germany.de\/es\/#website","url":"https:\/\/pmp-germany.de\/es\/","name":"PMP Germany | Kupplungen","description":"Wir liefern Kupplungen","potentialAction":[{"@type":"SearchAction","target":{"@type":"EntryPoint","urlTemplate":"https:\/\/pmp-germany.de\/es\/?s={search_term_string}"},"query-input":{"@type":"PropertyValueSpecification","valueRequired":true,"valueName":"search_term_string"}}],"inLanguage":"es"}]}},"_links":{"self":[{"href":"https:\/\/pmp-germany.de\/es\/wp-json\/wp\/v2\/pages\/13303","targetHints":{"allow":["GET"]}}],"collection":[{"href":"https:\/\/pmp-germany.de\/es\/wp-json\/wp\/v2\/pages"}],"about":[{"href":"https:\/\/pmp-germany.de\/es\/wp-json\/wp\/v2\/types\/page"}],"author":[{"embeddable":true,"href":"https:\/\/pmp-germany.de\/es\/wp-json\/wp\/v2\/users\/1"}],"replies":[{"embeddable":true,"href":"https:\/\/pmp-germany.de\/es\/wp-json\/wp\/v2\/comments?post=13303"}],"version-history":[{"count":1,"href":"https:\/\/pmp-germany.de\/es\/wp-json\/wp\/v2\/pages\/13303\/revisions"}],"predecessor-version":[{"id":13306,"href":"https:\/\/pmp-germany.de\/es\/wp-json\/wp\/v2\/pages\/13303\/revisions\/13306"}],"wp:attachment":[{"href":"https:\/\/pmp-germany.de\/es\/wp-json\/wp\/v2\/media?parent=13303"}],"curies":[{"name":"wp","href":"https:\/\/api.w.org\/{rel}","templated":true}]}}