{"id":13256,"date":"2025-04-23T13:28:35","date_gmt":"2025-04-23T11:28:35","guid":{"rendered":"https:\/\/pmp-germany.de\/servicemontoer-drevteknologi-marine\/"},"modified":"2025-05-14T10:19:33","modified_gmt":"2025-05-14T08:19:33","slug":"servicemontoer-drevteknologi-marine","status":"publish","type":"page","link":"https:\/\/pmp-germany.de\/da\/karriere\/servicemontoer-drevteknologi-marine\/","title":{"rendered":"Servicemont\u00f8r drevteknologi marine"},"content":{"rendered":"\t\t<div data-elementor-type=\"wp-page\" data-elementor-id=\"13256\" class=\"elementor elementor-13256 elementor-4708\" data-elementor-post-type=\"page\">\n\t\t\t\t<div class=\"elementor-element elementor-element-4da6a43 e-con-full elementor-hidden-mobile e-flex e-con e-parent\" data-id=\"4da6a43\" data-element_type=\"container\" data-settings=\"{&quot;background_background&quot;:&quot;classic&quot;,&quot;sticky&quot;:&quot;top&quot;,&quot;sticky_on&quot;:[&quot;desktop&quot;,&quot;tablet&quot;,&quot;mobile&quot;],&quot;sticky_offset&quot;:0,&quot;sticky_effects_offset&quot;:0,&quot;sticky_anchor_link_offset&quot;:0}\">\n\t\t<div class=\"elementor-element elementor-element-4c9ab0e e-con-full e-flex e-con e-child\" data-id=\"4c9ab0e\" data-element_type=\"container\">\n\t\t\t\t<div class=\"elementor-element elementor-element-522158a elementor-widget elementor-widget-image\" data-id=\"522158a\" data-element_type=\"widget\" data-widget_type=\"image.default\">\n\t\t\t\t<div class=\"elementor-widget-container\">\n\t\t\t\t\t\t\t\t\t\t\t\t\t\t\t\t<a href=\"\/pmp-germany\">\n\t\t\t\t\t\t\t<img decoding=\"async\" width=\"622\" height=\"162\" src=\"https:\/\/pmp-germany.de\/wp-content\/uploads\/2025\/02\/Bildschirmfoto-2025-02-14-um-13.52.32.png\" class=\"attachment-large size-large wp-image-7679\" alt=\"\" srcset=\"https:\/\/pmp-germany.de\/wp-content\/uploads\/2025\/02\/Bildschirmfoto-2025-02-14-um-13.52.32.png 622w, https:\/\/pmp-germany.de\/wp-content\/uploads\/2025\/02\/Bildschirmfoto-2025-02-14-um-13.52.32-300x78.png 300w\" sizes=\"(max-width: 622px) 100vw, 622px\" \/>\t\t\t\t\t\t\t\t<\/a>\n\t\t\t\t\t\t\t\t\t\t\t\t\t\t\t<\/div>\n\t\t\t\t<\/div>\n\t\t\t\t<\/div>\n\t\t<div class=\"elementor-element elementor-element-93caf91 e-con-full e-flex e-con e-child\" data-id=\"93caf91\" data-element_type=\"container\">\n\t\t\t\t<\/div>\n\t\t\t\t<\/div>\n\t\t<div class=\"elementor-element elementor-element-f4131e9 e-flex e-con-boxed e-con e-parent\" data-id=\"f4131e9\" data-element_type=\"container\" data-settings=\"{&quot;background_background&quot;:&quot;classic&quot;}\">\n\t\t\t\t\t<div class=\"e-con-inner\">\n\t\t\t\t\t<\/div>\n\t\t\t\t<\/div>\n\t\t<div class=\"elementor-element elementor-element-d29ea86 e-flex e-con-boxed e-con e-parent\" data-id=\"d29ea86\" data-element_type=\"container\">\n\t\t\t\t\t<div class=\"e-con-inner\">\n\t\t<div class=\"elementor-element elementor-element-bbe216f e-con-full e-flex e-con e-child\" data-id=\"bbe216f\" data-element_type=\"container\">\n\t\t\t\t<div class=\"elementor-element elementor-element-60cfd01 h2-strich-links2 elementor-widget__width-initial elementor-widget-mobile__width-initial elementor-widget elementor-widget-heading\" data-id=\"60cfd01\" data-element_type=\"widget\" data-widget_type=\"heading.default\">\n\t\t\t\t<div class=\"elementor-widget-container\">\n\t\t\t\t\t<h2 class=\"elementor-heading-title elementor-size-default\">(Service)mont\u00f8r - marine drevteknologi (m\/k\/d)<\/h2>\t\t\t\t<\/div>\n\t\t\t\t<\/div>\n\t\t\t\t<\/div>\n\t\t\t\t\t<\/div>\n\t\t\t\t<\/div>\n\t\t<div class=\"elementor-element elementor-element-ae8fb6f e-grid e-con-boxed e-con e-parent\" data-id=\"ae8fb6f\" data-element_type=\"container\">\n\t\t\t\t\t<div class=\"e-con-inner\">\n\t\t<div class=\"elementor-element elementor-element-f33107d e-con-full e-flex e-con e-child\" data-id=\"f33107d\" data-element_type=\"container\">\n\t\t\t\t<div class=\"elementor-element elementor-element-3fd33ec elementor-widget__width-initial elementor-widget-mobile__width-initial elementor-widget elementor-widget-text-editor\" data-id=\"3fd33ec\" data-element_type=\"widget\" data-widget_type=\"text-editor.default\">\n\t\t\t\t<div class=\"elementor-widget-container\">\n\t\t\t\t\t\t\t\t\t<div class=\"mb-7 flex w-full flex-col gap-3\"><div class=\"mb-7 flex w-full flex-col gap-3\"><div class=\"mb-7 flex w-full flex-col gap-3\"><div class=\"mb-7 flex w-full flex-col gap-3\"><p class=\"text-[12.8px] font-[300] leading-[20px] tracking-[.256px] lg:text-[16px] lg:font-[300] lg:leading-[24px] lg:tracking-[.32px] xl:text-[20px] xl:font-[300] xl:leading-[32px] xl:tracking-[.4px]\">Vi er en ung, meget dynamisk og voksende gruppe af virksomheder inden for drevteknologisektoren og \u00f8nsker at styrke vores interne salgsteam med \u00f8jeblikkelig virkning. Hvis du er p\u00e5 udkig efter en ny udfordring og virkelig \u00f8nsker at hj\u00e6lpe os med at forts\u00e6tte med at vokse, s\u00e5 er du kommet til det rette sted. <\/p><\/div><p class=\"text-[20px] font-[600] leading-[32px] mt-6 mb-2\"><strong>Hvad har du t\u00e6nkt dig at g\u00f8re?<\/strong><\/p><div class=\"mb-7 flex w-full flex-col gap-3\"><ul><li><p class=\"text-[12.8px] font-[300] leading-[20px] tracking-[.256px] lg:text-[16px] lg:font-[300] lg:leading-[24px] lg:tracking-[.32px] xl:text-[20px] xl:font-[300] xl:leading-[32px] xl:tracking-[.4px]\">Udf\u00f8relse af opg\u00f8relser, fejlanalyser og udbedring af disse<\/p><\/li><li><p class=\"text-[12.8px] font-[300] leading-[20px] tracking-[.256px] lg:text-[16px] lg:font-[300] lg:leading-[24px] lg:tracking-[.32px] xl:text-[20px] xl:font-[300] xl:leading-[32px] xl:tracking-[.4px]\">Reparationer, servicearbejde, justeringsm\u00e5linger af mekaniske koblinger og kontrol p\u00e5 stedet af relaterede systeml\u00f8sninger hos vores kunder<\/p><\/li><li><p class=\"text-[12.8px] font-[300] leading-[20px] tracking-[.256px] lg:text-[16px] lg:font-[300] lg:leading-[24px] lg:tracking-[.32px] xl:text-[20px] xl:font-[300] xl:leading-[32px] xl:tracking-[.4px]\">Montering og reparation af samlinger og koblinger i virksomhedens hovedkvarter i Erkrath og p\u00e5 stedet hos kunden<\/p><\/li><li><p class=\"text-[12.8px] font-[300] leading-[20px] tracking-[.256px] lg:text-[16px] lg:font-[300] lg:leading-[24px] lg:tracking-[.32px] xl:text-[20px] xl:font-[300] xl:leading-[32px] xl:tracking-[.4px]\">Kvalificeret og anvendelsesorienteret r\u00e5dgivning og support til kunder, ogs\u00e5 via telefon<\/p><\/li><li><p class=\"text-[12.8px] font-[300] leading-[20px] tracking-[.256px] lg:text-[16px] lg:font-[300] lg:leading-[24px] lg:tracking-[.32px] xl:text-[20px] xl:font-[300] xl:leading-[32px] xl:tracking-[.4px]\">Udarbejdelse af alle n\u00f8dvendige rapporter, fotodokumentation og m\u00e5leresultater<\/p><\/li><li><p class=\"text-[12.8px] font-[300] leading-[20px] tracking-[.256px] lg:text-[16px] lg:font-[300] lg:leading-[24px] lg:tracking-[.32px] xl:text-[20px] xl:font-[300] xl:leading-[32px] xl:tracking-[.4px]\">St\u00f8tte salgsteamet med tekniske sp\u00f8rgsm\u00e5l<\/p><\/li><li><p class=\"text-[12.8px] font-[300] leading-[20px] tracking-[.256px] lg:text-[16px] lg:font-[300] lg:leading-[24px] lg:tracking-[.32px] xl:text-[20px] xl:font-[300] xl:leading-[32px] xl:tracking-[.4px]\">Kommunikation med leverand\u00f8rer og underleverand\u00f8rer<\/p><\/li><\/ul><\/div><\/div><\/div><\/div>\t\t\t\t\t\t\t\t<\/div>\n\t\t\t\t<\/div>\n\t\t\t\t<div class=\"elementor-element elementor-element-7107bf7 ipx-button-schwarz elementor-align-left elementor-widget elementor-widget-button\" data-id=\"7107bf7\" data-element_type=\"widget\" data-widget_type=\"button.default\">\n\t\t\t\t<div class=\"elementor-widget-container\">\n\t\t\t\t\t\t\t\t\t<div class=\"elementor-button-wrapper\">\n\t\t\t\t\t<a class=\"elementor-button elementor-button-link elementor-size-sm\" href=\"https:\/\/pmp-germany.de\/da\/pmp-tyskland\/kontakt-os\/\">\n\t\t\t\t\t\t<span class=\"elementor-button-content-wrapper\">\n\t\t\t\t\t\t<span class=\"elementor-button-icon\">\n\t\t\t\t<svg xmlns=\"http:\/\/www.w3.org\/2000\/svg\" fill=\"none\" height=\"24\" viewBox=\"0 0 24 24\" width=\"24\"><path d=\"M1 23L23 1M23 1H3.44444M23 1V20.5556\" stroke=\"currentColor\"><\/path><\/svg>\t\t\t<\/span>\n\t\t\t\t\t\t\t\t\t<span class=\"elementor-button-text\">Ans\u00f8g nu!<\/span>\n\t\t\t\t\t<\/span>\n\t\t\t\t\t<\/a>\n\t\t\t\t<\/div>\n\t\t\t\t\t\t\t\t<\/div>\n\t\t\t\t<\/div>\n\t\t\t\t<\/div>\n\t\t<div class=\"elementor-element elementor-element-7540a27 e-con-full e-flex e-con e-child\" data-id=\"7540a27\" data-element_type=\"container\">\n\t\t\t\t<div class=\"elementor-element elementor-element-aa0be35 elementor-widget__width-initial elementor-widget-tablet__width-initial elementor-widget elementor-widget-text-editor\" data-id=\"aa0be35\" data-element_type=\"widget\" data-widget_type=\"text-editor.default\">\n\t\t\t\t<div class=\"elementor-widget-container\">\n\t\t\t\t\t\t\t\t\t<p class=\"text-[20px] font-[600] leading-[32px] mt-6 mb-2\"><strong>Hvad tager du med dig?<\/strong><\/p><div class=\"mb-7 flex w-full flex-col gap-3\"><ul><li><p class=\"text-[12.8px] font-[300] leading-[20px] tracking-[.256px] lg:text-[16px] lg:font-[300] lg:leading-[24px] lg:tracking-[.32px] xl:text-[20px] xl:font-[300] xl:leading-[32px] xl:tracking-[.4px]\">Afsluttet uddannelse som industrimekaniker \/ mekatroniktekniker eller tilsvarende og flere \u00e5rs erhvervserfaring<\/p><\/li><li><p class=\"text-[12.8px] font-[300] leading-[20px] tracking-[.256px] lg:text-[16px] lg:font-[300] lg:leading-[24px] lg:tracking-[.32px] xl:text-[20px] xl:font-[300] xl:leading-[32px] xl:tracking-[.4px]\">Ideelt set erfaring med service, helst inden for drevteknologi<\/p><\/li><li><p class=\"text-[12.8px] font-[300] leading-[20px] tracking-[.256px] lg:text-[16px] lg:font-[300] lg:leading-[24px] lg:tracking-[.32px] xl:text-[20px] xl:font-[300] xl:leading-[32px] xl:tracking-[.4px]\">P\u00e5lidelig arbejdsstil, fleksibilitet og villighed til at rejse<\/p><\/li><li><p class=\"text-[12.8px] font-[300] leading-[20px] tracking-[.256px] lg:text-[16px] lg:font-[300] lg:leading-[24px] lg:tracking-[.32px] xl:text-[20px] xl:font-[300] xl:leading-[32px] xl:tracking-[.4px]\">\u00c5ben og udadvendt &#8220;type&#8221; med h\u00f8j kundeorientering<\/p><\/li><li><p class=\"text-[12.8px] font-[300] leading-[20px] tracking-[.256px] lg:text-[16px] lg:font-[300] lg:leading-[24px] lg:tracking-[.32px] xl:text-[20px] xl:font-[300] xl:leading-[32px] xl:tracking-[.4px]\">God kommerciel forst\u00e5else og sikker h\u00e5ndtering af MS Office<\/p><\/li><li><p class=\"text-[12.8px] font-[300] leading-[20px] tracking-[.256px] lg:text-[16px] lg:font-[300] lg:leading-[24px] lg:tracking-[.32px] xl:text-[20px] xl:font-[300] xl:leading-[32px] xl:tracking-[.4px]\">Erfaring inden for drejning, r\u00f8mning og boring vil v\u00e6re et plus<\/p><\/li><li><p class=\"text-[12.8px] font-[300] leading-[20px] tracking-[.256px] lg:text-[16px] lg:font-[300] lg:leading-[24px] lg:tracking-[.32px] xl:text-[20px] xl:font-[300] xl:leading-[32px] xl:tracking-[.4px]\">Beredskab til eventuelle akutte serviceopgaver uden for normal arbejdstid<\/p><\/li><li><p class=\"text-[12.8px] font-[300] leading-[20px] tracking-[.256px] lg:text-[16px] lg:font-[300] lg:leading-[24px] lg:tracking-[.32px] xl:text-[20px] xl:font-[300] xl:leading-[32px] xl:tracking-[.4px]\">Klasse B-k\u00f8rekort<\/p><\/li><li><p class=\"text-[12.8px] font-[300] leading-[20px] tracking-[.256px] lg:text-[16px] lg:font-[300] lg:leading-[24px] lg:tracking-[.32px] xl:text-[20px] xl:font-[300] xl:leading-[32px] xl:tracking-[.4px]\">Tysk i skrift og tale<\/p><\/li><\/ul><p class=\"text-[12.8px] font-[300] leading-[20px] tracking-[.256px] lg:text-[16px] lg:font-[300] lg:leading-[24px] lg:tracking-[.32px] xl:text-[20px] xl:font-[300] xl:leading-[32px] xl:tracking-[.4px]\"> <\/p><\/div><p class=\"text-[20px] font-[600] leading-[32px] mt-6 mb-2\"><strong>Hvad kan du forvente?<\/strong><\/p><div class=\"mb-7 flex w-full flex-col gap-3\"><ul><li><p class=\"text-[12.8px] font-[300] leading-[20px] tracking-[.256px] lg:text-[16px] lg:font-[300] lg:leading-[24px] lg:tracking-[.32px] xl:text-[20px] xl:font-[300] xl:leading-[32px] xl:tracking-[.4px]\">Flade hierarkier med en livlig &#8220;Du&#8217;z-kultur&#8221;<\/p><\/li><li><p class=\"text-[12.8px] font-[300] leading-[20px] tracking-[.256px] lg:text-[16px] lg:font-[300] lg:leading-[24px] lg:tracking-[.32px] xl:text-[20px] xl:font-[300] xl:leading-[32px] xl:tracking-[.4px]\">Muligheder for videreuddannelse<\/p><\/li><li><p class=\"text-[12.8px] font-[300] leading-[20px] tracking-[.256px] lg:text-[16px] lg:font-[300] lg:leading-[24px] lg:tracking-[.32px] xl:text-[20px] xl:font-[300] xl:leading-[32px] xl:tracking-[.4px]\">Forskellige teamevents<\/p><\/li><li><p class=\"text-[12.8px] font-[300] leading-[20px] tracking-[.256px] lg:text-[16px] lg:font-[300] lg:leading-[24px] lg:tracking-[.32px] xl:text-[20px] xl:font-[300] xl:leading-[32px] xl:tracking-[.4px]\">30 dages \u00e5rlig ferie<\/p><\/li><li><p class=\"text-[12.8px] font-[300] leading-[20px] tracking-[.256px] lg:text-[16px] lg:font-[300] lg:leading-[24px] lg:tracking-[.32px] xl:text-[20px] xl:font-[300] xl:leading-[32px] xl:tracking-[.4px]\">Tillidsbaseret arbejdstid<\/p><\/li><\/ul><p class=\"text-[12.8px] font-[300] leading-[20px] tracking-[.256px] lg:text-[16px] lg:font-[300] lg:leading-[24px] lg:tracking-[.32px] xl:text-[20px] xl:font-[300] xl:leading-[32px] xl:tracking-[.4px]\"> <\/p><\/div><div class=\"mt-10 lg:mt-20\"><div class=\"mb-7 flex w-full flex-col gap-3\"><p class=\"text-[12.8px] font-[300] leading-[20px] tracking-[.256px] lg:text-[16px] lg:font-[300] lg:leading-[24px] lg:tracking-[.32px] xl:text-[20px] xl:font-[300] xl:leading-[32px] xl:tracking-[.4px]\">Hvis du kan genkende dig selv i denne beskrivelse, ser vi frem til at modtage dine komplette dokumenter (inklusive l\u00f8nforventninger og opsigelsesperiode) p\u00e5 <a class=\"text-[12.8px] font-[300] leading-[20px] tracking-[.256px] lg:text-[16px] lg:font-[300] lg:leading-[24px] lg:tracking-[.32px] xl:text-[20px] xl:font-[300] xl:leading-[32px] xl:tracking-[.4px] underline\" href=\"mailto:karriere@pmp-germany.de\">karriere@pmp-germany.de.<\/a><\/p><\/div><\/div>\t\t\t\t\t\t\t\t<\/div>\n\t\t\t\t<\/div>\n\t\t\t\t<\/div>\n\t\t\t\t\t<\/div>\n\t\t\t\t<\/div>\n\t\t\t\t<\/div>\n\t\t","protected":false},"excerpt":{"rendered":"<p>(Service)mont\u00f8r &#8211; marine drevteknologi (m\/k\/d) Vi er en ung, meget dynamisk og voksende gruppe af virksomheder inden for drevteknologisektoren og \u00f8nsker at styrke vores interne salgsteam med \u00f8jeblikkelig virkning. Hvis du er p\u00e5 udkig efter en ny udfordring og virkelig \u00f8nsker at hj\u00e6lpe os med at forts\u00e6tte med at vokse, s\u00e5 er du kommet til [&hellip;]<\/p>\n","protected":false},"author":1,"featured_media":0,"parent":13317,"menu_order":0,"comment_status":"closed","ping_status":"closed","template":"","meta":{"footnotes":""},"class_list":["post-13256","page","type-page","status-publish","hentry"],"yoast_head":"<!-- This site is optimized with the Yoast SEO plugin v25.3.1 - https:\/\/yoast.com\/wordpress\/plugins\/seo\/ -->\n<title>Servicemont\u00f8r drevteknologi marine - PMP Germany | Kupplungen<\/title>\n<meta name=\"robots\" content=\"index, follow, max-snippet:-1, max-image-preview:large, max-video-preview:-1\" \/>\n<link rel=\"canonical\" href=\"https:\/\/pmp-germany.de\/da\/karriere\/servicemontoer-drevteknologi-marine\/\" \/>\n<meta property=\"og:locale\" content=\"da_DK\" \/>\n<meta property=\"og:type\" content=\"article\" \/>\n<meta property=\"og:title\" content=\"Servicemont\u00f8r drevteknologi marine - PMP Germany | Kupplungen\" \/>\n<meta property=\"og:description\" content=\"(Service)mont\u00f8r &#8211; marine drevteknologi (m\/k\/d) Vi er en ung, meget dynamisk og voksende gruppe af virksomheder inden for drevteknologisektoren og \u00f8nsker at styrke vores interne salgsteam med \u00f8jeblikkelig virkning. Hvis du er p\u00e5 udkig efter en ny udfordring og virkelig \u00f8nsker at hj\u00e6lpe os med at forts\u00e6tte med at vokse, s\u00e5 er du kommet til [&hellip;]\" \/>\n<meta property=\"og:url\" content=\"https:\/\/pmp-germany.de\/da\/karriere\/servicemontoer-drevteknologi-marine\/\" \/>\n<meta property=\"og:site_name\" content=\"PMP Germany | Kupplungen\" \/>\n<meta property=\"article:modified_time\" content=\"2025-05-14T08:19:33+00:00\" \/>\n<meta property=\"og:image\" content=\"http:\/\/pmp-germany.de\/wp-content\/uploads\/2025\/02\/Bildschirmfoto-2025-02-14-um-13.52.32.png\" \/>\n<meta name=\"twitter:card\" content=\"summary_large_image\" \/>\n<meta name=\"twitter:label1\" content=\"Estimeret l\u00e6setid\" \/>\n\t<meta name=\"twitter:data1\" content=\"1 minut\" \/>\n<script type=\"application\/ld+json\" class=\"yoast-schema-graph\">{\"@context\":\"https:\/\/schema.org\",\"@graph\":[{\"@type\":\"WebPage\",\"@id\":\"https:\/\/pmp-germany.de\/da\/karriere\/servicemontoer-drevteknologi-marine\/\",\"url\":\"https:\/\/pmp-germany.de\/da\/karriere\/servicemontoer-drevteknologi-marine\/\",\"name\":\"Servicemont\u00f8r drevteknologi marine - PMP Germany | Kupplungen\",\"isPartOf\":{\"@id\":\"https:\/\/pmp-germany.de\/da\/#website\"},\"primaryImageOfPage\":{\"@id\":\"https:\/\/pmp-germany.de\/da\/karriere\/servicemontoer-drevteknologi-marine\/#primaryimage\"},\"image\":{\"@id\":\"https:\/\/pmp-germany.de\/da\/karriere\/servicemontoer-drevteknologi-marine\/#primaryimage\"},\"thumbnailUrl\":\"http:\/\/pmp-germany.de\/wp-content\/uploads\/2025\/02\/Bildschirmfoto-2025-02-14-um-13.52.32.png\",\"datePublished\":\"2025-04-23T11:28:35+00:00\",\"dateModified\":\"2025-05-14T08:19:33+00:00\",\"breadcrumb\":{\"@id\":\"https:\/\/pmp-germany.de\/da\/karriere\/servicemontoer-drevteknologi-marine\/#breadcrumb\"},\"inLanguage\":\"da-DK\",\"potentialAction\":[{\"@type\":\"ReadAction\",\"target\":[\"https:\/\/pmp-germany.de\/da\/karriere\/servicemontoer-drevteknologi-marine\/\"]}]},{\"@type\":\"ImageObject\",\"inLanguage\":\"da-DK\",\"@id\":\"https:\/\/pmp-germany.de\/da\/karriere\/servicemontoer-drevteknologi-marine\/#primaryimage\",\"url\":\"http:\/\/pmp-germany.de\/wp-content\/uploads\/2025\/02\/Bildschirmfoto-2025-02-14-um-13.52.32.png\",\"contentUrl\":\"http:\/\/pmp-germany.de\/wp-content\/uploads\/2025\/02\/Bildschirmfoto-2025-02-14-um-13.52.32.png\"},{\"@type\":\"BreadcrumbList\",\"@id\":\"https:\/\/pmp-germany.de\/da\/karriere\/servicemontoer-drevteknologi-marine\/#breadcrumb\",\"itemListElement\":[{\"@type\":\"ListItem\",\"position\":1,\"name\":\"Startseite\",\"item\":\"https:\/\/pmp-germany.de\/da\/\"},{\"@type\":\"ListItem\",\"position\":2,\"name\":\"Karriere\",\"item\":\"https:\/\/pmp-germany.de\/da\/karriere\/\"},{\"@type\":\"ListItem\",\"position\":3,\"name\":\"Servicemont\u00f8r drevteknologi marine\"}]},{\"@type\":\"WebSite\",\"@id\":\"https:\/\/pmp-germany.de\/da\/#website\",\"url\":\"https:\/\/pmp-germany.de\/da\/\",\"name\":\"PMP Germany | Kupplungen\",\"description\":\"Wir liefern Kupplungen\",\"potentialAction\":[{\"@type\":\"SearchAction\",\"target\":{\"@type\":\"EntryPoint\",\"urlTemplate\":\"https:\/\/pmp-germany.de\/da\/?s={search_term_string}\"},\"query-input\":{\"@type\":\"PropertyValueSpecification\",\"valueRequired\":true,\"valueName\":\"search_term_string\"}}],\"inLanguage\":\"da-DK\"}]}<\/script>\n<!-- \/ Yoast SEO plugin. -->","yoast_head_json":{"title":"Servicemont\u00f8r drevteknologi marine - PMP Germany | Kupplungen","robots":{"index":"index","follow":"follow","max-snippet":"max-snippet:-1","max-image-preview":"max-image-preview:large","max-video-preview":"max-video-preview:-1"},"canonical":"https:\/\/pmp-germany.de\/da\/karriere\/servicemontoer-drevteknologi-marine\/","og_locale":"da_DK","og_type":"article","og_title":"Servicemont\u00f8r drevteknologi marine - PMP Germany | Kupplungen","og_description":"(Service)mont\u00f8r &#8211; marine drevteknologi (m\/k\/d) Vi er en ung, meget dynamisk og voksende gruppe af virksomheder inden for drevteknologisektoren og \u00f8nsker at styrke vores interne salgsteam med \u00f8jeblikkelig virkning. Hvis du er p\u00e5 udkig efter en ny udfordring og virkelig \u00f8nsker at hj\u00e6lpe os med at forts\u00e6tte med at vokse, s\u00e5 er du kommet til [&hellip;]","og_url":"https:\/\/pmp-germany.de\/da\/karriere\/servicemontoer-drevteknologi-marine\/","og_site_name":"PMP Germany | Kupplungen","article_modified_time":"2025-05-14T08:19:33+00:00","og_image":[{"url":"http:\/\/pmp-germany.de\/wp-content\/uploads\/2025\/02\/Bildschirmfoto-2025-02-14-um-13.52.32.png","type":"","width":"","height":""}],"twitter_card":"summary_large_image","twitter_misc":{"Estimeret l\u00e6setid":"1 minut"},"schema":{"@context":"https:\/\/schema.org","@graph":[{"@type":"WebPage","@id":"https:\/\/pmp-germany.de\/da\/karriere\/servicemontoer-drevteknologi-marine\/","url":"https:\/\/pmp-germany.de\/da\/karriere\/servicemontoer-drevteknologi-marine\/","name":"Servicemont\u00f8r drevteknologi marine - PMP Germany | Kupplungen","isPartOf":{"@id":"https:\/\/pmp-germany.de\/da\/#website"},"primaryImageOfPage":{"@id":"https:\/\/pmp-germany.de\/da\/karriere\/servicemontoer-drevteknologi-marine\/#primaryimage"},"image":{"@id":"https:\/\/pmp-germany.de\/da\/karriere\/servicemontoer-drevteknologi-marine\/#primaryimage"},"thumbnailUrl":"http:\/\/pmp-germany.de\/wp-content\/uploads\/2025\/02\/Bildschirmfoto-2025-02-14-um-13.52.32.png","datePublished":"2025-04-23T11:28:35+00:00","dateModified":"2025-05-14T08:19:33+00:00","breadcrumb":{"@id":"https:\/\/pmp-germany.de\/da\/karriere\/servicemontoer-drevteknologi-marine\/#breadcrumb"},"inLanguage":"da-DK","potentialAction":[{"@type":"ReadAction","target":["https:\/\/pmp-germany.de\/da\/karriere\/servicemontoer-drevteknologi-marine\/"]}]},{"@type":"ImageObject","inLanguage":"da-DK","@id":"https:\/\/pmp-germany.de\/da\/karriere\/servicemontoer-drevteknologi-marine\/#primaryimage","url":"http:\/\/pmp-germany.de\/wp-content\/uploads\/2025\/02\/Bildschirmfoto-2025-02-14-um-13.52.32.png","contentUrl":"http:\/\/pmp-germany.de\/wp-content\/uploads\/2025\/02\/Bildschirmfoto-2025-02-14-um-13.52.32.png"},{"@type":"BreadcrumbList","@id":"https:\/\/pmp-germany.de\/da\/karriere\/servicemontoer-drevteknologi-marine\/#breadcrumb","itemListElement":[{"@type":"ListItem","position":1,"name":"Startseite","item":"https:\/\/pmp-germany.de\/da\/"},{"@type":"ListItem","position":2,"name":"Karriere","item":"https:\/\/pmp-germany.de\/da\/karriere\/"},{"@type":"ListItem","position":3,"name":"Servicemont\u00f8r drevteknologi marine"}]},{"@type":"WebSite","@id":"https:\/\/pmp-germany.de\/da\/#website","url":"https:\/\/pmp-germany.de\/da\/","name":"PMP Germany | Kupplungen","description":"Wir liefern Kupplungen","potentialAction":[{"@type":"SearchAction","target":{"@type":"EntryPoint","urlTemplate":"https:\/\/pmp-germany.de\/da\/?s={search_term_string}"},"query-input":{"@type":"PropertyValueSpecification","valueRequired":true,"valueName":"search_term_string"}}],"inLanguage":"da-DK"}]}},"_links":{"self":[{"href":"https:\/\/pmp-germany.de\/da\/wp-json\/wp\/v2\/pages\/13256","targetHints":{"allow":["GET"]}}],"collection":[{"href":"https:\/\/pmp-germany.de\/da\/wp-json\/wp\/v2\/pages"}],"about":[{"href":"https:\/\/pmp-germany.de\/da\/wp-json\/wp\/v2\/types\/page"}],"author":[{"embeddable":true,"href":"https:\/\/pmp-germany.de\/da\/wp-json\/wp\/v2\/users\/1"}],"replies":[{"embeddable":true,"href":"https:\/\/pmp-germany.de\/da\/wp-json\/wp\/v2\/comments?post=13256"}],"version-history":[{"count":3,"href":"https:\/\/pmp-germany.de\/da\/wp-json\/wp\/v2\/pages\/13256\/revisions"}],"predecessor-version":[{"id":14458,"href":"https:\/\/pmp-germany.de\/da\/wp-json\/wp\/v2\/pages\/13256\/revisions\/14458"}],"up":[{"embeddable":true,"href":"https:\/\/pmp-germany.de\/da\/wp-json\/wp\/v2\/pages\/13317"}],"wp:attachment":[{"href":"https:\/\/pmp-germany.de\/da\/wp-json\/wp\/v2\/media?parent=13256"}],"curies":[{"name":"wp","href":"https:\/\/api.w.org\/{rel}","templated":true}]}}